{"id":915,"date":"2018-05-18T11:19:28","date_gmt":"2018-05-18T08:19:28","guid":{"rendered":"http:\/\/kirjalitta.fi\/?page_id=915"},"modified":"2018-10-24T14:32:43","modified_gmt":"2018-10-24T11:32:43","slug":"kirjalitta-2015","status":"publish","type":"page","link":"https:\/\/kirjalitta.fi\/kirjalitta\/ohjelma\/kirjalitta-2015\/","title":{"rendered":"Kirjalitta 2015"},"content":{"rendered":"<p><strong>Ohjelma<\/strong><\/p>\n<p><strong>2.10. -18.10. Lapset kirjoittavat kaupunkia -sanataiden\u00e4yttelyt<\/strong><\/p>\n<p>Sanataiden\u00e4yttelyt koostuvat Sanataideyhdistys Y\u00f6st\u00e4j\u00e4n oppilaiden teksteist\u00e4. N\u00e4yttelyt nostavat esiin lasten ja nuorten tekijyytt\u00e4 ja sanataideharrastusta sek\u00e4 el\u00e4v\u00f6itt\u00e4v\u00e4t kaupunkitilaa. N\u00e4yttelyt sijaitsevat viidess\u00e4 eri kaupunkikohteessa, joista tekstien teemat kumpuavat.<\/p>\n<p><strong>Lapset kirjoittavat kaupunkia -n\u00e4yttelyiden sijainnit:<\/strong><\/p>\n<p>1.<span style=\"font: 7pt 'Times New Roman'; margin: 0px; font-size-adjust: none; font-stretch: normal;\">\u00a0\u00a0\u00a0\u00a0\u00a0\u00a0 <\/span>Patosilta, rakkauslukot<\/p>\n<p>2.<span style=\"font: 7pt 'Times New Roman'; margin: 0px; font-size-adjust: none; font-stretch: normal;\">\u00a0\u00a0\u00a0\u00a0\u00a0\u00a0 <\/span>Sokoksen herkku, tavaratalo Sokos, H\u00e4meenkatu 21<\/p>\n<p>3.<span style=\"font: 7pt 'Times New Roman'; margin: 0px; font-size-adjust: none; font-stretch: normal;\">\u00a0\u00a0\u00a0\u00a0\u00a0\u00a0 <\/span>Rautatieasema, Rautatienkatu 25<\/p>\n<p>4.<span style=\"font: 7pt 'Times New Roman'; margin: 0px; font-size-adjust: none; font-stretch: normal;\">\u00a0\u00a0\u00a0\u00a0\u00a0\u00a0 <\/span>Tampere-talo (flyygeli), Yliopistonkatu 55<\/p>\n<p>5.<span style=\"font: 7pt 'Times New Roman'; margin: 0px; font-size-adjust: none; font-stretch: normal;\">\u00a0\u00a0\u00a0\u00a0\u00a0\u00a0 <\/span>Monitoimitalo 13, (3.kerros), Satakunnankatu 13<\/p>\n<p>N\u00e4yttelyss\u00e4 mukava olevat ryhm\u00e4t:<\/p>\n<p><em>Kirjaseikkailuryhm\u00e4<\/em> (yhteisty\u00f6ss\u00e4 Ahjolan kansanopisto)<br \/>\n<em>Sanataideryhm\u00e4 Siivet<\/em> (yhteisty\u00f6ss\u00e4 Pirkan opisto, Nokia)<br \/>\n<em>Sanataideryhm\u00e4 Mysteeri<\/em> (yhteisty\u00f6ss\u00e4 Yl\u00f6j\u00e4rven kaupunki).<\/p>\n<p><strong>12.- 16.10. Kysy, kirjailija vastaa<\/strong><\/p>\n<p>Kirjailijat Maria Turtschaninoff, Salla Simukka, Jari M\u00e4kip\u00e4\u00e4 sek\u00e4 Magdalena Hai vastaavat lukijoiden kysymyksiinne Ask.fm-palvelussa.<\/p>\n<p><strong>12.-16.10. Lastenkirjainstituutin n\u00e4yttely<\/strong><\/p>\n<p>Lastenkirjainstituutin n\u00e4yttelyss\u00e4 p\u00e4\u00e4set tutustumaan Tapani Baggen, Tuula Kallioniemen, Kirsti Kurosen, Satu Mattila-Laineen ja Sari Peltoniemen kirjoihin, ratkomaan salaisia viestej\u00e4 ja pohtimaan, ketk\u00e4 kirjojen henkil\u00f6t ovat toimineet kirjailijoina itsekin.<\/p>\n<p><strong>16.-17.10. Kirjavinkkariyhdistyksen kiertue <\/strong><\/p>\n<p>mm. Lastenkultturikeskus Rullassa ja Monitoimitalossa.<\/p>\n<p><strong>16.10. Lorukylvyt Tampereen neuvoloissa<\/strong><\/p>\n<p>Osana Kirjalitta-festivaali\u00e4 j\u00e4rjestet\u00e4\u00e4n lorukylpyj\u00e4 Tampereen neuvoloissa 6-24-kuisille lapsille vanhempineen. Toiminnan j\u00e4rjest\u00e4\u00e4 Tampereen kaupungin kulttuuripalvelut.<\/p>\n<p><strong>Lorukylpyjen aikataulu pe 16.10.:<\/strong><br \/>\nklo 9.00 Takahuhdin neuvola<br \/>\nklo 10.30 Kaukaj\u00e4rven neuvola<br \/>\nklo 12.00 Hervannan neuvolaklo 13.30 Lielahden neuvola<\/p>\n<p><strong>16.10. Lastenkirjaohjelmaa Rullassa<\/strong><\/p>\n<p>klo 9 Rullassa vierailee Koiram\u00e4en Tilta-koira ja klo 10 syyslomalaisille tarjoillaan kirjavinkkej\u00e4. Ty\u00f6pajassa p\u00e4\u00e4set tekem\u00e4\u00e4n uusia tarinoita vanhoihin kansiin!<\/p>\n<p><strong><span style=\"color: #000000; font-family: Times New Roman;\"><br \/>\n<\/span> 16.10. Lastenkirjainstituutin Mit\u00e4 kuuluu lastenkirja? -seminaari<\/strong> klo 9 p\u00e4\u00e4kirjasto Metsossa<\/p>\n<p><img loading=\"lazy\" decoding=\"async\" class=\"alignnone wp-image-920 size-medium\" src=\"https:\/\/kirjalitta.fi\/kirjalitta\/wp-content\/uploads\/2018\/05\/IMG_1831-300x225.jpg\" alt=\"\" width=\"300\" height=\"225\" \/><\/p>\n<p><strong>16.10. klo 16-19 Kummallisten kuppikakkujen iltama Lastenkirjainstituutissa. <\/strong><\/p>\n<p>Haastattelussa lastenkirjailija Veera Salmi, joka tunnetaan muun muassa hulvattomista Puluboi-kirjoistaan.<\/p>\n<p><strong>Lauantai 17.10.<\/strong><\/p>\n<p><strong>La 17.10. Satutunti Hervannan kirjastossa<\/strong><\/p>\n<p>Satutunti Hervannan kirjastossa klo 9.30. Satut\u00e4tin\u00e4 n\u00e4yttelij\u00e4-lapsiteatterinohjaaja Tuula Hyv\u00e4ttinen. Tilaisuuteen on vapaa p\u00e4\u00e4sy! Hervannan kirjasto, Insin\u00f6\u00f6rinkatu 38, Tampere.<\/p>\n<p><strong>La 17.10. Kirjavinkkarit iskev\u00e4t H\u00e4meenkadulle<\/strong><\/p>\n<p>Lauantaina 17.10. klo 11.00 kirjavinkkaajat Markku Kesti ja Jaana Kakkonen vinkkaavat H\u00e4meenkadulla tapahtumapaviljonki Pauhussa. Pauhun l\u00f6yd\u00e4t H\u00e4meenkadun rautatieaseman p\u00e4\u00e4st\u00e4 l\u00e4helt\u00e4 tavaratalo Stockmannin sis\u00e4\u00e4nk\u00e4ynti\u00e4.<\/p>\n<p><img loading=\"lazy\" decoding=\"async\" class=\"alignnone wp-image-923 size-medium\" src=\"https:\/\/kirjalitta.fi\/kirjalitta\/wp-content\/uploads\/2018\/05\/22067527479_b65547a20a_b-300x200.jpg\" alt=\"\" width=\"300\" height=\"200\" srcset=\"https:\/\/kirjalitta.fi\/kirjalitta\/wp-content\/uploads\/2018\/05\/22067527479_b65547a20a_b-300x200.jpg 300w, https:\/\/kirjalitta.fi\/kirjalitta\/wp-content\/uploads\/2018\/05\/22067527479_b65547a20a_b-768x513.jpg 768w, https:\/\/kirjalitta.fi\/kirjalitta\/wp-content\/uploads\/2018\/05\/22067527479_b65547a20a_b.jpg 1024w, https:\/\/kirjalitta.fi\/kirjalitta\/wp-content\/uploads\/2018\/05\/22067527479_b65547a20a_b-800x534.jpg 800w\" sizes=\"auto, (max-width: 300px) 100vw, 300px\" \/><\/p>\n<p><strong>La 17.10. Mielikuvituskoulu -sanataidetapahtuma p\u00e4\u00e4kirjasto Metsossa<\/strong><\/p>\n<p>Lauantaina 17.10. klo 11-16 p\u00e4\u00e4kirjasto Metsossa p\u00e4\u00e4see kokeilemaan millainen on tavallinen koulup\u00e4iv\u00e4 Mielikuvituskoulussa. Miten mielikuvitusta oikein koulutetaan? Siit\u00e4 otetaan selv\u00e4\u00e4 Y\u00f6st\u00e4j\u00e4n Mielikuvituskoulussa! Tapahtuma nostaa esiin lastenkirjallisuuden merkityksen lasten oman luovuuden l\u00e4hteen\u00e4 koko perheen hauskanpidon merkeiss\u00e4. Tapahtuma on kuin vinksahtanut koulup\u00e4iv\u00e4, jonka lukuj\u00e4rjestykseen kuuluu muun muassa satumaailman maantietoa, runoliikuntaa ja koulukuvausta. Sanataideyhdistys Y\u00f6st\u00e4j\u00e4n sanataideopettajat vet\u00e4v\u00e4t\u00a0 monitaiteellisia ty\u00f6pajoja ja ohjelmatuokioita yhdess\u00e4 tapahtumaan kutsuttavien lastenkirjailijoiden ja muiden esiintyj\u00e4vieraiden kanssa. P\u00e4\u00e4kirjasto Metso, Pirkankatu 2, Tampere. Tapahtuma on maksuton. Lue lis\u00e4\u00e4: <a href=\"https:\/\/www.facebook.com\/events\/751536844969490\/\">Mielikuvituskoulu <\/a><\/p>\n<p><strong>La 17.10. Satu Mattila-Laine Kahvila Runossa<\/strong><\/p>\n<p>Kirjailija Satu Mattila-Laine saapuu vierailulle tunnelmalliseen Kahvila Runoon lauantaina 17.10. klo 12. Mattila-Laineen esikoisteos Parantola (Karisto) julkaistiin syyskuussa 2015. Porissa asuva kirjailija ty\u00f6skentelee my\u00f6s kirjastonhoitajana Pihlavan kirjastossa. Parantola on nuortenromaani, jonka mukana lukija p\u00e4\u00e4see matkaamaan 1930-luvun Suomeen ja tuon ajan arkeen toiveineen ja pelkoineen. Teoksen p\u00e4\u00e4henkil\u00f6 on 15-vuotias vintageharrastaja Elisa, jolla on salaisuus: epilepsia. Voimakas kohtaus tempaisee Elisan aikamatkalle 1930-luvun kaatumatautiparantolaan ja seikkailu voi alkaa. Tervetuloa kuuntelemaan ja keskustelemaan! Kahvila Runo, Ojakatu 3, Tampere.<\/p>\n<p><img loading=\"lazy\" decoding=\"async\" class=\"alignnone wp-image-924 size-medium\" src=\"https:\/\/kirjalitta.fi\/kirjalitta\/wp-content\/uploads\/2018\/05\/IMG_1857-300x225.jpg\" alt=\"\" width=\"300\" height=\"225\" srcset=\"https:\/\/kirjalitta.fi\/kirjalitta\/wp-content\/uploads\/2018\/05\/IMG_1857-300x225.jpg 300w, https:\/\/kirjalitta.fi\/kirjalitta\/wp-content\/uploads\/2018\/05\/IMG_1857-768x576.jpg 768w, https:\/\/kirjalitta.fi\/kirjalitta\/wp-content\/uploads\/2018\/05\/IMG_1857-1024x768.jpg 1024w, https:\/\/kirjalitta.fi\/kirjalitta\/wp-content\/uploads\/2018\/05\/IMG_1857-800x600.jpg 800w, https:\/\/kirjalitta.fi\/kirjalitta\/wp-content\/uploads\/2018\/05\/IMG_1857-400x300.jpg 400w\" sizes=\"auto, (max-width: 300px) 100vw, 300px\" \/> <img loading=\"lazy\" decoding=\"async\" class=\"alignnone wp-image-922 size-medium\" src=\"https:\/\/kirjalitta.fi\/kirjalitta\/wp-content\/uploads\/2018\/05\/IMG_5086-200x300.jpg\" alt=\"\" width=\"200\" height=\"300\" srcset=\"https:\/\/kirjalitta.fi\/kirjalitta\/wp-content\/uploads\/2018\/05\/IMG_5086-200x300.jpg 200w, https:\/\/kirjalitta.fi\/kirjalitta\/wp-content\/uploads\/2018\/05\/IMG_5086-768x1152.jpg 768w, https:\/\/kirjalitta.fi\/kirjalitta\/wp-content\/uploads\/2018\/05\/IMG_5086-683x1024.jpg 683w, https:\/\/kirjalitta.fi\/kirjalitta\/wp-content\/uploads\/2018\/05\/IMG_5086-800x1200.jpg 800w\" sizes=\"auto, (max-width: 200px) 100vw, 200px\" \/><\/p>\n<p>&nbsp;<\/p>\n<p><strong>La 17.10. Kirjalitta-ohjelmaa Koskikeskuksessa<\/strong><\/p>\n<p>Lauantaina Kirjalitta levitt\u00e4ytyy Tampereen kaduille, kahviloihin ja kulttuurikeskuksiin monipuolisen ja toiminnallisen ohjelman kera. Koskikeskuksen tapahtuma-aukiolla j\u00e4rjestet\u00e4\u00e4n p\u00e4iv\u00e4n aikana kirjailijavierailuja, jaetaan kirjavinkkej\u00e4 ja pidet\u00e4\u00e4n pienimuotoisia ty\u00f6pajoja.<\/p>\n<p>Ohjelma:<\/p>\n<p>12.00\u00a0Avaus ja p\u00e4iv\u00e4n ohjelman esittely<br \/>\n12.30\u00a0Kirjavinkkarit Markku Kesti ja Jaana Kakkonen: kirjavinkkej\u00e4 alakouluik\u00e4isille<br \/>\n13.00\u00a0Nuorisokirjailijoiden kirjailijakiertue: Anneli Kanto<br \/>\n13.30\u00a0Kirjailija Kirsti Kuronen runoilee lasten kanssa<br \/>\n14.00\u00a0TAIKE:n kirjailijavierailu: Satu Mattila-Laine<br \/>\n14.30\u00a0Kirjavinkkarit Markku Kesti ja Jaana Kakkonen: kirjavinkkej\u00e4 yl\u00e4kouluik\u00e4isille<br \/>\n15.00 Nuorisokirjailijoiden kiertue: Anneli Kanto, Kirsti Kuronen, Tapani Bagge ja Sari Peltoniemi<\/p>\n<p><img loading=\"lazy\" decoding=\"async\" class=\"alignnone wp-image-921 size-medium\" src=\"https:\/\/kirjalitta.fi\/kirjalitta\/wp-content\/uploads\/2018\/05\/IMG_5056-e1526631157478-200x300.jpg\" alt=\"\" width=\"200\" height=\"300\" srcset=\"https:\/\/kirjalitta.fi\/kirjalitta\/wp-content\/uploads\/2018\/05\/IMG_5056-e1526631157478-200x300.jpg 200w, https:\/\/kirjalitta.fi\/kirjalitta\/wp-content\/uploads\/2018\/05\/IMG_5056-e1526631157478-768x1152.jpg 768w, https:\/\/kirjalitta.fi\/kirjalitta\/wp-content\/uploads\/2018\/05\/IMG_5056-e1526631157478-683x1024.jpg 683w, https:\/\/kirjalitta.fi\/kirjalitta\/wp-content\/uploads\/2018\/05\/IMG_5056-e1526631157478-800x1200.jpg 800w\" sizes=\"auto, (max-width: 200px) 100vw, 200px\" \/><\/p>\n<p><strong>La 17.10. Kirjavinkkarit iskev\u00e4t Sokoksen Ravintola Herkkuun<\/strong><\/p>\n<p>Lauantaina 17.10. klo 13.30 kirjavinkkaajat Markku Kesti ja Jaana Kakkonen tarjoilevat kirjavinkkej\u00e4 tavaratalo Sokoksen Ravintola Herkussa (-2krs.) Vinkit on suunnattu pienten lasten perheille. Vapaa p\u00e4\u00e4sy!<\/p>\n<p><strong>La 17.10. Koiram\u00e4en Satulauantai S\u00e4rk\u00e4nniemess\u00e4<\/strong><\/p>\n<p>Satujen viikko huipentuu Koiram\u00e4ess\u00e4 la 17.10. klo 11-16 j\u00e4rjestett\u00e4v\u00e4\u00e4n hyv\u00e4ntekev\u00e4isyystapahtumaan, jossa p\u00e4\u00e4st\u00e4\u00e4n nauttimaan mm. Tampereen teattereiden pienoisesityksist\u00e4 ja satuhetkist\u00e4. Koiram\u00e4ess\u00e4 tavataan erilaisia satuhahmoja, ja toki my\u00f6s maatilan el\u00e4imet sek\u00e4 Koiram\u00e4en Tilta ovat menossa mukana. Esitysten ja satuhetkien lomassa voi piipahtaa hauskuttelemassa Koiram\u00e4en leikkipisteiss\u00e4, kuten Drakkulan linnassa tai Koiram\u00e4en talossa. Lauantain tapahtuman sis\u00e4\u00e4np\u00e4\u00e4sylippu on 5 \u20ac\/ hl\u00f6 (alle 100 cm sis\u00e4\u00e4np\u00e4\u00e4symaksu on vapaaehtoinen). Tapahtuman lipputulot lahjoitetaan kokonaisuudessaan Nen\u00e4p\u00e4iv\u00e4-ker\u00e4ykseen. Tarkemman ohjelman l\u00f6yd\u00e4t <a href=\"http:\/\/www.sarkanniemi.fi\/satulauantai\/\">S\u00e4rk\u00e4nniemen kotisivulta<\/a><\/p>\n<p><strong>La 17.10. Nuorisokirjailijoiden kirjailijakiertue<\/strong><\/p>\n<p>Suomen Nuorisokirjailijoiden kirjailijat jalkautuvat lauantaina Tampereelle.<\/p>\n<p><strong>Tapani Bagge<\/strong>: salapoliisipaja klo 11.30 Rulla, klo 13.15 P\u00e4\u00e4kirjasto Metso, Mielikuvituskoulu<\/p>\n<p><strong>Anneli Kanto:<\/strong> klo 11.30 H\u00e4meenkadun tapahtumapaviljonki, klo 13.00 Koskikeskus<\/p>\n<p><strong>Sari Peltoniemi:<\/strong> fantasiaolentojen koulutusta klo 12.00 P\u00e4\u00e4kirjasto Metso, Mielikuvituskoulu klo 13.30 Koiram\u00e4ki, S\u00e4rk\u00e4nniemi<\/p>\n<p><strong>Kirsti Kuronen<\/strong> klo 12.30 H\u00e4meenkadun tapahtumapaviljonki, klo 13.30 Koskikeskus<\/p>\n<p><strong>La 17.10. Uusia tarinoita vanhoissa kansissa Lastenkulttuurikeskus Rullan ty\u00f6pajassa<\/strong><\/p>\n<p>Asuuko sis\u00e4ll\u00e4si pieni tarinankertoja? Lastenkulttuurikeskus Rulla on avoinna Lasten- ja nuortenkirjallisuuden viikolla torstaista sunnuntaihin ja sen toiminnallisissa ty\u00f6pajoissa laitetaan torstaina ja perjantaina uuteen uskoon vanhoja kirjoja keksim\u00e4ll\u00e4 niihin uusia tarinoita ja seikkailuja. Lauantaina ja sunnuntaina ty\u00f6pajoissa p\u00e4\u00e4stet\u00e4\u00e4n luovuus valloilleen ja tehd\u00e4\u00e4n aivan omia satukirjoja. Tarina voi olla j\u00e4nnitt\u00e4v\u00e4 salapoliisitarina, hurja seikkailukertomus tai vaikkapa pieni iltasatu! Lis\u00e4ksi koko tapahtuman ajan Rullassa on oma rauhallinen lukunurkkaus, jossa voi lukea lapsille satuja. Tapahtuma on maksuton. Lastenkulttuurikeskus Rulla, Finlaysoninkuja 6, Tampere. Avoinna to-pe klo 9-14, la-su klo 11-16. Lue lis\u00e4\u00e4: <a href=\"http:\/\/www.tampere.fi\/kulttuuripalvelut\/lastenkulttuuri\/lastenkulttuurikeskusrulla.html\">www.tampere.fi\/rulla<\/a><\/p>\n<p><strong>La-su 17.-18.10. Lasten Werstas: Satumainen Afrikka<\/strong><\/p>\n<p>Savanni t\u00f6misee! Oletko valmis seikkailuun? Ty\u00f6v\u00e4enmuseo Werstaalla kaivataan rohkeita, seikkailunhaluisia tutkimusmatkalijoita satumaisen Afrikan l\u00f6yt\u00e4miseen. Salaiseen tutkimusmatkaan on hyv\u00e4 tulla pukeutuneena. Tule ja koe Satumainen Afrikka Lasten Werstas- tapahtumassa 17.-18.10.2015 klo 10-15 v\u00e4rikk\u00e4\u00e4ss\u00e4 perhetapahtumassa. Satumainen Afrikka tarjoaa lapsille tanssia, musiikkia, leikki\u00e4, k\u00f6llimist\u00e4, piperryst\u00e4, herkullisia tuoksuja, erikoisia makuja, ihmettely\u00e4, kikatusta, satuja ja monenlaisia ty\u00f6pajoja, jotka tavalla tai toisella liittyv\u00e4t Afrikkaan. Tapahtuma on maksuton. Koko perheen tapahtuma liittyy Afrikka Suomessa- n\u00e4yttelyyn. Ty\u00f6v\u00e4enmuseo Werstas, V\u00e4in\u00f6 Linnan aukio 8, Tampere. Lue lis\u00e4\u00e4: <a href=\"http:\/\/www.werstas.fi\/\">www.werstas.fi<\/a><\/p>\n<p><strong>La 17.10. Kirjailija Kirsti Kuronen Tesoman nuorisokeskuksen kahvip\u00f6yt\u00e4vieraana<\/strong><\/p>\n<p>Kirsti Kuronen vierailee lauantaina klo 18 Tesoman nuorisokeskuksen kahvip\u00f6yt\u00e4vieraana. Kirjailija kertoo kirjailijan ty\u00f6st\u00e4 ja keskustelee nuorten kanssa nuoren itsemurhaa k\u00e4sittelev\u00e4n <i>Paha puuska<\/i> -teoksen (Karisto 2015) teemoista. Tesoman nuorisokeskus, Kohmankaari 11, Tampere.<\/p>\n<p><strong>La 17.10. 1001 Kahvikuppia \u2013 Open stage Liikelaiturilla<\/strong><\/p>\n<p>Tule katsomaan, esiintym\u00e4\u00e4n tai muuten vaan mukaan 1001 Kahvikuppia Open stageen! Liikelaituri, Yliopistonkatu 58 D, 1 krs. Vapaa p\u00e4\u00e4sy. Lis\u00e4tiedot: <a href=\"http:\/\/1001kahvikuppia.blogspot.fi\/\">1001kahvikuppia.blogspot.fi<\/a>\u00a0ja <a href=\"http:\/\/www.sisasuomentanssi.fi\/pirkanmaa\/1001-kahvikuppia\/\">Sis\u00e4-Suomen tanssin aluekeskus<\/a><\/p>\n<p>&nbsp;<\/p>\n<p><span style=\"color: #000000; font-family: Calibri;\">\u00a0<\/span><\/p>\n<p>&nbsp;<\/p>\n<p>&nbsp;<\/p>\n<p>&nbsp;<\/p>\n","protected":false},"excerpt":{"rendered":"<p>Ohjelma 2.10. -18.10. Lapset kirjoittavat kaupunkia -sanataiden\u00e4yttelyt Sanataiden\u00e4yttelyt koostuvat Sanataideyhdistys Y\u00f6st\u00e4j\u00e4n oppilaiden teksteist\u00e4. N\u00e4yttelyt nostavat esiin lasten ja nuorten tekijyytt\u00e4 ja sanataideharrastusta sek\u00e4 el\u00e4v\u00f6itt\u00e4v\u00e4t kaupunkitilaa. N\u00e4yttelyt sijaitsevat viidess\u00e4 eri kaupunkikohteessa, joista tekstien teemat kumpuavat. Lapset kirjoittavat kaupunkia -n\u00e4yttelyiden sijainnit: 1.\u00a0\u00a0\u00a0\u00a0\u00a0\u00a0 Patosilta, rakkauslukot 2.\u00a0\u00a0\u00a0\u00a0\u00a0\u00a0 Sokoksen herkku, tavaratalo Sokos, H\u00e4meenkatu 21 3.\u00a0\u00a0\u00a0\u00a0\u00a0\u00a0 [&hellip;]<\/p>\n","protected":false},"author":1,"featured_media":0,"parent":896,"menu_order":0,"comment_status":"closed","ping_status":"closed","template":"","meta":{"_themeisle_gutenberg_block_has_review":false,"footnotes":""},"class_list":["post-915","page","type-page","status-publish","hentry"],"_links":{"self":[{"href":"https:\/\/kirjalitta.fi\/kirjalitta\/wp-json\/wp\/v2\/pages\/915","targetHints":{"allow":["GET"]}}],"collection":[{"href":"https:\/\/kirjalitta.fi\/kirjalitta\/wp-json\/wp\/v2\/pages"}],"about":[{"href":"https:\/\/kirjalitta.fi\/kirjalitta\/wp-json\/wp\/v2\/types\/page"}],"author":[{"embeddable":true,"href":"https:\/\/kirjalitta.fi\/kirjalitta\/wp-json\/wp\/v2\/users\/1"}],"replies":[{"embeddable":true,"href":"https:\/\/kirjalitta.fi\/kirjalitta\/wp-json\/wp\/v2\/comments?post=915"}],"version-history":[{"count":8,"href":"https:\/\/kirjalitta.fi\/kirjalitta\/wp-json\/wp\/v2\/pages\/915\/revisions"}],"predecessor-version":[{"id":1235,"href":"https:\/\/kirjalitta.fi\/kirjalitta\/wp-json\/wp\/v2\/pages\/915\/revisions\/1235"}],"up":[{"embeddable":true,"href":"https:\/\/kirjalitta.fi\/kirjalitta\/wp-json\/wp\/v2\/pages\/896"}],"wp:attachment":[{"href":"https:\/\/kirjalitta.fi\/kirjalitta\/wp-json\/wp\/v2\/media?parent=915"}],"curies":[{"name":"wp","href":"https:\/\/api.w.org\/{rel}","templated":true}]}}