{"id":8,"date":"2015-09-15T12:23:27","date_gmt":"2015-09-15T09:23:27","guid":{"rendered":"http:\/\/kirjalitta.fi\/kirjalitta\/?page_id=8"},"modified":"2025-09-23T10:49:17","modified_gmt":"2025-09-23T07:49:17","slug":"etusivu","status":"publish","type":"page","link":"https:\/\/kirjalitta.fi\/kirjalitta\/","title":{"rendered":"Etusivu"},"content":{"rendered":"\n<figure class=\"wp-block-gallery aligncenter has-nested-images columns-default is-cropped has-white-background-color has-background wp-block-gallery-1 is-layout-flex wp-block-gallery-is-layout-flex\">\n<figure class=\"wp-block-image size-full\"><a href=\"https:\/\/kirjalitta.fi\/kirjalitta\/wp-content\/uploads\/2025\/09\/LKI_kirjalitta_fb-banneri_820x360_2025-1.jpg\"><img loading=\"lazy\" decoding=\"async\" width=\"820\" height=\"360\" data-id=\"3682\" src=\"https:\/\/kirjalitta.fi\/kirjalitta\/wp-content\/uploads\/2025\/09\/LKI_kirjalitta_fb-banneri_820x360_2025-1.jpg\" alt=\"\" class=\"wp-image-3682\" srcset=\"https:\/\/kirjalitta.fi\/kirjalitta\/wp-content\/uploads\/2025\/09\/LKI_kirjalitta_fb-banneri_820x360_2025-1.jpg 820w, https:\/\/kirjalitta.fi\/kirjalitta\/wp-content\/uploads\/2025\/09\/LKI_kirjalitta_fb-banneri_820x360_2025-1-300x132.jpg 300w, https:\/\/kirjalitta.fi\/kirjalitta\/wp-content\/uploads\/2025\/09\/LKI_kirjalitta_fb-banneri_820x360_2025-1-768x337.jpg 768w\" sizes=\"auto, (max-width: 820px) 100vw, 820px\" \/><\/a><\/figure>\n<\/figure>\n\n\n\n<p class=\"has-text-align-center has-black-color has-text-color\">Kirjalitta on koko perheen lastenkirja- ja sanataidefestivaali, jonka tavoitteena on innostaa lapsia ja nuoria lukemaan ja kirjoittamaan itse. Kirjalitassa kirjat astuvat ulos kansistaan, tekstit yll\u00e4tt\u00e4v\u00e4t kulkijan odottamattomissa paikoissa ja kirjat, kirjailijat sek\u00e4 lasten ja nuorten omat tarinat kohtaavat.<\/p>\n\n\n\n<p class=\"has-text-align-center has-black-color has-text-color\">Vuodesta 2015 saakka j\u00e4rjestetty festivaali tarjoaa lapsiperheille ja nuorille oivaltavia tilaisuuksia tarttua tarinaan \u2013 lasten ja nuorten omia tekstej\u00e4 unohtamatta. Kirjalitta tuo lastenkirjallisuuden ja sanataiteen yleis\u00f6n luo kouluihin, p\u00e4iv\u00e4koteihin, kirjastoihin, katukuvaan ja sosiaaliseen mediaan. Kirjalitan ydinajatuksena on nostaa esiin innostavia, osallistavia ja yhteis\u00f6llisi\u00e4 tapoja kokea kirjallisuutta.<\/p>\n\n\n\n<p class=\"has-text-align-center has-black-color has-text-color\"><strong>Kirjalittaa vietet\u00e4\u00e4n 11. kertaa Tampereella 10.\u201316.11.2025. Kirjalitan teema on t\u00e4n\u00e4 vuonna &#8221;S\u00e4nt\u00e4\u00e4 seikkailuun!&#8221;&nbsp;<\/strong><\/p>\n\n\n\n<p class=\"has-text-align-center\">Tutustu ohjelmaan <a href=\"https:\/\/kirjalitta.fi\/kirjalitta\/viikon-ohjelma-2025\/\">t\u00e4\u00e4lt\u00e4<\/a>.<\/p>\n\n\n\n<p class=\"has-text-align-center\"><mark style=\"background-color:rgba(0, 0, 0, 0)\" class=\"has-inline-color has-black-color\">Festivaalin j\u00e4rjest\u00e4\u00e4 Sanataideyhdistys Y\u00f6st\u00e4j\u00e4 yhteisty\u00f6ss\u00e4 <mark style=\"background-color:rgba(0, 0, 0, 0)\" class=\"has-inline-color has-black-color\">Lastenkirjainstituutin, Tampereen kaupungin sek\u00e4<\/mark> muiden tamperelaisten ja valtakunnallisten kirjallisuusj\u00e4rjest\u00f6jen kanssa.<\/mark><\/p>\n\n\n\n<p><strong>Kirjalitan yhteisty\u00f6kumppanit ja tukijat 2025:<\/strong><\/p>\n\n\n\n<figure class=\"wp-block-image size-large is-resized\"><a href=\"https:\/\/kirjalitta.fi\/kirjalitta\/wp-content\/uploads\/2024\/09\/tampere.finland_rgb.png\"><img loading=\"lazy\" decoding=\"async\" width=\"1024\" height=\"394\" src=\"https:\/\/kirjalitta.fi\/kirjalitta\/wp-content\/uploads\/2024\/09\/tampere.finland_rgb-1024x394.png\" alt=\"\" class=\"wp-image-3562\" style=\"aspect-ratio:2.598984771573604;width:244px;height:auto\" srcset=\"https:\/\/kirjalitta.fi\/kirjalitta\/wp-content\/uploads\/2024\/09\/tampere.finland_rgb-1024x394.png 1024w, https:\/\/kirjalitta.fi\/kirjalitta\/wp-content\/uploads\/2024\/09\/tampere.finland_rgb-300x115.png 300w, https:\/\/kirjalitta.fi\/kirjalitta\/wp-content\/uploads\/2024\/09\/tampere.finland_rgb-768x295.png 768w, https:\/\/kirjalitta.fi\/kirjalitta\/wp-content\/uploads\/2024\/09\/tampere.finland_rgb-1536x591.png 1536w, https:\/\/kirjalitta.fi\/kirjalitta\/wp-content\/uploads\/2024\/09\/tampere.finland_rgb-2048x788.png 2048w\" sizes=\"auto, (max-width: 1024px) 100vw, 1024px\" \/><\/a><\/figure>\n\n\n\n<figure class=\"wp-block-image size-full is-resized\"><a href=\"https:\/\/kirjalitta.fi\/kirjalitta\/wp-content\/uploads\/2023\/10\/\ufeffSuomen-lasten-ja-nuortenkirjailijat-ry\ufeff\ufeff-edited-1.jpeg\"><img loading=\"lazy\" decoding=\"async\" width=\"677\" height=\"677\" src=\"https:\/\/kirjalitta.fi\/kirjalitta\/wp-content\/uploads\/2023\/10\/\ufeffSuomen-lasten-ja-nuortenkirjailijat-ry\ufeff\ufeff-edited-1.jpeg\" alt=\"\" class=\"wp-image-3358\" style=\"aspect-ratio:1;width:111px;height:auto\" srcset=\"https:\/\/kirjalitta.fi\/kirjalitta\/wp-content\/uploads\/2023\/10\/\ufeffSuomen-lasten-ja-nuortenkirjailijat-ry\ufeff\ufeff-edited-1.jpeg 677w, https:\/\/kirjalitta.fi\/kirjalitta\/wp-content\/uploads\/2023\/10\/\ufeffSuomen-lasten-ja-nuortenkirjailijat-ry\ufeff\ufeff-edited-1-300x300.jpeg 300w, https:\/\/kirjalitta.fi\/kirjalitta\/wp-content\/uploads\/2023\/10\/\ufeffSuomen-lasten-ja-nuortenkirjailijat-ry\ufeff\ufeff-edited-1-150x150.jpeg 150w\" sizes=\"auto, (max-width: 677px) 100vw, 677px\" \/><\/a><figcaption class=\"wp-element-caption\">Suomen lasten- ja nuortenkirjailijat ry<\/figcaption><\/figure>\n\n\n\n<figure class=\"wp-block-image size-large is-resized\"><a href=\"https:\/\/kirjalitta.fi\/kirjalitta\/wp-content\/uploads\/2023\/10\/suomen-tietokirjailijat-logo-rgb.jpg\"><img loading=\"lazy\" decoding=\"async\" width=\"1024\" height=\"252\" src=\"https:\/\/kirjalitta.fi\/kirjalitta\/wp-content\/uploads\/2023\/10\/suomen-tietokirjailijat-logo-rgb-1024x252.jpg\" alt=\"Suomen tietokirjailijat ry\" class=\"wp-image-3353\" style=\"aspect-ratio:4.063492063492063;width:260px;height:auto\" srcset=\"https:\/\/kirjalitta.fi\/kirjalitta\/wp-content\/uploads\/2023\/10\/suomen-tietokirjailijat-logo-rgb-1024x252.jpg 1024w, https:\/\/kirjalitta.fi\/kirjalitta\/wp-content\/uploads\/2023\/10\/suomen-tietokirjailijat-logo-rgb-300x74.jpg 300w, https:\/\/kirjalitta.fi\/kirjalitta\/wp-content\/uploads\/2023\/10\/suomen-tietokirjailijat-logo-rgb-768x189.jpg 768w, https:\/\/kirjalitta.fi\/kirjalitta\/wp-content\/uploads\/2023\/10\/suomen-tietokirjailijat-logo-rgb-1536x378.jpg 1536w, https:\/\/kirjalitta.fi\/kirjalitta\/wp-content\/uploads\/2023\/10\/suomen-tietokirjailijat-logo-rgb.jpg 1856w\" sizes=\"auto, (max-width: 1024px) 100vw, 1024px\" \/><\/a><\/figure>\n\n\n\n<figure class=\"wp-block-image size-full is-resized\"><a href=\"https:\/\/kirjalitta.fi\/kirjalitta\/wp-content\/uploads\/2023\/10\/Pirkkalaiskirjailijat.png\"><img loading=\"lazy\" decoding=\"async\" width=\"500\" height=\"500\" src=\"https:\/\/kirjalitta.fi\/kirjalitta\/wp-content\/uploads\/2023\/10\/Pirkkalaiskirjailijat.png\" alt=\"Pirkkalaiskirjailijat\" class=\"wp-image-3349\" style=\"aspect-ratio:1;width:138px;height:auto\" srcset=\"https:\/\/kirjalitta.fi\/kirjalitta\/wp-content\/uploads\/2023\/10\/Pirkkalaiskirjailijat.png 500w, https:\/\/kirjalitta.fi\/kirjalitta\/wp-content\/uploads\/2023\/10\/Pirkkalaiskirjailijat-300x300.png 300w, https:\/\/kirjalitta.fi\/kirjalitta\/wp-content\/uploads\/2023\/10\/Pirkkalaiskirjailijat-150x150.png 150w\" sizes=\"auto, (max-width: 500px) 100vw, 500px\" \/><\/a><\/figure>\n\n\n\n<p class=\"has-text-align-center\">Voit antaa palautetta Kirjalitta-festivaalista <a href=\"https:\/\/link.webropol.com\/s\/kysely-2025\">t\u00e4\u00e4ll\u00e4<\/a>. Kiitos palautteestasi!<\/p>\n\n\n\n<hr class=\"wp-block-separator alignwide has-alpha-channel-opacity is-style-wide\"\/>\n\n\n<div style=\"text-align: center; float: middle;\">\n<p><strong><a href=\"https:\/\/kirjalitta.fi\/kirjalitta\/kirjalitta-eri-kielilla\/\">Kirjalitta p\u00e5 svenska | Kirjalitta\u00a0davvis\u00e1megillii | Kirjalitta\u00a0anar\u00e2\u0161kiel\u00e2n | Kirjalitta eesti keeles | Kirjalitta in English | Kirjalitta \u043f\u043e-\u0440\u0443\u0441\u0441\u043a\u0438 | Kirjalitta \u0443\u043a\u0440\u0430\u0457\u043d\u0441\u044c\u043a\u043e\u044e | Kirjalitta auf Deutsch | Kirjalitta en espa\u00f1ol | Kirjalitta en fran\u00e7ais<\/a><\/strong><\/p>\n<\/p>\n<div style=\"text-align: center; float: middle;\">\n<p><span style=\"color: #000000;\"><strong>@kirjalitta #kirjalitta #kirjalitta2025<\/strong><\/span><\/p>\n<div style=\"clear: both;\">\u00a0<a href=\"https:\/\/instagram.com\/kirjalitta\/\" target=\"_blank\" rel=\"noopener noreferrer\"><img loading=\"lazy\" decoding=\"async\" class=\"alignnone wp-image-69\" alt=\"instagram_by_katefosson-d61xcjt\" src=\"https:\/\/kirjalitta.fi\/kirjalitta\/kirjalitta\/wp-content\/uploads\/2015\/09\/instagram_by_katefosson-d61xcjt-150x150.png\" width=\"46\" height=\"46\" srcset=\"https:\/\/kirjalitta.fi\/kirjalitta\/wp-content\/uploads\/2015\/09\/instagram_by_katefosson-d61xcjt-150x150.png 150w, https:\/\/kirjalitta.fi\/kirjalitta\/wp-content\/uploads\/2015\/09\/instagram_by_katefosson-d61xcjt.png 180w\" sizes=\"auto, (max-width: 46px) 100vw, 46px\" \/><\/a>\u00a0\u00a0\u00a0 <a href=\"https:\/\/www.facebook.com\/kirjalitta\" target=\"_blank\" rel=\"noopener noreferrer\"><img loading=\"lazy\" decoding=\"async\" class=\"alignnone wp-image-71\" alt=\"facebook\" src=\"https:\/\/kirjalitta.fi\/kirjalitta\/kirjalitta\/wp-content\/uploads\/2015\/09\/facebook-150x150.png\" width=\"46\" height=\"46\" srcset=\"https:\/\/kirjalitta.fi\/kirjalitta\/wp-content\/uploads\/2015\/09\/facebook-150x150.png 150w, https:\/\/kirjalitta.fi\/kirjalitta\/wp-content\/uploads\/2015\/09\/facebook.png 180w\" sizes=\"auto, (max-width: 46px) 100vw, 46px\" \/><\/a><a href=\"https:\/\/twitter.com\/LKInstituutti\" target=\"_blank\" rel=\"noopener noreferrer\"><\/a><\/div>\n<div><\/div>\n<div><\/div>\n<div class=\"uutiset\"><\/div>\n<\/div>\n<\/div>","protected":false},"excerpt":{"rendered":"<p>Kirjalitta on lastenkirjan ja sanataiteen pop-up \u2013festivaali, joka valtaa lasten- ja nuortenkirjallisuudelle sek\u00e4 sanataideharrastukselle uusia areenoita. Seuraavan kerran tapahtuma j\u00e4rjestet\u00e4\u00e4n syksyll\u00e4 2017. Tervetuloa mukaan!<\/p>\n","protected":false},"author":1,"featured_media":0,"parent":0,"menu_order":0,"comment_status":"closed","ping_status":"closed","template":"","meta":{"_themeisle_gutenberg_block_has_review":false,"footnotes":""},"class_list":["post-8","page","type-page","status-publish","hentry"],"_links":{"self":[{"href":"https:\/\/kirjalitta.fi\/kirjalitta\/wp-json\/wp\/v2\/pages\/8","targetHints":{"allow":["GET"]}}],"collection":[{"href":"https:\/\/kirjalitta.fi\/kirjalitta\/wp-json\/wp\/v2\/pages"}],"about":[{"href":"https:\/\/kirjalitta.fi\/kirjalitta\/wp-json\/wp\/v2\/types\/page"}],"author":[{"embeddable":true,"href":"https:\/\/kirjalitta.fi\/kirjalitta\/wp-json\/wp\/v2\/users\/1"}],"replies":[{"embeddable":true,"href":"https:\/\/kirjalitta.fi\/kirjalitta\/wp-json\/wp\/v2\/comments?post=8"}],"version-history":[{"count":229,"href":"https:\/\/kirjalitta.fi\/kirjalitta\/wp-json\/wp\/v2\/pages\/8\/revisions"}],"predecessor-version":[{"id":3733,"href":"https:\/\/kirjalitta.fi\/kirjalitta\/wp-json\/wp\/v2\/pages\/8\/revisions\/3733"}],"wp:attachment":[{"href":"https:\/\/kirjalitta.fi\/kirjalitta\/wp-json\/wp\/v2\/media?parent=8"}],"curies":[{"name":"wp","href":"https:\/\/api.w.org\/{rel}","templated":true}]}}