{"id":775,"date":"2017-10-26T14:15:50","date_gmt":"2017-10-26T11:15:50","guid":{"rendered":"http:\/\/kirjalitta.fi\/?page_id=775"},"modified":"2018-10-24T14:33:54","modified_gmt":"2018-10-24T11:33:54","slug":"erittain-salainen-muumimuseo-7-12-11-2017","status":"publish","type":"page","link":"https:\/\/kirjalitta.fi\/kirjalitta\/ohjelma\/ohjelma-2017\/erittain-salainen-muumimuseo-7-12-11-2017\/","title":{"rendered":"Muumimuseon Eritt\u00e4in salaiset ty\u00f6pajat 7.-12.11.2017"},"content":{"rendered":"<h1 style=\"text-align: left;\"><strong>Muumikirjojen salaisuuksiin keskittyv\u00e4 retki Kuinkas sitten k\u00e4vik\u00e4\u00e4n -n\u00e4yttelyyn<\/strong><\/h1>\n<p style=\"text-align: left;\">Mit\u00e4 salaisuuksia Muumipeikolla on majakkasaarella, ket\u00e4 h\u00e4n tapaa iltaisin, minne katoaa? Mit\u00e4 Tiuhti ja Viuhti piilottelevat matkalaukussaan? Salaisuuksia ei ikin\u00e4 kerrota kenellek\u00e4\u00e4n, mutta t\u00e4ll\u00e4 retkell\u00e4p\u00e4 kerrotaan, tule katsomaan ja kuuntelemaan!<br \/>\nKoko perheelle sopiva puolituntinen ti-pe klo 17 ja la-su klo 11. Kullekin retkelle mahtuu mukaan 20 aikuista\/lasta, ilmoittautuminen paikan p\u00e4\u00e4ll\u00e4. Retki sis\u00e4ltyy Muumimuseon p\u00e4\u00e4sylipun hintaan.<\/p>\n<h1 style=\"text-align: left;\"><strong>Sarjakuvaty\u00f6paja Eritt\u00e4in salainen paikka &#8211; piirr\u00e4 oma strippi<\/strong><\/h1>\n<p style=\"text-align: left;\">Muumipeikon salainen paikka oli vaikeap\u00e4\u00e4syisen ryteik\u00f6n keskell\u00e4. Salainen paikka voi olla my\u00f6s kallion kolossa, kaapin takana tai mielikuvituksessa &#8211; ja muita sinne ei p\u00e4\u00e4stet\u00e4, tai vain harvoja ja valittuja. Tule piirt\u00e4m\u00e4\u00e4n sarjakuva piilopaikastasi tai matkastasi sinne!<br \/>\nKaikille sopiva ohjattu non stop -ty\u00f6paja ti-pe 12-18 ja la-su 12-16<br \/>\nEi ennakkoilmoittautumista. Ty\u00f6paja sis\u00e4ltyy Muumimuseon p\u00e4\u00e4sylipun hintaan.<\/p>\n<p>Katso lis\u00e4\u00e4: <a href=\"https:\/\/muumimuseo.fi\/tapahtumakalenteri\/\">https:\/\/muumimuseo.fi\/tapahtumakalenteri\/<\/a><\/p>\n<div id=\"attachment_884\" style=\"width: 282px\" class=\"wp-caption alignnone\"><img loading=\"lazy\" decoding=\"async\" aria-describedby=\"caption-attachment-884\" class=\"wp-image-884 size-medium\" src=\"https:\/\/kirjalitta.fi\/kirjalitta\/wp-content\/uploads\/2017\/10\/m-73-272x300.jpg\" alt=\"\" width=\"272\" height=\"300\" srcset=\"https:\/\/kirjalitta.fi\/kirjalitta\/wp-content\/uploads\/2017\/10\/m-73-272x300.jpg 272w, https:\/\/kirjalitta.fi\/kirjalitta\/wp-content\/uploads\/2017\/10\/m-73-768x848.jpg 768w, https:\/\/kirjalitta.fi\/kirjalitta\/wp-content\/uploads\/2017\/10\/m-73-928x1024.jpg 928w, https:\/\/kirjalitta.fi\/kirjalitta\/wp-content\/uploads\/2017\/10\/m-73-800x883.jpg 800w\" sizes=\"auto, (max-width: 272px) 100vw, 272px\" \/><p id=\"caption-attachment-884\" class=\"wp-caption-text\">Tove Jansson: Kuvituspiirros kirjaan Comet in Moominland (Muumipeikko ja pyrst\u00f6t\u00e4hti), 1951. Muumimuseo, Tampereen taidemuseon Muumilaakson kokoelma Kuva: Jari Kuusenaho \u00a9Moomin CharactersTM<\/p><\/div>\n","protected":false},"excerpt":{"rendered":"<p>Muumikirjojen salaisuuksiin keskittyv\u00e4 retki Kuinkas sitten k\u00e4vik\u00e4\u00e4n -n\u00e4yttelyyn Mit\u00e4 salaisuuksia Muumipeikolla on majakkasaarella, ket\u00e4 h\u00e4n tapaa iltaisin, minne katoaa? Mit\u00e4 Tiuhti ja Viuhti piilottelevat matkalaukussaan? Salaisuuksia ei ikin\u00e4 kerrota kenellek\u00e4\u00e4n, mutta t\u00e4ll\u00e4 retkell\u00e4p\u00e4 kerrotaan, tule katsomaan ja kuuntelemaan! Koko perheelle sopiva puolituntinen ti-pe klo 17 ja la-su klo 11. Kullekin [&hellip;]<\/p>\n","protected":false},"author":1,"featured_media":0,"parent":498,"menu_order":0,"comment_status":"closed","ping_status":"closed","template":"","meta":{"_themeisle_gutenberg_block_has_review":false,"footnotes":""},"class_list":["post-775","page","type-page","status-publish","hentry"],"_links":{"self":[{"href":"https:\/\/kirjalitta.fi\/kirjalitta\/wp-json\/wp\/v2\/pages\/775","targetHints":{"allow":["GET"]}}],"collection":[{"href":"https:\/\/kirjalitta.fi\/kirjalitta\/wp-json\/wp\/v2\/pages"}],"about":[{"href":"https:\/\/kirjalitta.fi\/kirjalitta\/wp-json\/wp\/v2\/types\/page"}],"author":[{"embeddable":true,"href":"https:\/\/kirjalitta.fi\/kirjalitta\/wp-json\/wp\/v2\/users\/1"}],"replies":[{"embeddable":true,"href":"https:\/\/kirjalitta.fi\/kirjalitta\/wp-json\/wp\/v2\/comments?post=775"}],"version-history":[{"count":13,"href":"https:\/\/kirjalitta.fi\/kirjalitta\/wp-json\/wp\/v2\/pages\/775\/revisions"}],"predecessor-version":[{"id":1239,"href":"https:\/\/kirjalitta.fi\/kirjalitta\/wp-json\/wp\/v2\/pages\/775\/revisions\/1239"}],"up":[{"embeddable":true,"href":"https:\/\/kirjalitta.fi\/kirjalitta\/wp-json\/wp\/v2\/pages\/498"}],"wp:attachment":[{"href":"https:\/\/kirjalitta.fi\/kirjalitta\/wp-json\/wp\/v2\/media?parent=775"}],"curies":[{"name":"wp","href":"https:\/\/api.w.org\/{rel}","templated":true}]}}