{"id":744,"date":"2017-10-26T14:06:30","date_gmt":"2017-10-26T11:06:30","guid":{"rendered":"http:\/\/kirjalitta.fi\/?page_id=744"},"modified":"2018-10-24T14:34:28","modified_gmt":"2018-10-24T11:34:28","slug":"paatapahtuma-finlaysonilla-la-11-11-2017","status":"publish","type":"page","link":"https:\/\/kirjalitta.fi\/kirjalitta\/ohjelma\/ohjelma-2017\/paatapahtuma-finlaysonilla-la-11-11-2017\/","title":{"rendered":"P\u00e4\u00e4tapahtuma Finlaysonilla la 11.11.2017"},"content":{"rendered":"<h3 style=\"text-align: center;\">Kirjalitta huipentuu Finlaysonin alueella j\u00e4rjestett\u00e4v\u00e4\u00e4n p\u00e4\u00e4tapahtumaan lauantaina 11.11.2017.<br \/>\nLauantain ohjelmaan kuuluu Salaisuuksien mets\u00e4 Lastenkulttuurikeskus Rullassa ja lastenkirjakahvila liikekeskus Siperiassa.<br \/>\nMolemmissa tapahtumissa on tarjolla monipuolista ohjelmaa koko perheelle (vapaa p\u00e4\u00e4sy)!<br \/>\nTutustu tarkempaan ohjelmaan alla.<\/h3>\n<h1 style=\"text-align: left;\"><strong>Salaisuuksien mets\u00e4 Lastenkulttuurikeskus Rullassa klo 11-16<br \/>\n<\/strong><\/h1>\n<p style=\"text-align: left;\">Sukella keskelle mets\u00e4n salaisuuksia! Tule tutustumaan mets\u00e4aiheiseen Mets\u00e4npeitto-n\u00e4yttelyyn, askartelemaan satuolennolle sopivat korvakorut, selvitt\u00e4m\u00e4\u00e4n mik\u00e4 mets\u00e4n olento itse olisit ja tarinoimaan kirjailijavieraan\u00a0 kanssa! T\u00e4ti Taikakyn\u00e4n kuvitettu tarinatuokio klo 11.15. Kirjailijavieraina tietokirjailija ja keijuasiantuntija Marjut Hjelt, kirjailija Jukka Laajarinne sek\u00e4 kuvittaja Karoliina Pertamo. Kulttuuriosuuskunta Uulu esiintyy klo 15. Lis\u00e4ksi satunurkkaus ja kirja-arvontoja!<\/p>\n<p style=\"text-align: left;\"><strong>AIKATAULU:<\/strong><\/p>\n<p style=\"text-align: left;\">11.00 Tapahtuman avaus &#8211; juontajana runoilija Janette Hannukainen<\/p>\n<p style=\"text-align: left;\">11.15 T\u00e4ti Taikakyn\u00e4n kuvitettu tarinatuokio (kesto n. 30 min)<\/p>\n<p style=\"text-align: left;\">11.30 alkaen Sanataideyhdistys Y\u00f6st\u00e4j\u00e4n satumittauspiste. Tule selvitt\u00e4m\u00e4\u00e4n, mik\u00e4 mets\u00e4n olento itse olisit! (non-stop ty\u00f6paja)<\/p>\n<p style=\"text-align: left;\">12.00 Kirja-arvonta &amp; kuvittaja Karoliina Pertamon ty\u00f6paja (kesto n. 45 min), jossa askartelua liittyen Mila Ter\u00e4ksen kirjoittamaan ja Karoliina Pertamon kuvittamaan kirjaan Kettu ja v\u00e4rit.<\/p>\n<p style=\"text-align: left;\">13.00 Kirja-arvonta &amp; ty\u00f6paja, jossa askarrellaan satuolennoille sopivia korvakoruja tietokirjailija ja keijuasiantuntija Marjut Hjeltin ohjauksessa (kesto n. 45 min).<\/p>\n<p style=\"text-align: left;\">14.00 Kirja-arvonta &amp; kirjailija Jukka Laajarinteen tarinaty\u00f6paja &#8211; tule keksim\u00e4\u00e4n omaa tarinaa kirjailijan kanssa!<\/p>\n<p style=\"text-align: left;\">15.00 Kulttuuriosuuskunta Uulun mets\u00e4aiheinen konsertti<\/p>\n<div id=\"attachment_719\" style=\"width: 210px\" class=\"wp-caption aligncenter\"><img loading=\"lazy\" decoding=\"async\" aria-describedby=\"caption-attachment-719\" class=\"wp-image-719 size-medium\" src=\"https:\/\/kirjalitta.fi\/kirjalitta\/wp-content\/uploads\/2017\/09\/Marjut-Hjelt-200x300.jpg\" alt=\"\" width=\"200\" height=\"300\" srcset=\"https:\/\/kirjalitta.fi\/kirjalitta\/wp-content\/uploads\/2017\/09\/Marjut-Hjelt-200x300.jpg 200w, https:\/\/kirjalitta.fi\/kirjalitta\/wp-content\/uploads\/2017\/09\/Marjut-Hjelt-683x1024.jpg 683w, https:\/\/kirjalitta.fi\/kirjalitta\/wp-content\/uploads\/2017\/09\/Marjut-Hjelt.jpg 712w\" sizes=\"auto, (max-width: 200px) 100vw, 200px\" \/><p id=\"caption-attachment-719\" class=\"wp-caption-text\">Tietokirjailija ja keijuasiantuntija Marjut Hjelt<\/p><\/div>\n<div id=\"attachment_718\" style=\"width: 310px\" class=\"wp-caption aligncenter\"><img loading=\"lazy\" decoding=\"async\" aria-describedby=\"caption-attachment-718\" class=\"wp-image-718 size-medium\" src=\"https:\/\/kirjalitta.fi\/kirjalitta\/wp-content\/uploads\/2017\/09\/Karoliina-Pertamo-300x167.jpg\" alt=\"\" width=\"300\" height=\"167\" srcset=\"https:\/\/kirjalitta.fi\/kirjalitta\/wp-content\/uploads\/2017\/09\/Karoliina-Pertamo-300x167.jpg 300w, https:\/\/kirjalitta.fi\/kirjalitta\/wp-content\/uploads\/2017\/09\/Karoliina-Pertamo-768x428.jpg 768w, https:\/\/kirjalitta.fi\/kirjalitta\/wp-content\/uploads\/2017\/09\/Karoliina-Pertamo-1024x571.jpg 1024w, https:\/\/kirjalitta.fi\/kirjalitta\/wp-content\/uploads\/2017\/09\/Karoliina-Pertamo-800x446.jpg 800w, https:\/\/kirjalitta.fi\/kirjalitta\/wp-content\/uploads\/2017\/09\/Karoliina-Pertamo.jpg 1292w\" sizes=\"auto, (max-width: 300px) 100vw, 300px\" \/><p id=\"caption-attachment-718\" class=\"wp-caption-text\">Kuvittaja Karoliina Pertamo<\/p><\/div>\n<div id=\"attachment_717\" style=\"width: 225px\" class=\"wp-caption aligncenter\"><img loading=\"lazy\" decoding=\"async\" aria-describedby=\"caption-attachment-717\" class=\"wp-image-717 size-medium\" src=\"https:\/\/kirjalitta.fi\/kirjalitta\/wp-content\/uploads\/2017\/09\/Jukka-Laajarinne-kuva-Tommi-Anttonen-215x300.jpg\" alt=\"\" width=\"215\" height=\"300\" srcset=\"https:\/\/kirjalitta.fi\/kirjalitta\/wp-content\/uploads\/2017\/09\/Jukka-Laajarinne-kuva-Tommi-Anttonen-215x300.jpg 215w, https:\/\/kirjalitta.fi\/kirjalitta\/wp-content\/uploads\/2017\/09\/Jukka-Laajarinne-kuva-Tommi-Anttonen-768x1070.jpg 768w, https:\/\/kirjalitta.fi\/kirjalitta\/wp-content\/uploads\/2017\/09\/Jukka-Laajarinne-kuva-Tommi-Anttonen-735x1024.jpg 735w, https:\/\/kirjalitta.fi\/kirjalitta\/wp-content\/uploads\/2017\/09\/Jukka-Laajarinne-kuva-Tommi-Anttonen-800x1115.jpg 800w, https:\/\/kirjalitta.fi\/kirjalitta\/wp-content\/uploads\/2017\/09\/Jukka-Laajarinne-kuva-Tommi-Anttonen.jpg 1526w\" sizes=\"auto, (max-width: 215px) 100vw, 215px\" \/><p id=\"caption-attachment-717\" class=\"wp-caption-text\">Kirjailija Jukka Laajarinne (kuva: Tommi Anttonen)<\/p><\/div>\n<h1 style=\"text-align: left;\"><strong>Lastenkirjakahvila Pala Caf\u00e9ssa Siperian aulassa klo 11-15<br \/>\n<\/strong><\/h1>\n<p style=\"text-align: left;\">Siperian lastenkirjakahvilassa on luvassa muun muassa kirjailijahaastatteluita, lasten omista teksteist\u00e4 toimitetun Syyss\u00e4hik\u00e4isen julkaisu, ty\u00f6pajoja, myyntipisteit\u00e4 ja Koko maailman tarinateltta. Kirjailijavieraana tietokirjailija Marjut Hjelt, kirjailija Jukka Laajarinne, runoilija Raisa J\u00e4ntti sek\u00e4 kuvittaja Karoliina Pertamo, joita haastattelee Lastenkirjainstituutin toiminnanjohtaja Kaisa Laaksonen.<br \/>\nTule piipahtamaan koko perheell\u00e4 tai viihtym\u00e4\u00e4n pidemm\u00e4ksikin aikaa kahvilan herkkujen, lastenkirjallisuuden ja muun toiminnan pariin!<\/p>\n<p style=\"text-align: left;\"><strong>AIKATAULU:<\/strong><\/p>\n<p style=\"text-align: left;\">11.30 runoilija Raisa J\u00e4ntin haastattelu<\/p>\n<p style=\"text-align: left;\">12.00 Syyss\u00e4hik\u00e4isen julkaisu (Sanataideyhdistys Y\u00f6st\u00e4j\u00e4)<\/p>\n<p style=\"text-align: left;\">12.30 tietokirjailija Marjut Hjeltin haastattelu<\/p>\n<p style=\"text-align: left;\">13.00 kuvittaja Karoliina Pertamon haastattelu<\/p>\n<p style=\"text-align: left;\">13.30 kirjailija Jukka Laajarinteen haastattelu<\/p>\n<p>14.30 Suuri lukuseikkailu -kirjan esittely ja lastenkirjajumppa, Kaisa Laaksonen<\/p>\n<p style=\"text-align: left;\"><strong>MYYNTIPISTEIT\u00c4 JA TOIMINTAA:<\/strong><\/p>\n<p style=\"text-align: left;\">T\u00e4ti Taikakyn\u00e4 piirt\u00e4\u00e4 lapsille klo 13-15.<\/p>\n<p style=\"text-align: left;\">V\u00e4ritett\u00e4v\u00e4n lastenrunokirja Nepparin (2017) julkaissut Raisa J\u00e4ntti pit\u00e4\u00e4 v\u00e4rityspistett\u00e4 klo 11-13.30.<\/p>\n<p style=\"text-align: left;\">Paikalla on my\u00f6s kirjojen myyji\u00e4, kuten Amusantti.<br \/>\nEtana Editions pit\u00e4\u00e4 myyntipistett\u00e4 ja hauskaa sienity\u00f6pajaa.<br \/>\nLastenkirjainstituutin p\u00f6yd\u00e4st\u00e4 voi ostaa esiintyjien kirjoja.<\/p>\n<p style=\"text-align: left;\">Kirjakahvilassa voi tutustua <a href=\"https:\/\/tampere.mll.fi\/monikulttuurinen-ystava-ja-perhe\/koko-maailman-tarinateltta2\/\" target=\"_blank\" rel=\"noopener\">Koko maailman tarinatelttaan<\/a>, jossa on mahdollista tutustua satuihin monilla eri kielill\u00e4 ja taltioida omat tarinat osaksi MLL Tampereen osaston Kaiken maailman tarinoita -kokoelmaa.<\/p>\n<p>Sanataideyhdistys\u00a0Y\u00f6st\u00e4j\u00e4n\u00a0sanataiteellinen\u00a0toimintapiste. Y\u00f6st\u00e4j\u00e4n\u00a0pisteell\u00e4\u00a0voi\u00a0selvitt\u00e4\u00e4,\u00a0millainen\u00a0on\u00a0oma\u00a0salainen\u00a0yst\u00e4v\u00e4\u00a0ja tutustua\u00a0lasten\u00a0ja\u00a0nuorten\u00a0sanataidekasvatukseen.\u00a0Paikalla\u00a0on\u00a0my\u00f6s\u00a0nuoria sanataideharrastajia.<\/p>\n<p style=\"text-align: left;\">Miina ja Manu t\u00e4ytt\u00e4v\u00e4t t\u00e4n\u00e4 vuonna 35 vuotta. Juhlavuoden kunniaksi Satukustannuksen osastolta l\u00f6ytyy pieni kirjasto, jossa on tuoreita Miina ja Manu -uutuuksia sek\u00e4 ihania ikisuosikkeja. Satukustannuksen pisteell\u00e4 voi my\u00f6s istahtaa lueskelemaan mukavaan lukutuoliin ja nauttimaan tarinoiden tunnelmasta.<\/p>\n<p><img loading=\"lazy\" decoding=\"async\" class=\"wp-image-755 size-medium aligncenter\" src=\"https:\/\/kirjalitta.fi\/kirjalitta\/wp-content\/uploads\/2017\/10\/Miina-ja-Manu-274x300.png\" alt=\"\" width=\"274\" height=\"300\" srcset=\"https:\/\/kirjalitta.fi\/kirjalitta\/wp-content\/uploads\/2017\/10\/Miina-ja-Manu-274x300.png 274w, https:\/\/kirjalitta.fi\/kirjalitta\/wp-content\/uploads\/2017\/10\/Miina-ja-Manu.png 746w\" sizes=\"auto, (max-width: 274px) 100vw, 274px\" \/><\/p>\n<p>&nbsp;<\/p>\n","protected":false},"excerpt":{"rendered":"<p>Kirjalitta huipentuu Finlaysonin alueella j\u00e4rjestett\u00e4v\u00e4\u00e4n p\u00e4\u00e4tapahtumaan lauantaina 11.11.2017. Lauantain ohjelmaan kuuluu Salaisuuksien mets\u00e4 Lastenkulttuurikeskus Rullassa ja lastenkirjakahvila liikekeskus Siperiassa. Molemmissa tapahtumissa on tarjolla monipuolista ohjelmaa koko perheelle (vapaa p\u00e4\u00e4sy)! Tutustu tarkempaan ohjelmaan alla. Salaisuuksien mets\u00e4 Lastenkulttuurikeskus Rullassa klo 11-16 Sukella keskelle mets\u00e4n salaisuuksia! Tule tutustumaan mets\u00e4aiheiseen Mets\u00e4npeitto-n\u00e4yttelyyn, askartelemaan satuolennolle sopivat [&hellip;]<\/p>\n","protected":false},"author":1,"featured_media":0,"parent":498,"menu_order":0,"comment_status":"closed","ping_status":"closed","template":"","meta":{"_themeisle_gutenberg_block_has_review":false,"footnotes":""},"class_list":["post-744","page","type-page","status-publish","hentry"],"_links":{"self":[{"href":"https:\/\/kirjalitta.fi\/kirjalitta\/wp-json\/wp\/v2\/pages\/744","targetHints":{"allow":["GET"]}}],"collection":[{"href":"https:\/\/kirjalitta.fi\/kirjalitta\/wp-json\/wp\/v2\/pages"}],"about":[{"href":"https:\/\/kirjalitta.fi\/kirjalitta\/wp-json\/wp\/v2\/types\/page"}],"author":[{"embeddable":true,"href":"https:\/\/kirjalitta.fi\/kirjalitta\/wp-json\/wp\/v2\/users\/1"}],"replies":[{"embeddable":true,"href":"https:\/\/kirjalitta.fi\/kirjalitta\/wp-json\/wp\/v2\/comments?post=744"}],"version-history":[{"count":48,"href":"https:\/\/kirjalitta.fi\/kirjalitta\/wp-json\/wp\/v2\/pages\/744\/revisions"}],"predecessor-version":[{"id":1242,"href":"https:\/\/kirjalitta.fi\/kirjalitta\/wp-json\/wp\/v2\/pages\/744\/revisions\/1242"}],"up":[{"embeddable":true,"href":"https:\/\/kirjalitta.fi\/kirjalitta\/wp-json\/wp\/v2\/pages\/498"}],"wp:attachment":[{"href":"https:\/\/kirjalitta.fi\/kirjalitta\/wp-json\/wp\/v2\/media?parent=744"}],"curies":[{"name":"wp","href":"https:\/\/api.w.org\/{rel}","templated":true}]}}