{"id":6,"date":"2015-09-15T12:21:51","date_gmt":"2015-09-15T09:21:51","guid":{"rendered":"http:\/\/kirjalitta.fi\/kirjalitta\/?page_id=6"},"modified":"2018-10-24T14:33:27","modified_gmt":"2018-10-24T11:33:27","slug":"ohjelma-2016","status":"publish","type":"page","link":"https:\/\/kirjalitta.fi\/kirjalitta\/ohjelma\/ohjelma-2016\/","title":{"rendered":"Kirjalitta 2016"},"content":{"rendered":"<h3><strong>Kirjalitta-p\u00e4\u00e4tapahtuma:<br \/>\nLa 12.11. klo 11-16 Y\u00f6kyl\u00e4ss\u00e4-sanataidefestivaali Finlaysonilla<\/strong><\/h3>\n<p>Lastenkirja- ja sanataidefestivaali Kirjalitan p\u00e4\u00e4tapahtuma j\u00e4rjestet\u00e4\u00e4n Lastenkulttuurikeskus Rullassa ja Finlaysonilla lauantaina. Tapahtumassa kohdataan erilaisia y\u00f6n olentoja, sanataiteilijoita ja kirjailijoita (Kirsi Kunnas, Magdalena Hai, Tuutikki Tolonen, Laura Ertimo, Alexandra Salmela). Luvassa on erilaisia ty\u00f6pajoja, esityksi\u00e4, lasten y\u00f6kerho, kirja-arvontoja ja paljon muuta. Kauppakeskus Siperian Caf\u00e9 Pala toimii p\u00e4iv\u00e4n ajan lastenkirjakahvilana, mist\u00e4 voit napata mukaasi oman runon, osallistua ty\u00f6pajoihin ja kuunnella kirjailijahaastatteluja kahvin \u00e4\u00e4rell\u00e4. Toiminnallinen tapahtumap\u00e4iv\u00e4 on suunnattu koko perheelle. Tervetuloa mukaan! <a href=\"http:\/\/www.tampere.fi\/rulla\">Lastenkulttuurikeskus Rulla<\/a>, Finlaysoninkuja 6, Tampere.<br \/>\n<a href=\"https:\/www.facebook.com\/events\/1856465067920815\">Kurkista tapahtuman FB-sivulle<\/a>.<\/p>\n<p><a href=\"https:\/\/kirjalitta.fi\/kirjalitta\/kirjalitta-2016-paatapahtuma-yokylassa\/\">Tapahtuman ohjelma<\/a><br \/>\n<a class=\"text_exposed_show\" href=\"https:\/\/kirjalitta.fi\/kirjalitta\/wp-content\/uploads\/2015\/09\/yokylassa.jpg\"><img loading=\"lazy\" decoding=\"async\" class=\"alignnone wp-image-441 size-large\" src=\"https:\/\/kirjalitta.fi\/kirjalitta\/wp-content\/uploads\/2015\/09\/yokylassa-1024x576.jpg\" alt=\"yokylassa\" width=\"960\" height=\"540\" srcset=\"https:\/\/kirjalitta.fi\/kirjalitta\/wp-content\/uploads\/2015\/09\/yokylassa-1024x576.jpg 1024w, https:\/\/kirjalitta.fi\/kirjalitta\/wp-content\/uploads\/2015\/09\/yokylassa-300x169.jpg 300w, https:\/\/kirjalitta.fi\/kirjalitta\/wp-content\/uploads\/2015\/09\/yokylassa-610x343.jpg 610w, https:\/\/kirjalitta.fi\/kirjalitta\/wp-content\/uploads\/2015\/09\/yokylassa.jpg 1920w\" sizes=\"auto, (max-width: 960px) 100vw, 960px\" \/><\/a><\/p>\n<h2>Muut tapahtumat<\/h2>\n<h3><strong>To 10.11.klo 10-15.30 Sanataidekahvila lapsiperheille Perheiden talossa<\/strong><\/h3>\n<p>Lorukylpyj\u00e4 0-2-vuotiaille, satuty\u00f6paja 3-5-vuotiaille, runo-ongintaa, minisatuja, lukukoira, kirjoja ja kirjavinkkej\u00e4 ja syksyisi\u00e4 kuvituksia. Perheiden talo, Tammelakeskus (Itsen\u00e4isyydenkatu 21 B, Tampere).<br \/>\nLue lis\u00e4\u00e4: <a href=\"https:\/\/kirjalitta.fi\/kirjalitta\/wp-content\/uploads\/2015\/09\/sanataidekahvila_tammela-2.pdf\">Sanataidekahvila<br \/>\n<\/a><a href=\"https:\/\/www.facebook.com\/events\/1119242441462372\/\">Kurkista tapahtuman FB-sivulle<\/a><\/p>\n<p><a href=\"https:\/\/kirjalitta.fi\/kirjalitta\/wp-content\/uploads\/2015\/09\/sanataidekahvila.jpg\"><img loading=\"lazy\" decoding=\"async\" class=\"alignnone size-medium wp-image-443\" src=\"https:\/\/kirjalitta.fi\/kirjalitta\/wp-content\/uploads\/2015\/09\/sanataidekahvila-300x169.jpg\" alt=\"sanataidekahvila\" width=\"300\" height=\"169\" srcset=\"https:\/\/kirjalitta.fi\/kirjalitta\/wp-content\/uploads\/2015\/09\/sanataidekahvila-300x169.jpg 300w, https:\/\/kirjalitta.fi\/kirjalitta\/wp-content\/uploads\/2015\/09\/sanataidekahvila-1024x576.jpg 1024w, https:\/\/kirjalitta.fi\/kirjalitta\/wp-content\/uploads\/2015\/09\/sanataidekahvila-610x343.jpg 610w, https:\/\/kirjalitta.fi\/kirjalitta\/wp-content\/uploads\/2015\/09\/sanataidekahvila.jpg 1920w\" sizes=\"auto, (max-width: 300px) 100vw, 300px\" \/><\/a><\/p>\n<h3><strong>To 10.11. klo 13 kirjailijavieras Siiri Enoranta P\u00e4\u00e4kirjasto Metsossa<br \/>\n<\/strong><\/h3>\n<p>Tamperelainen Siiri Enoranta on ollut Finlandia Junior -ehdokkaana vuonna 2015 romaanillaan Surunhauras, lasinter\u00e4v\u00e4 sek\u00e4 esikoisteoksellaan Omenmean vallanhaltija (2009). H\u00e4n on saanut romaaneistaan Nukkuu lapsi viallinen (2010) sek\u00e4 Nokkosvallankumous (2013) Tampereen kaupungin luovan ty\u00f6n kirjallisuuspalkinnon. Lis\u00e4ksi h\u00e4nen kirjansa ovat olleet Runeberg-, Topelius- sek\u00e4 Kuvastaja -palkintoehdokkaina. (P\u00e4\u00e4kirjasto Metso, Pirkankatu 2)<\/p>\n<div id=\"attachment_444\" style=\"width: 310px\" class=\"wp-caption alignnone\"><a href=\"https:\/\/kirjalitta.fi\/kirjalitta\/wp-content\/uploads\/2015\/09\/siiri_enoranta_pieni.jpg\"><img loading=\"lazy\" decoding=\"async\" aria-describedby=\"caption-attachment-444\" class=\"size-medium wp-image-444\" src=\"https:\/\/kirjalitta.fi\/kirjalitta\/wp-content\/uploads\/2015\/09\/siiri_enoranta_pieni-300x200.jpg\" alt=\"Siiri Enoranta\" width=\"300\" height=\"200\" srcset=\"https:\/\/kirjalitta.fi\/kirjalitta\/wp-content\/uploads\/2015\/09\/siiri_enoranta_pieni-300x200.jpg 300w, https:\/\/kirjalitta.fi\/kirjalitta\/wp-content\/uploads\/2015\/09\/siiri_enoranta_pieni-610x407.jpg 610w, https:\/\/kirjalitta.fi\/kirjalitta\/wp-content\/uploads\/2015\/09\/siiri_enoranta_pieni.jpg 900w\" sizes=\"auto, (max-width: 300px) 100vw, 300px\" \/><\/a><p id=\"caption-attachment-444\" class=\"wp-caption-text\">Siiri Enoranta<\/p><\/div>\n<h3>To 10.11. klo 18-19.30 Tarinaliukuhihna Sampolan kirjastossa<\/h3>\n<p>Oletko aina halunnut tehd\u00e4 tarinoita, mutta sinulla ei pysy kyn\u00e4 k\u00e4dess\u00e4? Haluaisitko tiiliskiviromaanien tilalle nopeampaa luettavaa? Tarinaliukuhihna ratkaisee ongelmasi! TILAA TARINA iltasi ratoksi! Tarina valmistuu tehokkaana tehdasty\u00f6n\u00e4 sanataiteilijoiden liukuhihnalla mutta on silti k\u00e4sinkirjoitettu ja uniikki tuote. Sammonkatu 2, Tampere. Vapaa p\u00e4\u00e4sy. J\u00e4rjest\u00e4\u00e4 Viita-akatemian sanataidekoulun Kuiske-ryhm\u00e4.<\/p>\n<h3>Pe 11.11. \u00c4\u00e4rimm\u00e4isen salainen salapoliisikiertue l\u00e4hikirjastoissa<\/h3>\n<p>Salapoliisiopisto on saapunut kaupunkiin! Kirjailija Jari M\u00e4kip\u00e4\u00e4 ja Sanataideyhdistys Y\u00f6st\u00e4j\u00e4n sanataideagentit P ja M asettavat nelj\u00e4sluokkalaisten salapoliisinkyvyt tiukkaan testiin Koilliskeskuksen ja Hervannan kirjastoissa. Kuinka kirjoitetaan salapoliisitarina? Millaisia taitoja vaaditaan sanataideagenttien salaisen korkeakoulun p\u00e4\u00e4sykokeen l\u00e4p\u00e4isemiseen? Tapahtuma on tarkoitettu tilaisuuteen ennalta kutsutuille luokille.<\/p>\n<h3><strong>La 12.11. klo 12 &amp; 15 Kaupunkiretki tietokirjailija Iiris Kalliolan kanssa<\/strong><\/h3>\n<p><a href=\"https:\/\/kirjalitta.fi\/kirjalitta\/wp-content\/uploads\/2016\/11\/Iiris-Kalliola-pieni.jpg\"><img loading=\"lazy\" decoding=\"async\" class=\"alignleft wp-image-456 size-medium\" src=\"https:\/\/kirjalitta.fi\/kirjalitta\/wp-content\/uploads\/2016\/11\/Iiris-Kalliola-pieni-300x225.jpg\" alt=\"iiris-kalliola-pieni\" width=\"300\" height=\"225\" srcset=\"https:\/\/kirjalitta.fi\/kirjalitta\/wp-content\/uploads\/2016\/11\/Iiris-Kalliola-pieni-300x225.jpg 300w, https:\/\/kirjalitta.fi\/kirjalitta\/wp-content\/uploads\/2016\/11\/Iiris-Kalliola-pieni-1024x768.jpg 1024w, https:\/\/kirjalitta.fi\/kirjalitta\/wp-content\/uploads\/2016\/11\/Iiris-Kalliola-pieni-610x458.jpg 610w\" sizes=\"auto, (max-width: 300px) 100vw, 300px\" \/><\/a>Luonto el\u00e4\u00e4 kaikkialla ymp\u00e4rill\u00e4mme, my\u00f6s talvella. Vaikka luontoretki Tampereen keskustaan marraskuussa voi kuulostaa hullulta, juuri nyt on kutkuttava aika keskitty\u00e4 tutkimaan kaupungin kolosiin piiloutunutta luontoa. Tietokirjailija Iiris Kalliola johdattaa lapset ja vanhemmat lauantaina 12.11. eriskummalliselle luontoretkelle, jonka aikana pohditaan muun muassa mink\u00e4laisia el\u00e4imi\u00e4 ja lintuja kaupungista l\u00f6ytyy ja miss\u00e4 ne piilottelevat talvella? Mit\u00e4 kuuluu puiston puille, ent\u00e4p\u00e4 kastemadoille, muurahaisille ja perhosille?\u00a0 <strong>Iiris Kalliola<\/strong> (s. 1959 Valkeakoski) \u00a0on suomalainen tietokirjailija. H\u00e4n on kirjoittanut ja suomentanut tietokirjoja biologian alalta erityisesti lapsille.<\/p>\n<p>K\u00e4velykierrokset alkavat kokoontumisella Lastenkirjainstituutissa (Puutarhakatu 11, Tampere), mink\u00e4 j\u00e4lkeen siirryt\u00e4\u00e4n k\u00e4velylle Tampereen ydinkeskustaan. Kierros on suunnattu etenkin alakouluik\u00e4isille lapsille, mutta my\u00f6s nuoremmat ja vanhemmat ovat tervetulleita! Ennakkoilmoittautuminen viimeist\u00e4\u00e4n torstaina 10.11. <a href=\"mailto:info@lastenkirjainstituutti.fi\">info(a)lastenkirjainstituutti.fi<\/a> \/ 050 4632 786. Vapaa p\u00e4\u00e4sy! Tapahtuman tarjoaa Suomen tietokirjailijat ry.<\/p>\n<h3><strong> Suomen nuorisokirjailijoiden kirjailijakiertue<\/strong><\/h3>\n<p>Suomen nuorisokirjailijat osallistuu j\u00e4lleen Kirjalitta-festivaalille kolmen kirjailijan voimin. Mukana ovat t\u00e4n\u00e4 vuonna Tuutikki Tolonen, Jari M\u00e4kip\u00e4\u00e4 ja Magdalena Hai.<\/p>\n<p><strong>Jari M\u00e4kip\u00e4\u00e4<\/strong><br \/>\nSalapoliisikiertue kirjastoissa 11.11. (Koilliskeskus ja Hervannan kirjasto)<\/p>\n<p><strong>Tuutikki Tolonen<\/strong><br \/>\nY\u00f6kyl\u00e4ss\u00e4-festivaali 12.11. klo 11.30 (Pala Caf\u00e9, Siperian kauppakeskus) ja 12.00 (Lastenkulttuurikeskus Rulla)<\/p>\n<p><strong>Magdalena Hai<\/strong><br \/>\nY\u00f6kyl\u00e4ss\u00e4 festivaali 12.11. klo 13.30 (Pala Caf\u00e9, Siperian kauppakeskus) ja 14.00 (Lastenkulttuurikeskus Rulla)<\/p>\n<p><a href=\"https:\/\/kirjalitta.fi\/kirjalitta\/wp-content\/uploads\/2015\/09\/tuutikkitolonen_kuva.jpg\"><img loading=\"lazy\" decoding=\"async\" class=\"wp-image-409 size-medium alignleft\" src=\"https:\/\/kirjalitta.fi\/kirjalitta\/wp-content\/uploads\/2015\/09\/tuutikkitolonen_kuva-200x300.jpg\" alt=\"tuutikkitolonen_kuva\" width=\"200\" height=\"300\" srcset=\"https:\/\/kirjalitta.fi\/kirjalitta\/wp-content\/uploads\/2015\/09\/tuutikkitolonen_kuva-200x300.jpg 200w, https:\/\/kirjalitta.fi\/kirjalitta\/wp-content\/uploads\/2015\/09\/tuutikkitolonen_kuva.jpg 413w\" sizes=\"auto, (max-width: 200px) 100vw, 200px\" \/><\/a><a href=\"https:\/\/kirjalitta.fi\/kirjalitta\/wp-content\/uploads\/2015\/09\/magdalenahai_kuva.jpg\"><img loading=\"lazy\" decoding=\"async\" class=\"wp-image-410 size-medium alignleft\" src=\"https:\/\/kirjalitta.fi\/kirjalitta\/wp-content\/uploads\/2015\/09\/magdalenahai_kuva-200x300.jpg\" alt=\"magdalenahai_kuva\" width=\"200\" height=\"300\" srcset=\"https:\/\/kirjalitta.fi\/kirjalitta\/wp-content\/uploads\/2015\/09\/magdalenahai_kuva-200x300.jpg 200w, https:\/\/kirjalitta.fi\/kirjalitta\/wp-content\/uploads\/2015\/09\/magdalenahai_kuva.jpg 413w\" sizes=\"auto, (max-width: 200px) 100vw, 200px\" \/><\/a><a href=\"https:\/\/kirjalitta.fi\/kirjalitta\/wp-content\/uploads\/2015\/09\/jarimakipaa_kuva.jpg\"><img loading=\"lazy\" decoding=\"async\" class=\"wp-image-411 size-medium alignleft\" src=\"https:\/\/kirjalitta.fi\/kirjalitta\/wp-content\/uploads\/2015\/09\/jarimakipaa_kuva-200x300.jpg\" alt=\"jarimakipaa_kuva\" width=\"200\" height=\"300\" srcset=\"https:\/\/kirjalitta.fi\/kirjalitta\/wp-content\/uploads\/2015\/09\/jarimakipaa_kuva-200x300.jpg 200w, https:\/\/kirjalitta.fi\/kirjalitta\/wp-content\/uploads\/2015\/09\/jarimakipaa_kuva.jpg 413w\" sizes=\"auto, (max-width: 200px) 100vw, 200px\" \/><\/a><\/p>\n<p>&nbsp;<\/p>\n<p>&nbsp;<\/p>\n<p>&nbsp;<\/p>\n<p>&nbsp;<\/p>\n<p>&nbsp;<\/p>\n<p>&nbsp;<\/p>\n<p>&nbsp;<\/p>\n<h2>N\u00e4yttelyt<\/h2>\n<p>Viikon aikana j\u00e4rjestet\u00e4\u00e4n lasten sanataiden\u00e4yttelyit\u00e4 ymp\u00e4ri Tamperetta. Tarkemmat tiedot n\u00e4yttelyn <a href=\"https:\/\/www.facebook.com\/events\/1736225823369748\/\">Facebook-sivulta<\/a>. N\u00e4yttelyt tuottaa Sanataideyhdistys Y\u00f6st\u00e4j\u00e4 ry.<\/p>\n<h3><strong> Kid E-Lit &#8211; pohjoismaisia lastenkirjasovelluksia p\u00e4\u00e4kirjasto Metsossa 7.11. alkaen<\/strong><\/h3>\n<p>Kirjasovellus on lukukokemus, jossa tarinaan p\u00e4\u00e4see uudella tavalla k\u00e4siksi. Kid E-Lit -n\u00e4yttelykiertue tuo syksyll\u00e4 2016 pohjoismaisia lasten- ja nuortenkirjasovelluksia kirjastoihin. Sovelluksia on esill\u00e4 suomen-, ruotsin-, saamen-, tanskan- ja englanninkielisin\u00e4. Kaikenik\u00e4isille suunnatussa n\u00e4yttelyss\u00e4 voi tutustua my\u00f6s kirjallisuuden s\u00e4hk\u00f6istymisen vaiheisiin teknologian kehityskaarta seuraten. N\u00e4yttelyn on tuottanut Lastenkirjainstituutti. P\u00e4\u00e4kirjasto Metso, Pirkankatu 2, Tampere. <a href=\"http:\/\/lastenkirjainstituutti.fi\/kirjasto\/kirjanayttelyt\/kidelit\">Lue lis\u00e4\u00e4<\/a><br \/>\n<a href=\"https:\/\/kirjalitta.fi\/kirjalitta\/wp-content\/uploads\/2015\/09\/kid_e-lit_fb.jpg\"><img loading=\"lazy\" decoding=\"async\" class=\"alignnone wp-image-419 size-medium\" src=\"https:\/\/kirjalitta.fi\/kirjalitta\/wp-content\/uploads\/2015\/09\/kid_e-lit_fb-300x111.jpg\" alt=\"kid_e-lit_fb\" width=\"300\" height=\"111\" srcset=\"https:\/\/kirjalitta.fi\/kirjalitta\/wp-content\/uploads\/2015\/09\/kid_e-lit_fb-300x111.jpg 300w, https:\/\/kirjalitta.fi\/kirjalitta\/wp-content\/uploads\/2015\/09\/kid_e-lit_fb-1024x379.jpg 1024w, https:\/\/kirjalitta.fi\/kirjalitta\/wp-content\/uploads\/2015\/09\/kid_e-lit_fb-610x226.jpg 610w, https:\/\/kirjalitta.fi\/kirjalitta\/wp-content\/uploads\/2015\/09\/kid_e-lit_fb.jpg 1773w\" sizes=\"auto, (max-width: 300px) 100vw, 300px\" \/><\/a><\/p>\n<h2>Sosiaalinen media<\/h2>\n<p>Kirjalitta-festivaalille voi osallistua my\u00f6s sosiaalisessa mediassa.<\/p>\n<p><strong>#kirjalitta-haaste<\/strong><br \/>\nMik\u00e4 onkaan parempi tapa pelata kirjalittaa kuin jakaa lempikirjoja yst\u00e4vien kesken! Toimi siis n\u00e4in:<br \/>\n1. Lataa oma kirjavinkkivideo tai -kuva sosiaaliseen mediaan<br \/>\n2. Merkitse se tunnuksella #kirjalitta ja #tartutarinaan<br \/>\n3. Suosittele kirjaa kolmelle ihmiselle ja vie n\u00e4in haastetta eteenp\u00e4in!<\/p>\n<p>&nbsp;<\/p>\n","protected":false},"excerpt":{"rendered":"<p>Kirjalitta-p\u00e4\u00e4tapahtuma: La 12.11. klo 11-16 Y\u00f6kyl\u00e4ss\u00e4-sanataidefestivaali Finlaysonilla Lastenkirja- ja sanataidefestivaali Kirjalitan p\u00e4\u00e4tapahtuma j\u00e4rjestet\u00e4\u00e4n Lastenkulttuurikeskus Rullassa ja Finlaysonilla lauantaina. Tapahtumassa kohdataan erilaisia y\u00f6n olentoja, sanataiteilijoita ja kirjailijoita (Kirsi Kunnas, Magdalena Hai, Tuutikki Tolonen, Laura Ertimo, Alexandra Salmela). Luvassa on erilaisia ty\u00f6pajoja, esityksi\u00e4, lasten y\u00f6kerho, kirja-arvontoja ja paljon muuta. Kauppakeskus Siperian Caf\u00e9 [&hellip;]<\/p>\n","protected":false},"author":1,"featured_media":0,"parent":896,"menu_order":0,"comment_status":"closed","ping_status":"closed","template":"","meta":{"_themeisle_gutenberg_block_has_review":false,"footnotes":""},"class_list":["post-6","page","type-page","status-publish","hentry"],"_links":{"self":[{"href":"https:\/\/kirjalitta.fi\/kirjalitta\/wp-json\/wp\/v2\/pages\/6","targetHints":{"allow":["GET"]}}],"collection":[{"href":"https:\/\/kirjalitta.fi\/kirjalitta\/wp-json\/wp\/v2\/pages"}],"about":[{"href":"https:\/\/kirjalitta.fi\/kirjalitta\/wp-json\/wp\/v2\/types\/page"}],"author":[{"embeddable":true,"href":"https:\/\/kirjalitta.fi\/kirjalitta\/wp-json\/wp\/v2\/users\/1"}],"replies":[{"embeddable":true,"href":"https:\/\/kirjalitta.fi\/kirjalitta\/wp-json\/wp\/v2\/comments?post=6"}],"version-history":[{"count":172,"href":"https:\/\/kirjalitta.fi\/kirjalitta\/wp-json\/wp\/v2\/pages\/6\/revisions"}],"predecessor-version":[{"id":1236,"href":"https:\/\/kirjalitta.fi\/kirjalitta\/wp-json\/wp\/v2\/pages\/6\/revisions\/1236"}],"up":[{"embeddable":true,"href":"https:\/\/kirjalitta.fi\/kirjalitta\/wp-json\/wp\/v2\/pages\/896"}],"wp:attachment":[{"href":"https:\/\/kirjalitta.fi\/kirjalitta\/wp-json\/wp\/v2\/media?parent=6"}],"curies":[{"name":"wp","href":"https:\/\/api.w.org\/{rel}","templated":true}]}}