{"id":498,"date":"2017-09-20T12:33:05","date_gmt":"2017-09-20T09:33:05","guid":{"rendered":"http:\/\/kirjalitta.fi\/?page_id=498"},"modified":"2018-10-24T14:33:43","modified_gmt":"2018-10-24T11:33:43","slug":"ohjelma-2017","status":"publish","type":"page","link":"https:\/\/kirjalitta.fi\/kirjalitta\/ohjelma\/ohjelma-2017\/","title":{"rendered":"Kirjalitta 2017"},"content":{"rendered":"<div style=\"padding-right: 10%; padding-left: 10%;\">\n<p id=\"top\" style=\"text-align: left;\">Salapoliisiteht\u00e4vi\u00e4 ja sensuroituja lastenkirjoja, sanataidetta ja salaisia p\u00e4iv\u00e4kirjoja \u2013 n\u00e4ist\u00e4 ja monesta muusta rakentuu 6.\u201312.11.2017 pidett\u00e4v\u00e4 Kirjalitta, jonka teema on t\u00e4n\u00e4 vuonna Eritt\u00e4in Salainen. Luvassa on viikon t\u00e4ydelt\u00e4 sanataidetta, kirjailijavieraita, ty\u00f6pajoja ja muuta ohjelmaa koko perheelle.<\/p>\n<p style=\"text-align: left;\">Kirjalitta levitt\u00e4ytyy t\u00e4n\u00e4 vuonna kaupungille, kulttuurikeskuksiin ja Muumimuseoon &#8211; p\u00e4\u00e4tapahtuma pidet\u00e4\u00e4n lauantaina 11.11.2017 Lastenkulttuurikeskus Rullassa klo 11-16 ja Siperian Pala Caf\u00e9ssa klo 11-15.<\/p>\n<p style=\"text-align: center;\">Tutustu koko ohjelmaan:<\/p>\n<p style=\"text-align: center;\"><a href=\"https:\/\/kirjalitta.fi\/kirjalitta\/paatapahtuma-finlaysonilla-la-11-11-2017\/\">Kirjalitan p\u00e4\u00e4tapahtuma lauantaina 11.11.2017<\/a><\/p>\n<p style=\"text-align: center;\"><a href=\"https:\/\/kirjalitta.fi\/kirjalitta\/muut-tapahtumat\/\">Muut tapahtumat 6.-12.11.2017<\/a><\/p>\n<p style=\"text-align: center;\"><a href=\"https:\/\/kirjalitta.fi\/kirjalitta\/nayttelyt\/\">N\u00e4yttelyt<\/a><\/p>\n<p style=\"text-align: center;\"><a href=\"https:\/\/kirjalitta.fi\/kirjalitta\/erittain-salainen-muumimuseo-7-12-11-2017\/\">Eritt\u00e4in Salainen Muumimuseo 7.-12.11.2017<\/a><\/p>\n<\/div>\n","protected":false},"excerpt":{"rendered":"<p>Salapoliisiteht\u00e4vi\u00e4 ja sensuroituja lastenkirjoja, sanataidetta ja salaisia p\u00e4iv\u00e4kirjoja \u2013 n\u00e4ist\u00e4 ja monesta muusta rakentuu 6.\u201312.11.2017 pidett\u00e4v\u00e4 Kirjalitta, jonka teema on t\u00e4n\u00e4 vuonna Eritt\u00e4in Salainen. Luvassa on viikon t\u00e4ydelt\u00e4 sanataidetta, kirjailijavieraita, ty\u00f6pajoja ja muuta ohjelmaa koko perheelle. Kirjalitta levitt\u00e4ytyy t\u00e4n\u00e4 vuonna kaupungille, kulttuurikeskuksiin ja Muumimuseoon &#8211; p\u00e4\u00e4tapahtuma pidet\u00e4\u00e4n lauantaina 11.11.2017 Lastenkulttuurikeskus [&hellip;]<\/p>\n","protected":false},"author":1,"featured_media":0,"parent":896,"menu_order":0,"comment_status":"closed","ping_status":"closed","template":"","meta":{"_themeisle_gutenberg_block_has_review":false,"footnotes":""},"class_list":["post-498","page","type-page","status-publish","hentry"],"_links":{"self":[{"href":"https:\/\/kirjalitta.fi\/kirjalitta\/wp-json\/wp\/v2\/pages\/498","targetHints":{"allow":["GET"]}}],"collection":[{"href":"https:\/\/kirjalitta.fi\/kirjalitta\/wp-json\/wp\/v2\/pages"}],"about":[{"href":"https:\/\/kirjalitta.fi\/kirjalitta\/wp-json\/wp\/v2\/types\/page"}],"author":[{"embeddable":true,"href":"https:\/\/kirjalitta.fi\/kirjalitta\/wp-json\/wp\/v2\/users\/1"}],"replies":[{"embeddable":true,"href":"https:\/\/kirjalitta.fi\/kirjalitta\/wp-json\/wp\/v2\/comments?post=498"}],"version-history":[{"count":107,"href":"https:\/\/kirjalitta.fi\/kirjalitta\/wp-json\/wp\/v2\/pages\/498\/revisions"}],"predecessor-version":[{"id":1238,"href":"https:\/\/kirjalitta.fi\/kirjalitta\/wp-json\/wp\/v2\/pages\/498\/revisions\/1238"}],"up":[{"embeddable":true,"href":"https:\/\/kirjalitta.fi\/kirjalitta\/wp-json\/wp\/v2\/pages\/896"}],"wp:attachment":[{"href":"https:\/\/kirjalitta.fi\/kirjalitta\/wp-json\/wp\/v2\/media?parent=498"}],"curies":[{"name":"wp","href":"https:\/\/api.w.org\/{rel}","templated":true}]}}