{"id":476,"date":"2016-11-09T14:23:34","date_gmt":"2016-11-09T12:23:34","guid":{"rendered":"http:\/\/kirjalitta.fi\/?page_id=476"},"modified":"2018-10-24T14:33:33","modified_gmt":"2018-10-24T11:33:33","slug":"kirjalitta-2016-paatapahtuma-yokylassa","status":"publish","type":"page","link":"https:\/\/kirjalitta.fi\/kirjalitta\/ohjelma\/ohjelma-2016\/kirjalitta-2016-paatapahtuma-yokylassa\/","title":{"rendered":"Kirjalitta 2016 p\u00e4\u00e4tapahtuma"},"content":{"rendered":"<p><span class=\"_4n-j fsl\">Unia, painajaisia, salamyhk\u00e4isi\u00e4 y\u00f6n olentoja&#8230; Kirjalitta -lastenkirja- ja sanataidefestivaalin p\u00e4\u00e4tapahtuman teema on t\u00e4n\u00e4 vuonna Y\u00f6kyl\u00e4ss\u00e4. Unenomaista sanataidetapahtumaa vietet\u00e4\u00e4n 12.11.2016 klo 11-16 Lastenkulttuurikeskus Rullassa ja Finlaysonilla. Tapahtumap\u00e4iv\u00e4n aikana tarinoidaan Sanataideyhdistys Y\u00f6st\u00e4j\u00e4n taianomaisissa ty\u00f6pajoissa, tulkitaan unia ja pakoillaan painajaisia, tutustutaan y\u00f6n olentoihin ja diskoillaan lasten y\u00f6kerhossa. Mukana ovat kirjailijavieraat Kirsi Kunnas, Tuutikki Tolonen, Magdaleena Hai, Alexandra Salmela sek\u00e4 tietokirjailija Laura Ertimo. Suomen tietokirjailijat ry. j\u00e4rjest\u00e4\u00e4 lauantaina my\u00f6s k\u00e4velykierroksia tietokirjailija Iiris Kalliolan seurassa. Kaiva siis esiin paras pyja<span class=\"text_exposed_show\">masi, muuntaudu y\u00f6lliseksi supersankariksi tai vaikkapa vampyyriksi ja sukella y\u00f6n seikkailuihin! Vapaa p\u00e4\u00e4sy!<\/span><\/span><\/p>\n<p>&nbsp;<\/p>\n<h2>OHJELMA:<\/h2>\n<h2><\/h2>\n<h3><strong>LASTENKULTTUURIKESKUS RULLA<\/strong><\/h3>\n<p>LAVALLA:<br \/>\nKlo 11-11.20 Tapahtuman avaus: Kirsi Kunnas lukee runojaan<br \/>\nKlo 12-12.45 Tuutikki Tolosen ty\u00f6paja Hui, m\u00f6rk\u00f6!<br \/>\nKlo 13-13.45 Laura Ertimon ty\u00f6paja Unelmien unipaikka<br \/>\nKlo 14-14.55 Magdalena Hain kauhuty\u00f6paja<br \/>\nKlo 15-16 Lasten y\u00f6kerho, DJ Y\u00f6kk\u00f6nen<br \/>\nKlo 16-16.40 Kuka lohduttaisi Nyyti\u00e4? Musiikkiesitys laulettuna ja viitottuna.<br \/>\nLis\u00e4ksi ohjelmanumeroiden v\u00e4liss\u00e4 kirja-arvontaa!<\/p>\n<p>VAUVANURKASSA:<br \/>\nKlo 11.45-12 Vauvojen ja taaperoiden v\u00e4sytysvartti: uniloruja<br \/>\nKlo 12.45-13 Vauvojen ja taaperoiden v\u00e4sytysvartti: uniloruja<br \/>\nKlo 13.30-15 Y\u00f6st\u00e4j\u00e4n Sigrid Frendi tulkitsee unia<\/p>\n<p>TY\u00d6PAJAPISTEISS\u00c4:<br \/>\nKlo 11.30-13 Y\u00f6st\u00e4j\u00e4n Y\u00f6voimatoimisto: selvit\u00e4 satumaailman ammattisi!<br \/>\nKlo 15-16 Y\u00f6olento-kuvitusty\u00f6paja<\/p>\n<p>N\u00c4YTTELYTILASSA koko tapahtuman ajan:<br \/>\nSuuri unisein\u00e4: mit\u00e4 unta olento n\u00e4kee?<br \/>\nPainajaisten roskakori: kirjoita oma painajaisesi ja sy\u00f6t\u00e4 se hirvi\u00f6lle<br \/>\nMarja-Leena M\u00e4kel\u00e4n kirjavinkkauspiste<\/p>\n<p>Kaikki ty\u00f6pajat toimivat nonstop-periaatteella, eli niiss\u00e4 voit piipahtaa tekem\u00e4ss\u00e4 teht\u00e4v\u00e4n ty\u00f6pajan aukioloaikana.<\/p>\n<h3><strong>PALA CAF\u00c9, SIPERIAN LIIKEKESKUS<\/strong><\/h3>\n<p>Kirjailijahaastattelut:<br \/>\nKlo 11.30\u201311.45 Tuutikki Tolonen<br \/>\nKlo 12.30-12.45 Laura Ertimo<br \/>\nKlo 13.30-13.45 Magdalena Hai<\/p>\n<p>Kirjailija Alexandra Salmelan ja kuvataiteilija Inka Ylih\u00e4rsil\u00e4n El\u00e4v\u00e4 satukirja tasatunnein klo 12, 13, 14 ja 15 (kesto 30min kerrallaan).<\/p>\n<p>Klo 12.30\u201313.45 Runoselfiety\u00f6paja<\/p>\n<p><a href=\"https:\/\/kirjalitta.fi\/kirjalitta\/wp-content\/uploads\/2015\/09\/yokylassa.jpg\"><img loading=\"lazy\" decoding=\"async\" class=\"alignnone wp-image-441 size-large\" src=\"https:\/\/kirjalitta.fi\/kirjalitta\/wp-content\/uploads\/2015\/09\/yokylassa-1024x576.jpg\" alt=\"yokylassa\" width=\"960\" height=\"540\" srcset=\"https:\/\/kirjalitta.fi\/kirjalitta\/wp-content\/uploads\/2015\/09\/yokylassa-1024x576.jpg 1024w, https:\/\/kirjalitta.fi\/kirjalitta\/wp-content\/uploads\/2015\/09\/yokylassa-300x169.jpg 300w, https:\/\/kirjalitta.fi\/kirjalitta\/wp-content\/uploads\/2015\/09\/yokylassa-610x343.jpg 610w, https:\/\/kirjalitta.fi\/kirjalitta\/wp-content\/uploads\/2015\/09\/yokylassa.jpg 1920w\" sizes=\"auto, (max-width: 960px) 100vw, 960px\" \/><\/a><\/p>\n","protected":false},"excerpt":{"rendered":"<p>Unia, painajaisia, salamyhk\u00e4isi\u00e4 y\u00f6n olentoja&#8230; Kirjalitta -lastenkirja- ja sanataidefestivaalin p\u00e4\u00e4tapahtuman teema on t\u00e4n\u00e4 vuonna Y\u00f6kyl\u00e4ss\u00e4. Unenomaista sanataidetapahtumaa vietet\u00e4\u00e4n 12.11.2016 klo 11-16 Lastenkulttuurikeskus Rullassa ja Finlaysonilla. Tapahtumap\u00e4iv\u00e4n aikana tarinoidaan Sanataideyhdistys Y\u00f6st\u00e4j\u00e4n taianomaisissa ty\u00f6pajoissa, tulkitaan unia ja pakoillaan painajaisia, tutustutaan y\u00f6n olentoihin ja diskoillaan lasten y\u00f6kerhossa. Mukana ovat kirjailijavieraat Kirsi Kunnas, Tuutikki [&hellip;]<\/p>\n","protected":false},"author":1,"featured_media":0,"parent":6,"menu_order":0,"comment_status":"closed","ping_status":"closed","template":"","meta":{"_themeisle_gutenberg_block_has_review":false,"footnotes":""},"class_list":["post-476","page","type-page","status-publish","hentry"],"_links":{"self":[{"href":"https:\/\/kirjalitta.fi\/kirjalitta\/wp-json\/wp\/v2\/pages\/476","targetHints":{"allow":["GET"]}}],"collection":[{"href":"https:\/\/kirjalitta.fi\/kirjalitta\/wp-json\/wp\/v2\/pages"}],"about":[{"href":"https:\/\/kirjalitta.fi\/kirjalitta\/wp-json\/wp\/v2\/types\/page"}],"author":[{"embeddable":true,"href":"https:\/\/kirjalitta.fi\/kirjalitta\/wp-json\/wp\/v2\/users\/1"}],"replies":[{"embeddable":true,"href":"https:\/\/kirjalitta.fi\/kirjalitta\/wp-json\/wp\/v2\/comments?post=476"}],"version-history":[{"count":8,"href":"https:\/\/kirjalitta.fi\/kirjalitta\/wp-json\/wp\/v2\/pages\/476\/revisions"}],"predecessor-version":[{"id":1237,"href":"https:\/\/kirjalitta.fi\/kirjalitta\/wp-json\/wp\/v2\/pages\/476\/revisions\/1237"}],"up":[{"embeddable":true,"href":"https:\/\/kirjalitta.fi\/kirjalitta\/wp-json\/wp\/v2\/pages\/6"}],"wp:attachment":[{"href":"https:\/\/kirjalitta.fi\/kirjalitta\/wp-json\/wp\/v2\/media?parent=476"}],"curies":[{"name":"wp","href":"https:\/\/api.w.org\/{rel}","templated":true}]}}