{"id":3776,"date":"2025-11-03T15:55:12","date_gmt":"2025-11-03T13:55:12","guid":{"rendered":"https:\/\/kirjalitta.fi\/kirjalitta\/?page_id=3776"},"modified":"2025-11-03T15:55:12","modified_gmt":"2025-11-03T13:55:12","slug":"vastuullisuus","status":"publish","type":"page","link":"https:\/\/kirjalitta.fi\/kirjalitta\/vastuullisuus\/","title":{"rendered":"Vastuullisuus"},"content":{"rendered":"\n<h2 class=\"wp-block-heading\"><strong>Kirjalitta-festivaalin vastuullisuussuunnitelma<\/strong>\u00a0<\/h2>\n\n\n\n<h3 class=\"wp-block-heading\"><strong>Ekologinen kest\u00e4vyys\u00a0<\/strong>\u00a0<\/h3>\n\n\n\n<p>Ekologisesti kest\u00e4v\u00e4 kehitys on Kirjalitan perustana.&nbsp; Kirjalitta-festivaali pyrkii ottamaan kest\u00e4v\u00e4n kehityksen huomioon kaikissa tuotantovaiheissa.&nbsp;&nbsp;<\/p>\n\n\n\n<h3 class=\"wp-block-heading\"><strong>J\u00e4tteiden v\u00e4hent\u00e4minen<\/strong>\u00a0<\/h3>\n\n\n\n<p>Festivaalilla ei jaeta oheistuotteita, kuten messunauhoja tai promootiomateriaalia eik\u00e4 maksuttomuuden takia my\u00f6sk\u00e4\u00e4n festivaalilippuja tai \u2013rannekkeita. Materiaalivalinnoissa painotetaan kierr\u00e4tysmateriaaleja, ja painotuotteisiin valitaan sertifioidut uusiotuotteet. Paperisten julisteiden, esitteiden ja k\u00e4siohjelmien m\u00e4\u00e4r\u00e4 pidet\u00e4\u00e4n vaatimattomana ja sen sijaan panostetaan kaupungin valomainostauluihin ja s\u00e4hk\u00f6isiin mainostauluihin. Somisteissa, st\u00e4ndeiss\u00e4 ja markkinointimateriaaleissa otetaan huomioon uudelleenk\u00e4ytett\u00e4vyys v\u00e4ltt\u00e4m\u00e4ll\u00e4 vuosilukujen k\u00e4ytt\u00e4mist\u00e4.&nbsp;&nbsp;<\/p>\n\n\n\n<p>Tapahtumissa ei myyd\u00e4 elintarvikkeita eik\u00e4 k\u00e4ytet\u00e4 kertak\u00e4ytt\u00f6astioita.\u00a0 J\u00e4tteet lajitellaan asianmukaisesti ja kierr\u00e4tet\u00e4\u00e4n.\u00a0\u00a0<\/p>\n\n\n\n<p>Festivaalin tapahtumat j\u00e4rjestet\u00e4\u00e4n sis\u00e4tiloissa, eiv\u00e4tk\u00e4 ne kuormita luontoa. Tapahtumat j\u00e4rjestet\u00e4\u00e4n mahdollisimman energiatehokkaasti.&nbsp;<\/p>\n\n\n\n<h3 class=\"wp-block-heading\"><strong>Liikenne ja kuljetukset<\/strong><\/h3>\n\n\n\n<p>Kirjailijavieraat ja muut esiintyj\u00e4t ovat kotimaisia, joten ymp\u00e4rist\u00f6\u00e4 kuormittavia lentoja festivaali ei tuota lainkaan. Ty\u00f6matkat kuljetaan julkisilla kulkuneuvoilla aina, kun se on mahdollista, ja vierailijoita ja esiintyji\u00e4 rohkaistaan samaan. Festivaali ei tuota my\u00f6sk\u00e4\u00e4n tavarankuljetusta.\u00a0<\/p>\n\n\n\n<h3 class=\"wp-block-heading\"><strong>Vastuullinen talous<\/strong><\/h3>\n\n\n\n<p>Tapahtuma toteutetaan avustuksilla ja se on voittoa tavoittelematon. Toiminnan kulut suhteutetaan vuosittain tuloihin, eik\u00e4 toimintaa rahoiteta lainalla tai muulla rahoitustoiminnalla.\u00a0\u00a0<\/p>\n\n\n\n<p>Kirjanpidon hoitaa ulkopuolinen yritys, ja ajankohtainen taloustilanne raportoidaan j\u00e4rjest\u00e4j\u00e4ll\u00e4 kuukausittain.\u00a0<\/p>\n\n\n\n<p>Ty\u00f6ntekij\u00f6ille maksetaan palkkaa, josta suoritetaan el\u00e4ke- ja muut ty\u00f6nantajamaksut. Kirjalitta noudattaa alan palkkasuosituksia sek\u00e4 ty\u00f6ntekij\u00f6iden palkkauksessa ett\u00e4 kirjailijavieraiden palkkioissa. Ty\u00f6ntekij\u00e4t on vakuutettu tapaturmien varalta. Toiminnan tavoitteena on taata taiteenalan ammattilaisille parempi toimeentulo.\u00a0<\/p>\n\n\n\n<h3 class=\"wp-block-heading\"><strong>Esteett\u00f6myys ja saavutettavuus<\/strong>\u00a0<\/h3>\n\n\n\n<p>Festivaalitapahtumat j\u00e4rjestet\u00e4\u00e4n aina mahdollisuuksien mukaan esteett\u00f6miss\u00e4 tiloissa. Esteellisyydest\u00e4 tiedotetaan erikseen. Tapahtumat j\u00e4rjestet\u00e4\u00e4n helposti saavutettavissa paikoissa, kuten kaupungin kirjastoissa ja Lastenkulttuurikeskus Rullassa, jotka ovat keskeisill\u00e4 paikoilla ja helposti saavutettavia julkisilla liikennev\u00e4lineill\u00e4. Festivaalisis\u00e4ll\u00f6t ovat kaikille avoimia ja maksuttomia.&nbsp;<\/p>\n\n\n\n<h3 class=\"wp-block-heading\"><strong>Yhdenvertaisuus ja osallisuus<\/strong>\u00a0<\/h3>\n\n\n\n<p>Kirjalittaan jokainen voi osallistua vapaasti ja tulla kohdelluksi tasa-arvoisesti. Maksuttomuus on yksi t\u00e4rkeimpi\u00e4 keinoja tavoittaa lapsiperheet ja v\u00e4ltt\u00e4\u00e4 eriarvoistumista. Kirjalitan tavoitteena on j\u00e4rjest\u00e4\u00e4 mahdollisimman paljon ohjelmaa, jossa kirjallisuuteen ja sanataiteen sis\u00e4lt\u00f6ihin p\u00e4\u00e4see tutustumaan helposti ja innostavilla tavoilla. Kirjalitan ytimess\u00e4 on yhteis\u00f6llinen tekeminen ja osallisuuden kokemuksen lis\u00e4\u00e4minen oman luovan ilmaisun kautta.&nbsp;&nbsp;<\/p>\n\n\n\n<h3 class=\"wp-block-heading\"><strong>Kulttuurinen kest\u00e4vyys<\/strong>\u00a0<\/h3>\n\n\n\n<p>Osallistamme festivaaliin useita paikallisia ja valtakunnallisia lastenkirjallisuus- ja \u2013kulttuuritoimijoita. Kirjalitta on kaupungin ainoa lapsille ja nuorille suunnattu kirjafestivaali ja edist\u00e4\u00e4 paikallisen kulttuurin monimuotoisuutta.\u00a0<\/p>\n\n\n\n<h3 class=\"wp-block-heading\"><strong>Turvallisuus<\/strong>\u00a0<\/h3>\n\n\n\n<p>Tapahtumat j\u00e4rjestet\u00e4\u00e4n Tampereen kaupungin tiloissa, ja niiss\u00e4 noudatetaan kaupungin <a href=\"https:\/\/www.tampere.fi\/organisaatio\/tasa-arvo-ja-yhdenvertaisuus\/turvallisemman-tilan-periaatteet\">turvallisemman tilan periaatteita<\/a>.\u00a0\u00a0<\/p>\n","protected":false},"excerpt":{"rendered":"<p>Kirjalitta-festivaalin vastuullisuussuunnitelma\u00a0 Ekologinen kest\u00e4vyys\u00a0\u00a0 Ekologisesti kest\u00e4v\u00e4 kehitys on Kirjalitan perustana.&nbsp; Kirjalitta-festivaali pyrkii ottamaan kest\u00e4v\u00e4n kehityksen huomioon kaikissa tuotantovaiheissa.&nbsp;&nbsp; J\u00e4tteiden v\u00e4hent\u00e4minen\u00a0 Festivaalilla ei jaeta oheistuotteita, kuten messunauhoja tai promootiomateriaalia eik\u00e4 maksuttomuuden takia my\u00f6sk\u00e4\u00e4n festivaalilippuja tai \u2013rannekkeita. Materiaalivalinnoissa painotetaan kierr\u00e4tysmateriaaleja, ja painotuotteisiin valitaan sertifioidut uusiotuotteet. Paperisten julisteiden, esitteiden ja k\u00e4siohjelmien m\u00e4\u00e4r\u00e4 pidet\u00e4\u00e4n [&hellip;]<\/p>\n","protected":false},"author":3,"featured_media":0,"parent":0,"menu_order":0,"comment_status":"closed","ping_status":"closed","template":"","meta":{"_themeisle_gutenberg_block_has_review":false,"footnotes":""},"class_list":["post-3776","page","type-page","status-publish","hentry"],"_links":{"self":[{"href":"https:\/\/kirjalitta.fi\/kirjalitta\/wp-json\/wp\/v2\/pages\/3776","targetHints":{"allow":["GET"]}}],"collection":[{"href":"https:\/\/kirjalitta.fi\/kirjalitta\/wp-json\/wp\/v2\/pages"}],"about":[{"href":"https:\/\/kirjalitta.fi\/kirjalitta\/wp-json\/wp\/v2\/types\/page"}],"author":[{"embeddable":true,"href":"https:\/\/kirjalitta.fi\/kirjalitta\/wp-json\/wp\/v2\/users\/3"}],"replies":[{"embeddable":true,"href":"https:\/\/kirjalitta.fi\/kirjalitta\/wp-json\/wp\/v2\/comments?post=3776"}],"version-history":[{"count":3,"href":"https:\/\/kirjalitta.fi\/kirjalitta\/wp-json\/wp\/v2\/pages\/3776\/revisions"}],"predecessor-version":[{"id":3779,"href":"https:\/\/kirjalitta.fi\/kirjalitta\/wp-json\/wp\/v2\/pages\/3776\/revisions\/3779"}],"wp:attachment":[{"href":"https:\/\/kirjalitta.fi\/kirjalitta\/wp-json\/wp\/v2\/media?parent=3776"}],"curies":[{"name":"wp","href":"https:\/\/api.w.org\/{rel}","templated":true}]}}