{"id":3754,"date":"2025-10-13T11:40:46","date_gmt":"2025-10-13T08:40:46","guid":{"rendered":"https:\/\/kirjalitta.fi\/kirjalitta\/?page_id=3754"},"modified":"2025-11-04T09:29:03","modified_gmt":"2025-11-04T07:29:03","slug":"kirjalitta-2025-paatapahtuma","status":"publish","type":"page","link":"https:\/\/kirjalitta.fi\/kirjalitta\/kirjalitta-2025-paatapahtuma\/","title":{"rendered":"Kirjalitta 2025 p\u00e4\u00e4tapahtuma"},"content":{"rendered":"\n<p>S\u00e4nt\u00e4\u00e4 mukaan kirjaseikkailuun lauantaina 15.11.2025 klo 10.30\u201315.30 p\u00e4\u00e4kirjasto Metsossa!<\/p>\n\n\n\n<p><strong>Ohjelma<\/strong><\/p>\n\n\n\n<p><strong>Muumit ja tunteet &#8211; kokemuksellinen varjoteatterity\u00f6paja<\/strong><\/p>\n\n\n\n<p>klo 10.30, Satuhuone<\/p>\n\n\n\n<p>Kokemuksellisessa ty\u00f6pajassa opitaan varjoteatteria, tutustutaan muumikirjoihin ja harjoitellaan tunteiden tunnistamista. Kohderyhm\u00e4n\u00e4 ovat erityisesti 4\u20138 -vuotiaat, mutta varjoteatteri sopii my\u00f6s kaikenik\u00e4isille. Yleis\u00f6n maksimim\u00e4\u00e4r\u00e4 on 50 lasta. Huom. varjoteatterity\u00f6pajaan pit\u00e4\u00e4 ilmoittautua etuk\u00e4teen: <a href=\"https:\/\/elomake.tampere.fi\/lomakkeet\/31527\/lomake.html\" rel=\"noreferrer noopener\" target=\"_blank\">ilmoittaudu mukaan lomakkeella<\/a><\/p>\n\n\n\n<p><strong>Yrj\u00f6 \u00c4rjyl\u00e4 runoilee ja rokkaa -konsertti<\/strong><\/p>\n\n\n\n<p>klo 11.30, musiikkiosasto<\/p>\n\n\n\n<p>Yrj\u00f6 \u00c4rjyl\u00e4 runoilee ja rokkaa on koko perheelle ja kaiken ik\u00e4isille suunnattu runorokkikonsertti. Muun muassa Orffit -lastenmusiikkiorkesterista tunnettu muusikko ja lastenkirjailija Kimmo Ojala esitt\u00e4\u00e4 runoja ja lauluja Yrj\u00f6 \u00c4rjyl\u00e4n herkimm\u00e4t -runokirjastaan (Avain, 2024). Yrj\u00f6 \u00c4rjyl\u00e4n herkimm\u00e4t palkittiin Tampereen kaupungin vuoden 2024 kirjallisuuspalkinnolla.<\/p>\n\n\n\n<p><strong>Kirjailijavieraana Jukka Laajarinne<\/strong><\/p>\n\n\n\n<p>klo 12, Metson lava<\/p>\n\n\n\n<p><strong>Kirjailijavieraana Hannele Lampela<\/strong><\/p>\n\n\n\n<p>klo 13, Metson lava<\/p>\n\n\n\n<p><strong>Sanataideyhdistys Y\u00f6st\u00e4j\u00e4n Seikkailurata<\/strong><\/p>\n\n\n\n<p>klo 13\u201315, Satuhuone ja lastenosasto<\/p>\n\n\n\n<p>Seikkailuradalla mets\u00e4stet\u00e4\u00e4n seikkailutarinan aineksia eri puolilta lastenosastoa (nonstop).<\/p>\n\n\n\n<p><strong>Kirjailijavieras Siiri Torvisen sanataidety\u00f6paja<\/strong><\/p>\n\n\n\n<p>klo 13\u201314.30, Kanerva-sali<\/p>\n\n\n\n<p>Esikoiskuvakirjailija, kuvataitelija Siiri Torvisen nonstop-ty\u00f6paja perustuu tuoreeseen Ei tiikereit\u00e4 teatteriin! -kuvakirjaan (Kumma-kustannus, 2025). Millainen on sinun haaveidesi teatteritalo? Onko lavan alla salak\u00e4yt\u00e4vi\u00e4, harjoitustilassa rauhoittumisnurkkaus tai puvustamossa maaginen hattukone? Tule piirt\u00e4m\u00e4\u00e4n ja ideoimaan unelmien teatteritaloa, jossa on tilaa kaikille.<\/p>\n\n\n\n<p><strong>Iltasatuja keskell\u00e4 kirkasta p\u00e4iv\u00e4\u00e4: Kaisa Happonen, Anne Vasko ja Pekko K\u00e4ppi<\/strong><\/p>\n\n\n\n<p>klo 14, musiikkiosasto<\/p>\n\n\n\n<p>Tapahtuma huipentuu Kaisa Happosen ja Anne Vaskon Mur ja mets\u00e4npeitto -kirjan julkaisuesitykseen. Kaisa Happonen lukee ja \u00a0Anne Vasko kuvittaa kertomuksia Murin mets\u00e4st\u00e4 muusikko Pekko K\u00e4pin s\u00e4estyksell\u00e4. Tervetuloa kuuntelemaan tarinoita ainakin Kuut\u00e4pl\u00e4st\u00e4, Korpista, Hirvest\u00e4 ja mets\u00e4n valosta. Samalla juhlitaan uutta lokakuussa ilmestynytt\u00e4 Mur ja mets\u00e4npeitto -kirjaa (Tammi, 2025).<\/p>\n\n\n\n<p><\/p>\n\n\n\n<p><strong>Kirjaviisaat \u2013lastenkirja-aiheinen tietovisa koko perheelle<\/strong><\/p>\n\n\n\n<p>klo 14.30, Metson lava<\/p>\n\n\n\n<p>Kokoa oma joukkueesi ja tule testaamaan tietosi lastenkirjallisuuden klassikoista ja suosituimmista uutuuksista Kirjalitan suuressa lastenkirjatietovisassa! Paras joukkue palkitaan lahjakortilla Cafe Metsoon!<\/p>\n\n\n\n<p>Voit tutustua my\u00f6s koko p\u00e4iv\u00e4n ajan Sara Hild\u00e9n-akatemian Muumien juhlavuoden oppilasty\u00f6n\u00e4yttelyyn <em>Paluu Muumilaaksoon.<\/em><\/p>\n\n\n\n<p>Tapahtuman juontaa runoilija Anna Elina Isoaro.<\/p>\n\n\n\n<p>Yhteisty\u00f6ss\u00e4 Tampereen kaupunginkirjasto ja kaupunkikulttuuriyksikk\u00f6.<\/p>\n","protected":false},"excerpt":{"rendered":"<p>S\u00e4nt\u00e4\u00e4 mukaan kirjaseikkailuun lauantaina 15.11.2025 klo 10.30\u201315.30 p\u00e4\u00e4kirjasto Metsossa! Ohjelma Muumit ja tunteet &#8211; kokemuksellinen varjoteatterity\u00f6paja klo 10.30, Satuhuone Kokemuksellisessa ty\u00f6pajassa opitaan varjoteatteria, tutustutaan muumikirjoihin ja harjoitellaan tunteiden tunnistamista. Kohderyhm\u00e4n\u00e4 ovat erityisesti 4\u20138 -vuotiaat, mutta varjoteatteri sopii my\u00f6s kaikenik\u00e4isille. Yleis\u00f6n maksimim\u00e4\u00e4r\u00e4 on 50 lasta. Huom. varjoteatterity\u00f6pajaan pit\u00e4\u00e4 ilmoittautua etuk\u00e4teen: ilmoittaudu [&hellip;]<\/p>\n","protected":false},"author":3,"featured_media":0,"parent":0,"menu_order":0,"comment_status":"closed","ping_status":"closed","template":"","meta":{"_themeisle_gutenberg_block_has_review":false,"footnotes":""},"class_list":["post-3754","page","type-page","status-publish","hentry"],"_links":{"self":[{"href":"https:\/\/kirjalitta.fi\/kirjalitta\/wp-json\/wp\/v2\/pages\/3754","targetHints":{"allow":["GET"]}}],"collection":[{"href":"https:\/\/kirjalitta.fi\/kirjalitta\/wp-json\/wp\/v2\/pages"}],"about":[{"href":"https:\/\/kirjalitta.fi\/kirjalitta\/wp-json\/wp\/v2\/types\/page"}],"author":[{"embeddable":true,"href":"https:\/\/kirjalitta.fi\/kirjalitta\/wp-json\/wp\/v2\/users\/3"}],"replies":[{"embeddable":true,"href":"https:\/\/kirjalitta.fi\/kirjalitta\/wp-json\/wp\/v2\/comments?post=3754"}],"version-history":[{"count":5,"href":"https:\/\/kirjalitta.fi\/kirjalitta\/wp-json\/wp\/v2\/pages\/3754\/revisions"}],"predecessor-version":[{"id":3786,"href":"https:\/\/kirjalitta.fi\/kirjalitta\/wp-json\/wp\/v2\/pages\/3754\/revisions\/3786"}],"wp:attachment":[{"href":"https:\/\/kirjalitta.fi\/kirjalitta\/wp-json\/wp\/v2\/media?parent=3754"}],"curies":[{"name":"wp","href":"https:\/\/api.w.org\/{rel}","templated":true}]}}