{"id":3590,"date":"2024-09-30T14:17:55","date_gmt":"2024-09-30T11:17:55","guid":{"rendered":"https:\/\/kirjalitta.fi\/kirjalitta\/?page_id=3590"},"modified":"2024-09-30T17:06:40","modified_gmt":"2024-09-30T14:06:40","slug":"6-11-kirjalitan-runojuhla","status":"publish","type":"page","link":"https:\/\/kirjalitta.fi\/kirjalitta\/6-11-kirjalitan-runojuhla\/","title":{"rendered":"6.11. Kirjalitan runojuhla"},"content":{"rendered":"\n<p>Kirjalitan runojuhlaa vietet\u00e4\u00e4 keskiviikkona 6.11.2024!<\/p>\n\n\n\n<p>Kirjalitan runojuhlassa sukelletaan runoon monin tavoin. Runojuhlassa esiintyv\u00e4t pitk\u00e4n linjan lastenkirjailija- ja runoilija Hannu Hirvonen sek\u00e4 syksyll\u00e4 ensimm\u00e4isen lastenrunokirjansa julkaiseva Aino-Maria Kangas. Lis\u00e4ksi p\u00e4\u00e4set osallistumaan lastenrunoilija Pia Krutsinin ja kuvittaja Jani Ikosen ty\u00f6pajaan, joka perustuu tuoreeseen Haitulan taikahattu -runokokoelmaan. Tapahtumassa voit tutustua my\u00f6s Kirsi Kunnaksen 100-vuotisjuhlavuotta juhlistavaan Runo-olohuoneeseen sek\u00e4 Eppu Nuotion runoihin pohjautuvaan Min\u00e4 tykk\u00e4\u00e4n nyt! -n\u00e4yttelyyn. Tule kuulemaan, kokemaan ja kokeilemaan runoja!<\/p>\n","protected":false},"excerpt":{"rendered":"<p>Kirjalitan runojuhlaa vietet\u00e4\u00e4 keskiviikkona 6.11.2024! Kirjalitan runojuhlassa sukelletaan runoon monin tavoin. Runojuhlassa esiintyv\u00e4t pitk\u00e4n linjan lastenkirjailija- ja runoilija Hannu Hirvonen sek\u00e4 syksyll\u00e4 ensimm\u00e4isen lastenrunokirjansa julkaiseva Aino-Maria Kangas. Lis\u00e4ksi p\u00e4\u00e4set osallistumaan lastenrunoilija Pia Krutsinin ja kuvittaja Jani Ikosen ty\u00f6pajaan, joka perustuu tuoreeseen Haitulan taikahattu -runokokoelmaan. Tapahtumassa voit tutustua my\u00f6s Kirsi Kunnaksen [&hellip;]<\/p>\n","protected":false},"author":1,"featured_media":0,"parent":0,"menu_order":0,"comment_status":"closed","ping_status":"closed","template":"","meta":{"_themeisle_gutenberg_block_has_review":false,"footnotes":""},"class_list":["post-3590","page","type-page","status-publish","hentry"],"_links":{"self":[{"href":"https:\/\/kirjalitta.fi\/kirjalitta\/wp-json\/wp\/v2\/pages\/3590","targetHints":{"allow":["GET"]}}],"collection":[{"href":"https:\/\/kirjalitta.fi\/kirjalitta\/wp-json\/wp\/v2\/pages"}],"about":[{"href":"https:\/\/kirjalitta.fi\/kirjalitta\/wp-json\/wp\/v2\/types\/page"}],"author":[{"embeddable":true,"href":"https:\/\/kirjalitta.fi\/kirjalitta\/wp-json\/wp\/v2\/users\/1"}],"replies":[{"embeddable":true,"href":"https:\/\/kirjalitta.fi\/kirjalitta\/wp-json\/wp\/v2\/comments?post=3590"}],"version-history":[{"count":2,"href":"https:\/\/kirjalitta.fi\/kirjalitta\/wp-json\/wp\/v2\/pages\/3590\/revisions"}],"predecessor-version":[{"id":3598,"href":"https:\/\/kirjalitta.fi\/kirjalitta\/wp-json\/wp\/v2\/pages\/3590\/revisions\/3598"}],"wp:attachment":[{"href":"https:\/\/kirjalitta.fi\/kirjalitta\/wp-json\/wp\/v2\/media?parent=3590"}],"curies":[{"name":"wp","href":"https:\/\/api.w.org\/{rel}","templated":true}]}}