{"id":3250,"date":"2023-10-18T11:30:30","date_gmt":"2023-10-18T08:30:30","guid":{"rendered":"https:\/\/kirjalitta.fi\/kirjalitta\/?page_id=3250"},"modified":"2023-11-08T11:36:41","modified_gmt":"2023-11-08T09:36:41","slug":"iltasadun-aika","status":"publish","type":"page","link":"https:\/\/kirjalitta.fi\/kirjalitta\/ohjelma\/kirjalitta-2023-leikki\/iltasadun-aika\/","title":{"rendered":"8.11. on Iltasadun aika!"},"content":{"rendered":"\n<h3 class=\"wp-block-heading\">Iltasatutapahtuma koko perheelle keskiviikkona 8.11.2023<\/h3>\n\n\n\n<h5 class=\"wp-block-heading\">Klo 18\u201320<\/h5>\n\n\n\n<p>\ud83d\udccd Lastenkulttuurikeskus Rulla, Keskustori&nbsp;4 <\/p>\n\n\n\n<p>Tarkemmat sijaintitiedot sek\u00e4 esteett\u00f6myystiedot l\u00f6yd\u00e4t <a href=\"https:\/\/www.tampere.fi\/lastenkulttuurikeskus-rulla\">t\u00e4st\u00e4 linkist\u00e4<\/a>.<\/p>\n\n\n\n<p>Kirjalitan suositun iltasatutapahtuman<em> Iltasadun aika! <\/em>ohjelmassa on tuttuun tapaan hauskaa kirjoihin liittyv\u00e4\u00e4 ohjelmaa koko perheelle. Illan kunniavieraina esiintyv\u00e4t lastenkirjailija ja -runoilija&nbsp;<strong>Kirsti Kuronen<\/strong>&nbsp;sek\u00e4 lastenmusiikkiduo&nbsp;<strong>Sagolik<\/strong>. Tapahtumassa voi tutustua my\u00f6s&nbsp;<strong>Sanna Pelliccionin<\/strong>&nbsp;<em>Onni on olla<\/em>&nbsp;-n\u00e4yttelyyn,&nbsp;kuunnella satuja <strong>MLL<\/strong>:n <em>Koko maailman tarinateltassa<\/em>,&nbsp;selvitt\u00e4\u00e4 oman satuolentonsa identiteetin <strong>Y\u00f6st\u00e4j\u00e4n<\/strong> satuhahmoanalyysiss\u00e4 sek\u00e4 osallistua&nbsp;kirja-arvontaan, jossa on palkintona Kirsti Kurosen kuvakirjoja&nbsp;(yhteisty\u00f6ss\u00e4 Otava ja&nbsp;Myllylahti).<\/p>\n\n\n\n<p>Tarjolla on pient\u00e4 iltapalaa. Tapahtumaa&nbsp;suositellaan ensisijaisesti 4\u201310-vuotiaille.<\/p>\n\n\n\n<p>Tervetuloa saapumaan my\u00f6s y\u00f6puvussa!&nbsp;<\/p>\n\n\n\n<p>Voit antaa palautetta Kirjalitta-festivaalista ja iltasatutapahtumasta <a href=\"https:\/\/q.surveypal.com\/Kavijakysely-lyhyt-2023\">t\u00e4\u00e4ll\u00e4<\/a>. Kiitos palautteestasi!<\/p>\n\n\n\n<hr class=\"wp-block-separator alignfull has-alpha-channel-opacity is-style-wide\"\/>\n\n\n\n<h3 class=\"wp-block-heading\">OHJELMA<\/h3>\n\n\n\n<p><\/p>\n\n\n\n<p><\/p>\n\n\n\n<h4 class=\"wp-block-heading\">Kirsti Kuronen<\/h4>\n\n\n\n<h6 class=\"wp-block-heading\">Luonne: iltasatuhetki<\/h6>\n\n\n\n<p>Lemp\u00e4\u00e4l\u00e4ss\u00e4 asuva Kirsti Kurosen kirjailijanura on kest\u00e4nyt kohta 20 vuotta.&nbsp;<em>Vili Voipio<\/em> -romaanit olivat alku upealle uralle, johon kuuluu teoksia niin lapsille, nuorille kuin aikuisillekin. Runojen ja romaanien lis\u00e4ksi Kuronen on kirjoittanut&nbsp;useita s\u00e4eromaaneja, ja h\u00e4n onkin lajin pioneereja Suomessa. H\u00e4net on palkittusek\u00e4 Topelius-palkinnolla ett\u00e4 Tampereen kaupungin kirjallisuuspalkinnolla.&nbsp;Kirjalitan leikki-teema on Kuroselle erityisen t\u00e4rke\u00e4. \u201dVapaassa leikiss\u00e4 ja&nbsp;tarinoissa kaikki on mahdollista. Ilman mielen leikki\u00e4 ei olisi kirjoja\u201d, h\u00e4n&nbsp;kertoo.<\/p>\n\n\n\n<p><\/p>\n\n\n\n<p><\/p>\n\n\n\n<h4 class=\"wp-block-heading\">Sagolik <\/h4>\n\n\n\n<h6 class=\"wp-block-heading\">Luonne: lastenmusiikkiesitys<\/h6>\n\n\n\n<p>Sagolik on Helsingiss\u00e4 2008 perustettu kokeellista laulelmaa esitt\u00e4v\u00e4 duo. Juho&nbsp;Kanervon (sello) ja Stina Koistisen (laulu) saumattomassa yhteissoitossa kuuluuyst\u00e4vyys, joka tekee musiikista rehellist\u00e4 ja helposti l\u00e4hestytt\u00e4v\u00e4\u00e4, kuulijan&nbsp;i\u00e4st\u00e4 riippumatta. Duon omintakeinen ja hetkess\u00e4kin syntyv\u00e4 musiikki on laajan\u00e4\u00e4nimaailman ja hiljaisuuden, valon ja pime\u00e4n sek\u00e4 ruman ja kauniin, jatkuvaa&nbsp;vuoropuhelua.<\/p>\n\n\n\n<p><strong>Esiintyj\u00e4muutos<\/strong>: 8.11. <em>Iltasadun aika!<\/em>\u00a0-tapahtumassa Sagolikin Stina Koistista tulee Juho Kanervon rinnalle tuuraamaan tamperelainen laulaja &amp; lauluntekij\u00e4 <strong>Kielo K\u00e4rkk\u00e4inen<\/strong>.<\/p>\n\n\n\n<p><\/p>\n\n\n\n<p><\/p>\n\n\n\n<h4 class=\"wp-block-heading\">Sanna Pelliccioni: <em>Onni on olla <\/em><\/h4>\n\n\n\n<h6 class=\"wp-block-heading\">N\u00e4ht\u00e4viss\u00e4 28.10.\u201317.12.2023 ja iltasatutapahtumassa koko illan<br>Luonne: n\u00e4yttely<br>J\u00e4rjest\u00e4j\u00e4: Lastenkulttuurikeskus Rulla<\/h6>\n\n\n\n<p><em>Onni on olla<\/em> -n\u00e4yttely perustuu <strong>Sanna Pelliccionin<\/strong> vuodesta 2007 ilmestyneeseen <em>ONNI<\/em>-kuvakirjasarjaan. Kirjoja on jo yhdeks\u00e4ntoista. Lis\u00e4tietoja <a href=\"https:\/\/www.tampere.fi\/lastenkulttuurikeskus-rulla\/rullan-nayttelyt\">t\u00e4st\u00e4 linkist\u00e4<\/a>.<br>N\u00e4yttelyss\u00e4 kirja astuu ulos kansistaan, ja kirjojen maailmat levittyv\u00e4t n\u00e4yttelytilaan leikkimaailmoiksi. N\u00e4yttelyss\u00e4 kuljetaan villaisia sammalmattoja pitkin. N\u00e4yttelyss\u00e4 vierailijat p\u00e4\u00e4sev\u00e4t tutustumaan kirjojen kuvituksiin, leikkim\u00e4\u00e4n Onnin leikkimatolle ja keitti\u00f6\u00f6n, tekem\u00e4\u00e4n varjoteatteriesityksen sek\u00e4 pulikoimaan minipallomeress\u00e4 ja seilaamaan Onnin pahvilaatikkolaivalla.&nbsp;<\/p>\n\n\n\n<h6 class=\"wp-block-heading\"><\/h6>\n\n\n\n<p><\/p>\n","protected":false},"excerpt":{"rendered":"<p>Iltasatutapahtuma koko perheelle keskiviikkona 8.11.2023 Klo 18\u201320 \ud83d\udccd Lastenkulttuurikeskus Rulla, Keskustori&nbsp;4 Tarkemmat sijaintitiedot sek\u00e4 esteett\u00f6myystiedot l\u00f6yd\u00e4t t\u00e4st\u00e4 linkist\u00e4. Kirjalitan suositun iltasatutapahtuman Iltasadun aika! ohjelmassa on tuttuun tapaan hauskaa kirjoihin liittyv\u00e4\u00e4 ohjelmaa koko perheelle. Illan kunniavieraina esiintyv\u00e4t lastenkirjailija ja -runoilija&nbsp;Kirsti Kuronen&nbsp;sek\u00e4 lastenmusiikkiduo&nbsp;Sagolik. Tapahtumassa voi tutustua my\u00f6s&nbsp;Sanna Pelliccionin&nbsp;Onni on olla&nbsp;-n\u00e4yttelyyn,&nbsp;kuunnella satuja MLL:n [&hellip;]<\/p>\n","protected":false},"author":1,"featured_media":0,"parent":3049,"menu_order":0,"comment_status":"closed","ping_status":"closed","template":"","meta":{"_themeisle_gutenberg_block_has_review":false,"footnotes":""},"class_list":["post-3250","page","type-page","status-publish","hentry"],"_links":{"self":[{"href":"https:\/\/kirjalitta.fi\/kirjalitta\/wp-json\/wp\/v2\/pages\/3250","targetHints":{"allow":["GET"]}}],"collection":[{"href":"https:\/\/kirjalitta.fi\/kirjalitta\/wp-json\/wp\/v2\/pages"}],"about":[{"href":"https:\/\/kirjalitta.fi\/kirjalitta\/wp-json\/wp\/v2\/types\/page"}],"author":[{"embeddable":true,"href":"https:\/\/kirjalitta.fi\/kirjalitta\/wp-json\/wp\/v2\/users\/1"}],"replies":[{"embeddable":true,"href":"https:\/\/kirjalitta.fi\/kirjalitta\/wp-json\/wp\/v2\/comments?post=3250"}],"version-history":[{"count":17,"href":"https:\/\/kirjalitta.fi\/kirjalitta\/wp-json\/wp\/v2\/pages\/3250\/revisions"}],"predecessor-version":[{"id":3436,"href":"https:\/\/kirjalitta.fi\/kirjalitta\/wp-json\/wp\/v2\/pages\/3250\/revisions\/3436"}],"up":[{"embeddable":true,"href":"https:\/\/kirjalitta.fi\/kirjalitta\/wp-json\/wp\/v2\/pages\/3049"}],"wp:attachment":[{"href":"https:\/\/kirjalitta.fi\/kirjalitta\/wp-json\/wp\/v2\/media?parent=3250"}],"curies":[{"name":"wp","href":"https:\/\/api.w.org\/{rel}","templated":true}]}}