{"id":3224,"date":"2023-10-17T19:33:26","date_gmt":"2023-10-17T16:33:26","guid":{"rendered":"https:\/\/kirjalitta.fi\/kirjalitta\/?page_id=3224"},"modified":"2023-11-11T19:36:30","modified_gmt":"2023-11-11T17:36:30","slug":"hurmaavien-kirjojen-kirmaavien-hurjien-tyopajapaiva","status":"publish","type":"page","link":"https:\/\/kirjalitta.fi\/kirjalitta\/ohjelma\/kirjalitta-2023-leikki\/hurmaavien-kirjojen-kirmaavien-hurjien-tyopajapaiva\/","title":{"rendered":"11.11. Hurmaavien kirjojen, kirmaavien hurjien, ty\u00f6pajap\u00e4iv\u00e4"},"content":{"rendered":"\n<h3 class=\"wp-block-heading\">Kirjalitan p\u00e4\u00e4tapahtuma lauantaina 11.11.2023<\/h3>\n\n\n\n<h5 class=\"wp-block-heading\">Klo 11\u201315<\/h5>\n\n\n\n<p>\ud83d\udccd Nuorten kulttuurikeskus Monitoimitalo 13, Pellavatehtaankatu 4<\/p>\n\n\n\n<p>Saapumishohjeet, Tampereen kaupungin nuorisopalveluiden turvallisemman tilan periaatteet sek\u00e4 esteett\u00f6myystiedot l\u00f6yd\u00e4t <a href=\"https:\/\/www.tampere.fi\/nuoret\/nuorten-kulttuurikeskus-monitoimitalo-13\">t\u00e4st\u00e4 linkist\u00e4<\/a>.<\/p>\n\n\n\n<p>Kirjalitta huipentuu ty\u00f6pajap\u00e4iv\u00e4\u00e4n nuorten kulttuurikeskus Monitoimitalo 13:ssa&nbsp;lauantaina 11.11. klo 11\u201315. <\/p>\n\n\n\n<p>Paikalla ovat my\u00f6s <strong>Akateemisen kirjakaupan<\/strong> pop up&nbsp;-myym\u00e4l\u00e4 sek\u00e4 <strong>kirjastoauto Kosmos<\/strong>, josta voi lainata leikkisi\u00e4 teoksia. Lis\u00e4ksi tapahtumassa arvotaan esiintyjien uusimpia teoksia, lahjoituksia ovat tehneet&nbsp;<strong>Otava<\/strong>&nbsp;ja&nbsp;<strong>Tammi<\/strong><\/p>\n\n\n\n<h5 class=\"wp-block-heading\">Tapahtumaan on vapaa p\u00e4\u00e4sy!<\/h5>\n\n\n\n<p>Voit antaa palautetta Kirjalitta-festivaalista ja ty\u00f6pajap\u00e4iv\u00e4st\u00e4 <a href=\"https:\/\/q.surveypal.com\/Kavijakysely-lyhyt-2023\">t\u00e4\u00e4ll\u00e4<\/a>. Kiitos palautteestasi!<\/p>\n\n\n\n<p><\/p>\n\n\n\n<hr class=\"wp-block-separator alignfull has-alpha-channel-opacity is-style-wide\"\/>\n\n\n\n<h3 class=\"wp-block-heading\">OHJELMA<\/h3>\n\n\n\n<p><\/p>\n\n\n\n<h4 class=\"wp-block-heading\">Sanataideyhdistys Y\u00f6st\u00e4j\u00e4 ry: <em>Y\u00f6voimatoimisto<\/em> <\/h4>\n\n\n\n<h6 class=\"wp-block-heading\">Klo 11\u201315<br>Tila: 2. krs, Kupla<br>Luonne: non-stop-ty\u00f6paja<\/h6>\n\n\n\n<p>Tervetuloa Y\u00f6st\u00e4j\u00e4n uraohjaukseen l\u00f6yt\u00e4m\u00e4\u00e4n y\u00f6min\u00e4si ja uusi, satumainen ammatti! Y\u00f6llist\u00e4mme kaikki y\u00f6tt\u00f6m\u00e4t takuuvarmasti.<\/p>\n\n\n\n<p><\/p>\n\n\n\n<p><\/p>\n\n\n\n<h4 class=\"wp-block-heading\">Teatteri ILMI \u00d6.: <em>Runokissa Roosa kadottaa riimin<\/em> <\/h4>\n\n\n\n<h6 class=\"wp-block-heading\">Klo 11.15\u201312.05<br>Tila: 4. krs, Wivi L\u00f6nn -sali<br>Luonne: esitys<\/h6>\n\n\n\n<p><em>Runokissa Roosa kadottaa riimin<\/em> on tarinallinen lastenesitys, joka rakentuu runouden&nbsp;ymp\u00e4rille. Runokissa Roosa tarvitsee apua l\u00f6yt\u00e4\u00e4kseen kadottamansa riimin. Mutta mik\u00e4 on&nbsp;riimi? Ja mik\u00e4 on&nbsp;runo? Miten riimi liittyy runoon ja liittyyk\u00f6 se? Mit\u00e4 kaikkea runo voi&nbsp;kertoa ja sanoa? Voiko kuka tahansa kirjoittaa runon?<\/p>\n\n\n\n<p>Esityksess\u00e4 etsit\u00e4\u00e4n erilaista runoutta ja seikkaillaan sanataiteen ja kielikuvien maailmassa.&nbsp;Esitys on interaktiivinen, lapset saavat my\u00f6s itse kokeilla erityyppisten runojen&nbsp;kirjoittamista ja esitt\u00e4mist\u00e4 Runokissan avustuksella. Yhdess\u00e4 saadaan kokemus siit\u00e4, mik\u00e4&nbsp;on loppusointu, haiku tai vaikkapa r\u00e4ppi.<\/p>\n\n\n\n<p><\/p>\n\n\n\n<p><\/p>\n\n\n\n<h4 class=\"wp-block-heading\">Somana ry: <em>Kanin ja ketun leikkiteatteriseikkailu<\/em><\/h4>\n\n\n\n<h6 class=\"wp-block-heading\">Klo 11.30\u201313<br>Tila: 2. krs, Stage<br>Luonne: non-stop-ty\u00f6paja<\/h6>\n\n\n\n<p>Marraskuu on yll\u00e4tt\u00e4nyt kanin ja ketun, eiv\u00e4tk\u00e4 talviturkitkaan ole viel\u00e4 kasvaneet. On jo&nbsp;kylm\u00e4 ja el\u00e4inkaverukset tarvitsevat kiper\u00e4sti sinun apuasi! Osaatko auttaa kania rakentamaan talvipes\u00e4n tai vainuamaan ruokia ketun kanssa pelk\u00e4n&nbsp;mielikuvituksen avulla?&nbsp;Tervetuloa heitt\u00e4ytym\u00e4\u00e4n draamaleikin maailmaan! Kaikille leikkij\u00f6ille luvassa pienet&nbsp;palkinnot!<\/p>\n\n\n\n<p><\/p>\n\n\n\n<p><\/p>\n\n\n\n<h4 class=\"wp-block-heading\">Karoliina Suoniemi: <em>Kauan sitten \u2013 leikkej\u00e4 ja tarinoita viikinkiajalta pulavuosiin<\/em><\/h4>\n\n\n\n<h6 class=\"wp-block-heading\">Klo 12.15\u201313.00<br>Tila: 3. krs, aula<br>Luonne: ty\u00f6paja<\/h6>\n\n\n\n<p>Miten shakki syntyi, ent\u00e4 pallot? Mill\u00e4 leikittiin Turun linnassa tai Amurin ty\u00f6l\u00e4iskortteleissa? Millaisia leluja oli sota-ajan tai rautakauden lapsilla ja miten tied\u00e4mme niist\u00e4? Ty\u00f6pajassa leikit\u00e4\u00e4n ikivanhoja leikkej\u00e4 ja loruja, ihmetell\u00e4\u00e4n lasten el\u00e4m\u00e4\u00e4 ennen vanhaa, kirjoitetaan riimuilla sek\u00e4 tutkitaan leikkien ja pelien historiaa.&nbsp;<\/p>\n\n\n\n<p><\/p>\n\n\n\n<p><\/p>\n\n\n\n<h4 class=\"wp-block-heading\">Aino Havukainen ja Sami Toivonen<\/h4>\n\n\n\n<h6 class=\"wp-block-heading\">Klo 12.45\u201313.30<br>Tila: 4. krs, Wivi L\u00f6nn -sali<br>Luonne: haastattelu<\/h6>\n\n\n\n<p>Rakastetun <em>Tatu ja Patu<\/em>&nbsp;-kirjasarjan tekij\u00e4t kertovat haastattelussa ty\u00f6skentelyst\u00e4\u00e4n ja siit\u00e4,&nbsp;mist\u00e4 he saavat&nbsp;villit ideansa. Luvassa on my\u00f6s hahmojen piirt\u00e4mist\u00e4 yleis\u00f6n toiveiden&nbsp;pohjalta. Haastattelijana P\u00e4ivi Haanp\u00e4\u00e4.<\/p>\n\n\n\n<p><\/p>\n\n\n\n<h4 class=\"wp-block-heading\">Kaisa Happonen ja Anne Vasko: Mur-Karhun ty\u00f6paja<\/h4>\n\n\n\n<h6 class=\"wp-block-heading\">Klo 13\u201314.30<br>Tila: 4. krs<br>Luonne: non-stop-ty\u00f6paja <\/h6>\n\n\n\n<p>Tervetuloa Mur-karhun ty\u00f6pajaan, lintumets\u00e4\u00e4n! Kaisa Happonen ja Anne Vasko tulevat Kirjalitta-festivaalille uusimman kirjansa kanssa.&nbsp;<em>Mur&nbsp;\u2013 Pieni lintukirja<\/em> on syntynyt Tammen ja Kansallisgallerian yhteisty\u00f6st\u00e4.<\/p>\n\n\n\n<p><\/p>\n\n\n\n<p><\/p>\n\n\n\n<h4 class=\"wp-block-heading\">Iisa Juva: <em>Leikki leikkin\u00e4<\/em> -taikapaja<\/h4>\n\n\n\n<h6 class=\"wp-block-heading\">Klo 13.30\u201314.15<br>Tila: 3. krs, Korula<br>Luonne: non-stop-ty\u00f6paja <\/h6>\n\n\n\n<p><em>Leikki leikkin\u00e4<\/em>&nbsp;-taikapajassa askarrellaan taikaesineit\u00e4&nbsp;\u2013 j\u00e4nnitt\u00e4vi\u00e4 naamioita ja kimaltelevia taikasauvoja. Ty\u00f6paja sopii kaikenik\u00e4isille taikureille.<\/p>\n\n\n\n<p><\/p>\n\n\n\n<p><\/p>\n\n\n\n<h4 class=\"wp-block-heading\"><em>Kirsi Kunnas 100<\/em> -esittelypiste<\/h4>\n\n\n\n<h6 class=\"wp-block-heading\">Klo 11\u201315<br>Tila: 2. krs, aula<br>Luonne: esittelypiste <\/h6>\n\n\n\n<p><strong>OHJELMA PERUUNTUU<\/strong>. Voit tutustua Kirsi Kunnas 100 -juhlavuoden hankkeeseen sen kotisivuilla <a href=\"http:\/\/www.kirsikunnas100.fi\">www.kirsikunnas100.fi<\/a>.<\/p>\n\n\n\n<p><a href=\"https:\/\/www.kulttuuripiipoo.fi\/kirsikunnas100juhlavuosi\/\"><em>Kirsi Kunnas 100<\/em> -juhlavuosi 2024<\/a> kutsuu tutustumaan lastenrunouteen ja juhlimaan jokaiselle kuuluvaa lukuiloa. Juhlavuosi levitt\u00e4ytyy ensi vuonna Suomen joka kolkkaan kiehtovilla sis\u00e4ll\u00f6ill\u00e4. Hankkeen projektip\u00e4\u00e4llikk\u00f6 Maarit M\u00e4kinen Kulttuurikeskus PiiPoosta esittelee tulevan vuoden ohjelmaa ja toivottaa kaikki tervetulleiksi Lasten runovallankumoukseen!<\/p>\n\n\n\n<p><\/p>\n\n\n\n<p><\/p>\n\n\n\n<h4 class=\"wp-block-heading\"><em>Aforismileikki<\/em>-kirjoituskilpailun palkintojenjako<\/h4>\n\n\n\n<h6 class=\"wp-block-heading\">Klo 14.30\u201314.50<br>Tila: 4. krs, Wivi L\u00f6nn -sali<\/h6>\n\n\n\n<p><em>Aforismileikki<\/em>-n\u00e4yttely koostuu tamperelaisille kolmasluokkalaisille j\u00e4rjestetyn kirjoituskilpailun voittajateksteist\u00e4.\u00a0Voittajateksteist\u00e4 tehdyt julisteet ovat esill\u00e4 Tampereen keskusta-alueella olevissa JCDecaux\u2019n Abribus-mainostauluissa 6.\u201319.11.2023. Tekstit ovat esill\u00e4 my\u00f6s Kirjalitan ty\u00f6pajap\u00e4iv\u00e4ss\u00e4 Monitoimitalo 13:ssa ja <a href=\"https:\/\/kirjalitta.fi\/kirjalitta\/2023\/11\/11\/aforismileikki-kirjoituskilpailun-voittajat\/\" data-type=\"post\" data-id=\"3443\">Kirjalitan nettisivuilla<\/a>.<\/p>\n\n\n\n<p><\/p>\n\n\n\n<p><\/p>\n\n\n\n<p><\/p>\n","protected":false},"excerpt":{"rendered":"<p>Kirjalitan p\u00e4\u00e4tapahtuma lauantaina 11.11.2023 Klo 11\u201315 \ud83d\udccd Nuorten kulttuurikeskus Monitoimitalo 13, Pellavatehtaankatu 4 Saapumishohjeet, Tampereen kaupungin nuorisopalveluiden turvallisemman tilan periaatteet sek\u00e4 esteett\u00f6myystiedot l\u00f6yd\u00e4t t\u00e4st\u00e4 linkist\u00e4. Kirjalitta huipentuu ty\u00f6pajap\u00e4iv\u00e4\u00e4n nuorten kulttuurikeskus Monitoimitalo 13:ssa&nbsp;lauantaina 11.11. klo 11\u201315. Paikalla ovat my\u00f6s Akateemisen kirjakaupan pop up&nbsp;-myym\u00e4l\u00e4 sek\u00e4 kirjastoauto Kosmos, josta voi lainata leikkisi\u00e4 teoksia. [&hellip;]<\/p>\n","protected":false},"author":1,"featured_media":0,"parent":3049,"menu_order":0,"comment_status":"closed","ping_status":"closed","template":"","meta":{"_themeisle_gutenberg_block_has_review":false,"footnotes":""},"class_list":["post-3224","page","type-page","status-publish","hentry"],"_links":{"self":[{"href":"https:\/\/kirjalitta.fi\/kirjalitta\/wp-json\/wp\/v2\/pages\/3224","targetHints":{"allow":["GET"]}}],"collection":[{"href":"https:\/\/kirjalitta.fi\/kirjalitta\/wp-json\/wp\/v2\/pages"}],"about":[{"href":"https:\/\/kirjalitta.fi\/kirjalitta\/wp-json\/wp\/v2\/types\/page"}],"author":[{"embeddable":true,"href":"https:\/\/kirjalitta.fi\/kirjalitta\/wp-json\/wp\/v2\/users\/1"}],"replies":[{"embeddable":true,"href":"https:\/\/kirjalitta.fi\/kirjalitta\/wp-json\/wp\/v2\/comments?post=3224"}],"version-history":[{"count":32,"href":"https:\/\/kirjalitta.fi\/kirjalitta\/wp-json\/wp\/v2\/pages\/3224\/revisions"}],"predecessor-version":[{"id":3474,"href":"https:\/\/kirjalitta.fi\/kirjalitta\/wp-json\/wp\/v2\/pages\/3224\/revisions\/3474"}],"up":[{"embeddable":true,"href":"https:\/\/kirjalitta.fi\/kirjalitta\/wp-json\/wp\/v2\/pages\/3049"}],"wp:attachment":[{"href":"https:\/\/kirjalitta.fi\/kirjalitta\/wp-json\/wp\/v2\/media?parent=3224"}],"curies":[{"name":"wp","href":"https:\/\/api.w.org\/{rel}","templated":true}]}}