{"id":3115,"date":"2023-08-29T13:26:36","date_gmt":"2023-08-29T10:26:36","guid":{"rendered":"https:\/\/kirjalitta.fi\/kirjalitta\/?page_id=3115"},"modified":"2023-09-07T15:50:49","modified_gmt":"2023-09-07T12:50:49","slug":"aforismileikki-kirjoituskilpailu","status":"publish","type":"page","link":"https:\/\/kirjalitta.fi\/kirjalitta\/ohjelma\/kirjalitta-2023-leikki\/aforismileikki-kirjoituskilpailu\/","title":{"rendered":"Aforismileikki-kirjoituskilpailu"},"content":{"rendered":"\n<h2 class=\"wp-block-heading\">Kirjoituskilpailu tamperelaisille kolmasluokkalaisille<\/h2>\n\n\n\n<p>Kirjalitta j\u00e4rjest\u00e4\u00e4 tamperelaisille 3. luokan oppilaille suunnatun kirjoituskilpailun. Kilpailuteht\u00e4v\u00e4n\u00e4 on lyhyen aforismin eli mietelauseen kirjoittaminen aiheesta \u201dleikki\u201d.<\/p>\n\n\n\n<h6 class=\"wp-block-heading\"><strong>Etk\u00f6 ole aiemmin keksinyt aforismia? T\u00e4m\u00e4n vinkin avulla keksit mietelauseen leikiten!<\/strong><\/h6>\n\n\n\n<ol class=\"wp-block-list\">\n<li>Aloita aforismisi esim. \u201dLeikki on&#8230;\u201d tai \u201dLeikki on kuin\u201d<\/li>\n\n\n\n<li>Jatka aloitusta kirjoittamalla adjektiivi, joka kuvaa sinusta leikki\u00e4. Adjektiivi on sana, joka vastaa kysymykseen \u201dMillainen?\u201d, eli esimerkiksi vauhdikas, karvainen tai hilpe\u00e4.<\/li>\n\n\n\n<li>Lis\u00e4\u00e4 seuraavaksi asia tai esine, joka sinulla tulee mieleen leikist\u00e4.<\/li>\n\n\n\n<li>Lis\u00e4\u00e4 loppuun jokin paikka, jossa sinusta olisi kiva leikki\u00e4.<\/li>\n<\/ol>\n\n\n\n<p>Lopputulos voi olla esimerkiksi jotain t\u00e4llaista:<\/p>\n\n\n\n<blockquote class=\"wp-block-quote is-style-plain is-layout-flow wp-block-quote-is-layout-flow\">\n<p>&#8221;<em>Leikki on hilpe\u00e4 monsteriauto puumajassa.\u201d<\/em><br><em>\u201dLeikki on kuin karvainen keppihevonen Karusellissa.\u201d<\/em><\/p>\n<\/blockquote>\n\n\n\n<p>Aforismin voi vapaasti keksi\u00e4 my\u00f6s toisella tavalla!<\/p>\n\n\n\n<h6 class=\"wp-block-heading\"><strong>Kilpailuaikaa on 22.9. asti. <\/strong><\/h6>\n\n\n\n<p>Kilpailuty\u00f6t toimitetaan s\u00e4hk\u00f6postitse osoitteeseen <strong>kilpailut(a)lastenkirjainstituutti.fi<\/strong>. Merkitse tekstisi yhteyteen koko nimesi, ik\u00e4si, koulusi ja luokkasi sek\u00e4 opettajasi nimi. Opettaja voi my\u00f6s l\u00e4hett\u00e4\u00e4 oman luokkansa tekstit.<\/p>\n\n\n\n<p>Kilpailutekstien voittajat valitsee raati, johon kuuluu Sanataideyhdistys Y\u00f6st\u00e4j\u00e4n ja Lastenkirjainstituutin edustajia. Parhaat tekstit palkitaan.<\/p>\n\n\n\n<p>Kilpailun voittajat julkistetaan Kirjalitta-festivaalilla marraskuun alussa ja palkintotilaisuus pidet\u00e4\u00e4n lauantaina 11.11. Monitoimitalo 13:ssa. Viisi voittajateksti\u00e4 asetetaan n\u00e4ytteille Tampereen keskusta-alueen valomainostauluihin viikoilla 45\u201346. Lis\u00e4ksi voittajatekstej\u00e4 on esill\u00e4 Monitoimitalo 13:n tiloissa Kirjalitta-festivaalilla.<\/p>\n\n\n\n<p><a rel=\"noreferrer noopener\" href=\"https:\/\/kirjalitta.fi\/kirjalitta\/wp-content\/uploads\/2023\/08\/Kirjalitta-2023-aforismimoniste.pdf\" target=\"_blank\">Lataa t\u00e4st\u00e4 <\/a><a rel=\"noreferrer noopener\" href=\"https:\/\/kirjalitta.fi\/kirjalitta\/wp-content\/uploads\/2023\/08\/Kirjalitta-2023-aforismimoniste.pdf\" target=\"_blank\">monistepohja aforismien keksimiseksi!<\/a><\/p>\n","protected":false},"excerpt":{"rendered":"<p>Kirjoituskilpailu tamperelaisille kolmasluokkalaisille Kirjalitta j\u00e4rjest\u00e4\u00e4 tamperelaisille 3. luokan oppilaille suunnatun kirjoituskilpailun. Kilpailuteht\u00e4v\u00e4n\u00e4 on lyhyen aforismin eli mietelauseen kirjoittaminen aiheesta \u201dleikki\u201d. Etk\u00f6 ole aiemmin keksinyt aforismia? T\u00e4m\u00e4n vinkin avulla keksit mietelauseen leikiten! Lopputulos voi olla esimerkiksi jotain t\u00e4llaista: &#8221;Leikki on hilpe\u00e4 monsteriauto puumajassa.\u201d\u201dLeikki on kuin karvainen keppihevonen Karusellissa.\u201d Aforismin voi vapaasti [&hellip;]<\/p>\n","protected":false},"author":1,"featured_media":0,"parent":3049,"menu_order":0,"comment_status":"closed","ping_status":"closed","template":"","meta":{"_themeisle_gutenberg_block_has_review":false,"footnotes":"[]"},"class_list":["post-3115","page","type-page","status-publish","hentry"],"_links":{"self":[{"href":"https:\/\/kirjalitta.fi\/kirjalitta\/wp-json\/wp\/v2\/pages\/3115","targetHints":{"allow":["GET"]}}],"collection":[{"href":"https:\/\/kirjalitta.fi\/kirjalitta\/wp-json\/wp\/v2\/pages"}],"about":[{"href":"https:\/\/kirjalitta.fi\/kirjalitta\/wp-json\/wp\/v2\/types\/page"}],"author":[{"embeddable":true,"href":"https:\/\/kirjalitta.fi\/kirjalitta\/wp-json\/wp\/v2\/users\/1"}],"replies":[{"embeddable":true,"href":"https:\/\/kirjalitta.fi\/kirjalitta\/wp-json\/wp\/v2\/comments?post=3115"}],"version-history":[{"count":8,"href":"https:\/\/kirjalitta.fi\/kirjalitta\/wp-json\/wp\/v2\/pages\/3115\/revisions"}],"predecessor-version":[{"id":3128,"href":"https:\/\/kirjalitta.fi\/kirjalitta\/wp-json\/wp\/v2\/pages\/3115\/revisions\/3128"}],"up":[{"embeddable":true,"href":"https:\/\/kirjalitta.fi\/kirjalitta\/wp-json\/wp\/v2\/pages\/3049"}],"wp:attachment":[{"href":"https:\/\/kirjalitta.fi\/kirjalitta\/wp-json\/wp\/v2\/media?parent=3115"}],"curies":[{"name":"wp","href":"https:\/\/api.w.org\/{rel}","templated":true}]}}