{"id":3059,"date":"2023-08-22T15:55:11","date_gmt":"2023-08-22T12:55:11","guid":{"rendered":"https:\/\/kirjalitta.fi\/kirjalitta\/?page_id=3059"},"modified":"2023-11-08T11:37:59","modified_gmt":"2023-11-08T09:37:59","slug":"viikon-ohjelma-2023","status":"publish","type":"page","link":"https:\/\/kirjalitta.fi\/kirjalitta\/ohjelma\/kirjalitta-2023-leikki\/viikon-ohjelma-2023\/","title":{"rendered":"Viikon ohjelma 2023"},"content":{"rendered":"\n<h2 class=\"wp-block-heading has-text-align-center\">Kirjalitta-viikon ohjelma 6.\u201312.11.2023<\/h2>\n\n\n\n<h6 class=\"wp-block-heading has-text-align-center\">Tapahtumiin on vapaa p\u00e4\u00e4sy, ellei toisin mainita.<\/h6>\n\n\n\n<p><\/p>\n\n\n\n<p class=\"has-text-align-center\">Voit antaa palautetta Kirjalitta-festivaalista <a href=\"https:\/\/q.surveypal.com\/Kavijakysely-lyhyt-2023\">t\u00e4\u00e4ll\u00e4<\/a>. Kiitos palautteestasi!<\/p>\n\n\n\n<hr class=\"wp-block-separator has-alpha-channel-opacity\"\/>\n\n\n\n<h3 class=\"wp-block-heading\"><mark style=\"background-color:rgba(0, 0, 0, 0)\" class=\"has-inline-color has-accent-color\">Koko viikon kest\u00e4v\u00e4t tapahtumat ja n\u00e4yttelyt<\/mark><\/h3>\n\n\n\n<p><\/p>\n\n\n\n<p><\/p>\n\n\n\n<h4 class=\"wp-block-heading\"><em>Nuoret kirjoittavat kaupunkia<\/em> -n\u00e4yttely<\/h4>\n\n\n\n<p>\ud83d\udccd Patosilta, Pikku Kakkosen puisto, Monitoimitalo 13, Akateeminen kirjakauppa, Kauppakeskus Ratina, Cafe Metso&nbsp;<\/p>\n\n\n\n<p>Sanataideyhdistys Y\u00f6st\u00e4j\u00e4 on koonnut 8\u201317-vuotiaiden sanataideoppilaiden teksteist\u00e4 n\u00e4yttelyn, jonka teemana on t\u00e4n\u00e4 vuonna \u201dSanaleikkej\u00e4\u201d. <em>Nuoret kirjoittavat kaupunkia<\/em> -n\u00e4yttely nostaa vuosittain esiin lasten ja nuorten tekijyytt\u00e4 ja sanataideharrastusta sek\u00e4 el\u00e4v\u00f6itt\u00e4\u00e4 kaupunkitilaa.&nbsp;<\/p>\n\n\n\n<p>N\u00e4yttelypaikat ovat t\u00e4n\u00e4 vuonna Patosilta, Pikku Kakkosen puisto, Monitoimitalo 13, Akateeminen kirjakauppa, Kauppakeskus Ratina sek\u00e4 p\u00e4\u00e4kirjaston Cafe Metso.&nbsp;<\/p>\n\n\n\n<p>N\u00e4yttely koostuu Tampereen seudun ty\u00f6v\u00e4enopiston lasten ja nuorten sanataidekoulun sek\u00e4 sanataiteen <em>Lupa harrastaa<\/em> -ryhmien oppilaiden teksteist\u00e4.&nbsp;<\/p>\n\n\n\n<p>Kaikkiin ulkotilojen n\u00e4yttelykiinnityksiin on Tampereen kaupungin lupa.&nbsp;<\/p>\n\n\n\n<p><\/p>\n\n\n\n<p><\/p>\n\n\n\n<h4 class=\"wp-block-heading\"><a href=\"https:\/\/kirjalitta.fi\/kirjalitta\/ohjelma\/kirjalitta-2023-leikki\/aforismileikki-kirjoituskilpailu\/\" data-type=\"page\" data-id=\"3115\"><em>Aforismileikki<\/em><\/a>-tekstin\u00e4yttely<\/h4>\n\n\n\n<p>\ud83d\udccd Tampereen keskusta-alueen Abribus-valomainostaulut<\/p>\n\n\n\n<p><em>Aforismileikki<\/em>-n\u00e4yttely koostuu tamperelaisille kolmasluokkalaisille j\u00e4rjestetyn kirjoituskilpailun voittajateksteist\u00e4.&nbsp;Voittajateksteist\u00e4 tehdyt julisteet ovat esill\u00e4 Tampereen keskusta-alueella olevissa JCDecaux\u2019n Abribus-mainostauluissa 6.\u201319.11.2023.&nbsp;<\/p>\n\n\n\n<p>Tekstit ovat esill\u00e4 my\u00f6s Kirjalitan ty\u00f6pajap\u00e4iv\u00e4ss\u00e4 Monitoimitalo 13:ssa ja Kirjalitan nettisivuilla.&nbsp;<\/p>\n\n\n\n<p><\/p>\n\n\n\n<p><\/p>\n\n\n\n<h4 class=\"wp-block-heading\"><em>Unohdettujen satujen arkisto<\/em> -el\u00e4mystila<\/h4>\n\n\n\n<p>\ud83d\udccd P\u00e4\u00e4kirjasto Metso, Satuhuone<\/p>\n\n\n\n<p><em>Unohdettujen satujen arkisto<\/em> on yksi <strong>Operaatio Pirkanmaan<\/strong> syksyn kulttuuritempauksista. Sanataiteellinen el\u00e4mystila pit\u00e4\u00e4 sis\u00e4ll\u00e4\u00e4n niin kouluille suunnattuja ty\u00f6pajoja kuin yleis\u00f6lle avoimia toiminnallisia ty\u00f6pajoja 6.\u201317.11. N\u00e4yttely on avoinna yleis\u00f6lle seuraavasti:<\/p>\n\n\n\n<h6 class=\"wp-block-heading\">ke 8.11. klo 16\u201318<br>pe 10.11. klo 16\u201318<br>ke 15.11. klo 16\u201318<br>pe 17.11. klo 16\u201318<br>la 18.11. klo 10\u201315<\/h6>\n\n\n\n<p><em>Unohdettujen satujen arkisto<\/em> on sanataiteen keinoin toteutettu mielikuvitusn\u00e4yttely&nbsp;kirjaston satuhuoneessa: el\u00e4mystila, joka toimii vuorovaikutteisena oppimis- ja&nbsp;kokemusymp\u00e4rist\u00f6n\u00e4. El\u00e4mystila kannustaa lapsia tutkimaan, luomaan, kirjoittamaan ja&nbsp;kertomaan, ja tuo esiin positiivisin tavoin lukemisen ja kirjoittamisen taidot.<em> Unohdettujen&nbsp;satujen arkistossa<\/em> saa koskea esineisiin, ja siell\u00e4 saa my\u00f6s lukea, kirjoittaa, kertoa ja esitt\u00e4\u00e4!&nbsp;El\u00e4mystilan toteuttaa <strong>Sanataideyhdistys Y\u00f6st\u00e4j\u00e4 ry<\/strong> yhteisty\u00f6ss\u00e4 <strong>Sara Hild\u00e9n&nbsp;-akatemia<\/strong>n&nbsp;sek\u00e4 <strong>Tampereen seudun ty\u00f6v\u00e4enopiston lasten ja nuorten sanataidekoulun<\/strong> kanssa.<\/p>\n\n\n\n<p><\/p>\n\n\n\n<p><\/p>\n\n\n\n<h4 class=\"wp-block-heading\"><em>Leikit\u00e4\u00e4n lastenkirjoissa<\/em> -kirjan\u00e4yttely&nbsp;<\/h4>\n\n\n\n<p>\ud83d\udccd Lastenkirjainstituutti&nbsp;<\/p>\n\n\n\n<p>N\u00e4yttely on esill\u00e4 1.11.\u201320.12.2023 ja siihen voi tutustua Lastenkirjainstituutin kirjaston aukioloaikoina, maanantaisin klo 10\u201317 ja ti\u2013ke klo 10\u201315.&nbsp;Tervetuloa tutustumaan!&nbsp;<\/p>\n\n\n\n<p><em>Leikit\u00e4\u00e4n lastenkirjoissa<\/em> -kirjan\u00e4yttely esittelee lasten leikkien kuvaamista kirjoissa 1900-luvun alusta t\u00e4h\u00e4n p\u00e4iv\u00e4\u00e4n. Jokaiselta vuosikymmenelt\u00e4 on valittu esitelt\u00e4v\u00e4ksi kaksi kuvakirjaa: yhteens\u00e4 26 kappaletta 1900-luvun alusta nykyp\u00e4iv\u00e4\u00e4n asti.&nbsp;<\/p>\n\n\n\n<p>N\u00e4yttely tuo esille, kuinka lasten leikkej\u00e4 on kuvattu lasten kuvakirjoissa yli sadan vuoden aikana.&nbsp; Leikki ja lasten leikkien muutos kertoo paljon maastamme ja sen kehityksest\u00e4 luokkayhteiskunnasta hyvinvointiyhteiskunnaksi. Nykyaikana sek\u00e4 lukeminen ett\u00e4 leikkiminen joutuvat kilpailemaan lasten vapaa-ajasta esimerkiksi lis\u00e4\u00e4ntyneen ruutuajan kanssa.&nbsp;<\/p>\n\n\n\n<p>N\u00e4yttelyn on Kirjalitta-festivaalille koonnut Lastenkirjainstituutti. <a rel=\"noreferrer noopener\" href=\"https:\/\/lastenkirjainstituutti.fi\/2016\/wp-content\/uploads\/2023\/10\/Leikkinayttelyluettelo.pdf\" target=\"_blank\">Tutustu n\u00e4yttelyluetteloon (PDF)<\/a>&nbsp;ja lue lis\u00e4\u00e4 <a href=\"https:\/\/lastenkirjainstituutti.fi\/tapahtuma\/leikitaan-lastenkirjoissa-kirjanayttely\">t\u00e4st\u00e4 linkist\u00e4<\/a>.<\/p>\n\n\n\n<p><\/p>\n\n\n\n<p><\/p>\n\n\n\n<h4 class=\"wp-block-heading\"><em>Onni on olla<\/em> -n\u00e4yttely&nbsp;<\/h4>\n\n\n\n<p>\ud83d\udccd Lastenkulttuurikeskus Rulla, Keskustori 4&nbsp;<\/p>\n\n\n\n<p><em>Onni on olla<\/em> -n\u00e4yttely perustuu <strong>Sanna Pelliccionin<\/strong> vuodesta 2007 ilmestyneeseen <em>ONNI<\/em>-kuvakirjasarjaan. Kirjoja on jo yhdeks\u00e4ntoista. N\u00e4yttelyn j\u00e4rjest\u00e4\u00e4 Lastenkulttuurikeskus Rulla ja se on n\u00e4ht\u00e4viss\u00e4 28.10.\u201317.12.2023. Lis\u00e4tiedot <a href=\"https:\/\/www.tampere.fi\/lastenkulttuurikeskus-rulla\/rullan-nayttelyt\">t\u00e4st\u00e4 linkist\u00e4<\/a>.<br>N\u00e4yttelyss\u00e4 kirja astuu ulos kansistaan, ja kirjojen maailmat levittyv\u00e4t n\u00e4yttelytilaan leikkimaailmoiksi. N\u00e4yttelyss\u00e4 kuljetaan villaisia sammalmattoja pitkin. N\u00e4yttelyss\u00e4 vierailijat p\u00e4\u00e4sev\u00e4t tutustumaan kirjojen kuvituksiin, leikkim\u00e4\u00e4n Onnin leikkimatolle ja keitti\u00f6\u00f6n, tekem\u00e4\u00e4n varjoteatteriesityksen sek\u00e4 pulikoimaan minipallomeress\u00e4 ja seilaamaan Onnin pahvilaatikkolaivalla.&nbsp;<\/p>\n\n\n\n<p><\/p>\n\n\n\n<hr class=\"wp-block-separator alignfull has-alpha-channel-opacity is-style-wide\"\/>\n\n\n\n<p><\/p>\n\n\n\n<h3 class=\"wp-block-heading\"><mark style=\"background-color:rgba(0, 0, 0, 0)\" class=\"has-inline-color has-accent-color\">Tiistai 7.11.2023<\/mark><\/h3>\n\n\n\n<p><\/p>\n\n\n\n<h4 class=\"wp-block-heading\">Kirjalitan koululaisp\u00e4iv\u00e4 P\u00e4\u00e4kirjasto Metsossa<\/h4>\n\n\n\n<p><\/p>\n\n\n\n<h6 class=\"wp-block-heading\"><a href=\"https:\/\/kirjalitta.fi\/kirjalitta\/kirjaviisaat\/\" data-type=\"page\" data-id=\"947\">Kirjaviisaat-tietokilpailun<\/a> finaali 5.-luokkalaisille<\/h6>\n\n\n\n<h6 class=\"wp-block-heading\">Klo 9\u201310<\/h6>\n\n\n\n<p>\ud83d\udccd P\u00e4\u00e4kirjasto Metso, Kuusi-sali<\/p>\n\n\n\n<p>\ud83d\udccd Live stream Mediakoulun koulukanavalla: <a href=\"https:\/\/video.ibm.com\/channel\/L5DeB5vJ9fw\">https:\/\/video.ibm.com\/channel\/L5DeB5vJ9fw<\/a><\/p>\n\n\n\n<p>Kirjaviisaat on kirjatietokilpailu tamperelaisille viidesluokkalaisille. Kilpailukysymykset pohjautuvat Pirkanmaan lukudiplomin viidennen luokan kirjoihin. Kilpailun finaalissa Kirjaviisaat-mestaruudesta kisaavat alkukarsinnan nelj\u00e4 parasta luokkaa kolmihenkisin joukkuein.<\/p>\n\n\n\n<p><\/p>\n\n\n\n<p><\/p>\n\n\n\n<h6 class=\"wp-block-heading\">Lastenkirjailijavieraana Mari Luoma<\/h6>\n\n\n\n<h6 class=\"wp-block-heading\">Klo 10\u201311<\/h6>\n\n\n\n<p>\ud83d\udccd P\u00e4\u00e4kirjasto Metso, Lehmus-sali<\/p>\n\n\n\n<p><\/p>\n\n\n\n<p>Koululaisp\u00e4iv\u00e4n ohjelmassa lis\u00e4ksi <strong>Sanataideyhdistys Y\u00f6st\u00e4j\u00e4n<\/strong> sanataidepajoja ennakkoon ilmoittautuneille luokille Unohdettujen satujen arkisto -el\u00e4mystilassa (Satuhuone).<\/p>\n\n\n\n<p><\/p>\n\n\n\n<p><\/p>\n\n\n\n<h4 class=\"wp-block-heading\">Kirjailijavieraana Kalle Veirto<\/h4>\n\n\n\n<h6 class=\"wp-block-heading\">Klo 10<\/h6>\n\n\n\n<p>\ud83d\udccd Koilliskeskuksen kirjasto<\/p>\n\n\n\n<p><\/p>\n\n\n\n<p><\/p>\n\n\n\n<h4 class=\"wp-block-heading\"><em>El\u00e4v\u00e4t ja kuolleet kirjailijat kohtaavat <\/em>-klubi-ilta<\/h4>\n\n\n\n<h6 class=\"wp-block-heading\">Klo 18\u201319.30<\/h6>\n\n\n\n<p>\ud83d\udccd Yl\u00f6j\u00e4rven p\u00e4\u00e4kirjasto Leija<\/p>\n\n\n\n<p>Pirkanmaalainen lasten- ja nuortenkirjallisuus&nbsp;eilen ja t\u00e4n\u00e4\u00e4n:<\/p>\n\n\n\n<p>80. juhlavuottaan viett\u00e4v\u00e4 <strong>Pirkkalaiskirjailijat ry<\/strong> j\u00e4rjest\u00e4\u00e4 marraskuun <em>El\u00e4v\u00e4t ja kuolleet kirjailijat kohtaavat<\/em>&nbsp;-klubin tiistaina 7.11. Yl\u00f6j\u00e4rven Leija-kirjastossa klo 18 osana Kirjalitta-viikkoa. Tilaisuudessa keskustellaan lasten- ja nuortenkirjallisuuden arvostuksesta, lajin muuttumisesta vuosikymmenten saatossa ja uusimmista virtauksista. Pirkanmaalaisten kirjailijoiden anti suomalaiselle lasten- ja nuortenkirjallisuudelle on ollut valtava: kaikki tuntevat esimerkiksi Kirsi Kunnaksen, Anni Polvan ja Rauha S. Virtasen teokset. Tule mukaan klubi-iltaan kuulemaan, mit\u00e4 kaikkea kiinnostavaa lasten- ja nuortenkirjallisuudessa tapahtuu t\u00e4n\u00e4\u00e4n! Voit my\u00f6s kertoa oman lasten- ja nuortenkirjallisuuteen liittyv\u00e4n muistosi.&nbsp;<\/p>\n\n\n\n<p>Puheenvuoron saavat sek\u00e4 tutkija <strong>P\u00e4ivi Heikkil\u00e4-Halttunen<\/strong> ett\u00e4 kirjailijat<strong> Harri Istv\u00e1n M\u00e4ki<\/strong> ja&nbsp;<strong style=\"font-size: revert; white-space: pre-wrap;\">Dess Terentjeva<\/strong>.<\/p>\n\n\n\n<p><\/p>\n\n\n\n<p><\/p>\n\n\n\n<hr class=\"wp-block-separator alignfull has-alpha-channel-opacity is-style-wide\"\/>\n\n\n\n<p><\/p>\n\n\n\n<h3 class=\"wp-block-heading\"><mark style=\"background-color:rgba(0, 0, 0, 0)\" class=\"has-inline-color has-accent-color\">Keskiviikko 8.11.2023<\/mark><\/h3>\n\n\n\n<h4 class=\"wp-block-heading\">Nuortenkirjailijavieraana Mikko With<\/h4>\n\n\n\n<h6 class=\"wp-block-heading\">Klo 13<\/h6>\n\n\n\n<p>\ud83d\udccd Hervannan kirjasto<\/p>\n\n\n\n<p><\/p>\n\n\n\n<p><\/p>\n\n\n\n<h4 class=\"wp-block-heading\"><em><a href=\"https:\/\/kirjalitta.fi\/kirjalitta\/ohjelma\/kirjalitta-2023-leikki\/iltasadun-aika\/\" data-type=\"page\" data-id=\"3250\">Iltasadun aika!<\/a><\/em> -iltasatutapahtuma koko perheelle&nbsp;<\/h4>\n\n\n\n<h6 class=\"wp-block-heading\">Klo 18\u201320<\/h6>\n\n\n\n<p>\ud83d\udccd Lastenkulttuurikeskus Rulla, Keskustori 4&nbsp;<\/p>\n\n\n\n<p>Kirjalitan suositun iltasatutapahtuman ohjelmassa on tuttuun tapaan hauskaa kirjoihin liittyv\u00e4\u00e4 ohjelmaa koko perheelle. Illan kunniavieraina esiintyv\u00e4t lastenkirjailija ja -runoilija <strong>Kirsti Kuronen<\/strong> sek\u00e4 lastenmusiikkiduo <strong>Sagolik<\/strong>. Tapahtumassa voi tutustua my\u00f6s <strong>Sanna Pelliccionin<\/strong> <a href=\"https:\/\/www.tampere.fi\/lastenkulttuurikeskus-rulla\/rullan-nayttelyt\"><em>Onni on olla<\/em> -n\u00e4yttelyyn<\/a>,&nbsp;kuunnella satuja <strong>MLL<\/strong>:n <em>Koko maailman tarinateltassa<\/em>,&nbsp;selvitt\u00e4\u00e4 oman satuolentonsa identiteetin <strong>Y\u00f6st\u00e4j\u00e4n<\/strong> satuhahmoanalyysiss\u00e4 sek\u00e4 osallistua&nbsp;kirja-arvontaan, jossa on palkintona Kirsti Kurosen kuvakirjoja&nbsp;(yhteisty\u00f6ss\u00e4 Otava ja&nbsp;Myllylahti).&nbsp;Tarjolla on pient\u00e4 iltapalaa. Tapahtumaa&nbsp;suositellaan ensisijaisesti 4\u201310-vuotiaille. Tutustu iltasatutapahtumaan <a href=\"https:\/\/kirjalitta.fi\/kirjalitta\/ohjelma\/kirjalitta-2023-leikki\/iltasadun-aika\/\">t\u00e4\u00e4lt\u00e4<\/a>.<\/p>\n\n\n\n<p>Tervetuloa saapumaan my\u00f6s y\u00f6puvussa!<\/p>\n\n\n\n<p><strong>Esiintyj\u00e4muutos<\/strong>: 8.11. <em>Iltasadun aika!<\/em>\u00a0-tapahtumassa Sagolik-duon Stina Koistista tulee Juho Kanervon rinnalle tuuraamaan tamperelainen laulaja &amp; lauluntekij\u00e4 <strong>Kielo K\u00e4rkk\u00e4inen<\/strong>.<\/p>\n\n\n\n<p><\/p>\n\n\n\n<hr class=\"wp-block-separator alignfull has-alpha-channel-opacity is-style-wide\"\/>\n\n\n\n<p><\/p>\n\n\n\n<h3 class=\"wp-block-heading\"><mark style=\"background-color:rgba(0, 0, 0, 0)\" class=\"has-inline-color has-accent-color\">Torstai 9.11.2023<\/mark><\/h3>\n\n\n\n<h4 class=\"wp-block-heading\">Lastenkirjailijavieraana Roope Lipasti<\/h4>\n\n\n\n<h6 class=\"wp-block-heading\">Klo 10<\/h6>\n\n\n\n<p>\ud83d\udccd Tesoman kirjasto, Lysti-sali<\/p>\n\n\n\n<p><\/p>\n\n\n\n<p><\/p>\n\n\n\n<h4 class=\"wp-block-heading\">Kirjabasaari<\/h4>\n\n\n\n<h6 class=\"wp-block-heading\">Klo 12\u201318<\/h6>\n\n\n\n<p>\ud83d\udccd Lastenkirjainstituutti, Puutarhakatu 11 A, 2. krs. <\/p>\n\n\n\n<p>Kirjalitta-viikon ohjelmaan kuuluva Kirjabasaari j\u00e4rjestet\u00e4\u00e4n 9.\u201311.11.2023 Lastenkirjainstituutissa. Tervetuloa tekem\u00e4\u00e4n l\u00f6yt\u00f6j\u00e4!&nbsp;Basaari on avoinna:<\/p>\n\n\n\n<h6 class=\"wp-block-heading\">to 9.11. klo 12\u201318<br>pe 10.11. klo 10\u201315<br>la 11.11. klo 10\u201313 <\/h6>\n\n\n\n<p>Kirjabasaarissa myyd\u00e4\u00e4n kirjaston kokoelmista poistettuja tai muutoin ylim\u00e4\u00e4r\u00e4isi\u00e4, uusia sek\u00e4 vanhoja lasten- ja nuortenkirjoja. Kirjojen hinnat alkaen 1 \u20ac. Kirjabasaarissa j\u00e4rjestet\u00e4\u00e4n my\u00f6s arpajaiset, joissa jaossa kirja- ja korttipalkintoja.&nbsp;Lue lis\u00e4\u00e4 <a href=\"https:\/\/lastenkirjainstituutti.fi\/tapahtuma\/lastenkirjainstituutin-kirjabasaari\">t\u00e4st\u00e4 linkist\u00e4<\/a>.&nbsp;<\/p>\n\n\n\n<p><\/p>\n\n\n\n<p><\/p>\n\n\n\n<h4 class=\"wp-block-heading\">Sanataidekoulun nuorten ilta<\/h4>\n\n\n\n<h6 class=\"wp-block-heading\">Klo 17 alkaen<\/h6>\n\n\n\n<p>\ud83d\udccd Nuorten kulttuurikeskus Monitoimitalo 13, Stenvall-sali<\/p>\n\n\n\n<p>Saapumishohjeet, Tampereen kaupungin nuorisopalveluiden turvallisemman tilan periaatteet sek\u00e4 esteett\u00f6myystiedot l\u00f6yd\u00e4t&nbsp;<a href=\"https:\/\/www.tampere.fi\/nuoret\/nuorten-kulttuurikeskus-monitoimitalo-13\">t\u00e4st\u00e4 linkist\u00e4<\/a>.<\/p>\n\n\n\n<p>Tervetuloa sanataidekoulun kaikille avoimeen nuorten iltaan! <\/p>\n\n\n\n<p>Tilaisuuden avaa klo 17&nbsp;<em>Lukufiilis<\/em>-verkkolehden toimitusp\u00e4\u00e4llikk\u00f6 <strong>Sofia Blomberg<\/strong>, joka esittelee yleis\u00f6lle&nbsp;Lukufiilist\u00e4. Klo 17.30\u201318.30 esiintyy nuortenkirjailija <strong>Vilja-Tuulia Huotarinen<\/strong>, jonka Finlandia-palkittuun nuortenkirjaan perustuva <em>Valoa valoa valoa <\/em>-filmatisointi py\u00f6rii parhaillaan elokuvateattereissa. Yhteisty\u00f6ss\u00e4 <strong>Tampereen seudun ty\u00f6v\u00e4enopiston lasten ja nuorten sanataidekoulu<\/strong>.\u202f<\/p>\n\n\n\n<p><\/p>\n\n\n\n<p><\/p>\n\n\n\n<h4 class=\"wp-block-heading\">Merimonsterit runoilevat!<\/h4>\n\n\n\n<h6 class=\"wp-block-heading\">Klo 17.30<\/h6>\n\n\n\n<p>\ud83d\udccd Tampereen Ty\u00f6v\u00e4en Teatteri, Eino Salmelaisen n\u00e4ytt\u00e4m\u00f6n l\u00e4mpi\u00f6<\/p>\n\n\n\n<p>Lastenrunoilija ja <em>Merimonsterit<\/em>-esityksen ohjaaja<strong> Laura Ruohonen<\/strong> lukee runoja ja kirjoittaa&nbsp;uusia monsteririimej\u00e4 lasten&nbsp;kanssa. Vapaa p\u00e4\u00e4sy,&nbsp;yhteisty\u00f6ss\u00e4 Kirjalitta-festivaali. Klo 18.30 Eino Salmelaisen n\u00e4ytt\u00e4m\u00f6ll\u00e4 alkaa <em>Merimonsterit<\/em>-esitys,&nbsp;johon myyd\u00e4\u00e4n erilliset p\u00e4\u00e4syliput teatterin lippumyym\u00e4l\u00e4ss\u00e4 tai <a href=\"http:\/\/ttt-teatteri.fi\">ttt-teatteri.fi<\/a> (23 \u20ac).<\/p>\n\n\n\n<p><\/p>\n\n\n\n<p><\/p>\n\n\n\n<hr class=\"wp-block-separator alignfull has-alpha-channel-opacity is-style-wide\"\/>\n\n\n\n<h3 class=\"wp-block-heading\"><mark style=\"background-color:rgba(0, 0, 0, 0)\" class=\"has-inline-color has-accent-color\">Perjantai 10.11.2023<\/mark><\/h3>\n\n\n\n<h4 class=\"wp-block-heading\">Lastenkirjailijavieraana Arttu Unkari<\/h4>\n\n\n\n<h6 class=\"wp-block-heading\">Klo 9<\/h6>\n\n\n\n<p>\ud83d\udccd Peltolammin koulu<\/p>\n\n\n\n<p><em>Is\u00e4mies<\/em>-kirjoistaan tunnettua kirjailijaa haastattelevat Peltolammin koulun&nbsp;nelj\u00e4sluokkalaiset. Koulun kolmas- ja nelj\u00e4sluokkalaiset ovat valmistautuneet&nbsp;kirjailijavierailuun tutustumalla <em>Is\u00e4mies<\/em>-kirjojen aiheisiin ja luovaan kirjoittamiseen Y\u00f6st\u00e4j\u00e4n&nbsp;sanataidepajoissa.<\/p>\n\n\n\n<p>Tilaisuudessa arvotaan Arttu Unkarin kirjoja (yhteisty\u00f6ss\u00e4 Otava).<\/p>\n\n\n\n<p><\/p>\n\n\n\n<p><\/p>\n\n\n\n<h4 class=\"wp-block-heading\">Kirjabasaari<\/h4>\n\n\n\n<h6 class=\"wp-block-heading\">Klo 10\u201315<\/h6>\n\n\n\n<p>\ud83d\udccd Lastenkirjainstituutti, Puutarhakatu 11 A, 2. krs. <\/p>\n\n\n\n<p>Lue lis\u00e4\u00e4 <a href=\"https:\/\/lastenkirjainstituutti.fi\/tapahtuma\/lastenkirjainstituutin-kirjabasaari\">t\u00e4st\u00e4 linkist\u00e4<\/a>.&nbsp;<\/p>\n\n\n\n<p><\/p>\n\n\n\n<p><\/p>\n\n\n\n<h4 class=\"wp-block-heading\"><em>Peloton Peltohiiri<\/em> -n\u00e4yttely<\/h4>\n\n\n\n<h6 class=\"wp-block-heading\">Klo 16\u201317.30&nbsp;<\/h6>\n\n\n\n<p>\ud83d\udccd Galleria Lastenkirja, Pispalan lastenkirjasto (Tahmelan huvila)<\/p>\n\n\n\n<p class=\"has-text-align-left\">Tule tapaamaan Galleria Lastenkirjan <em>Peloton Peltohiiri<\/em> -n\u00e4yttelyn taiteilijaa <strong>Aleksi Korpelaa<\/strong>.&nbsp;<br>Galleria Lastenkirjassa auki olevassa lastenkuvakirjan\u00e4yttelyss\u00e4 on esill\u00e4 <strong>Aleksi ja Meri Korpelan<\/strong> neliosaisen <em>Peloton Peltohiiri<\/em> -kirjasarjan kuvitukseksi tehtyj\u00e4 guassimaalauksia. Kuvitukset tekev\u00e4 Aleksi Korpela on paikalla n\u00e4yttelyss\u00e4 perjantaina 10.11. klo 16\u201317.30. Tule keskustelemaan kuvituksista ja kuulemaan tarinoita niiden takaa. Lapsille galleriassa on tarjolla my\u00f6s <em>Peloton Peltohiiri <\/em>-v\u00e4ritysteht\u00e4vi\u00e4.&nbsp;<br>&nbsp;<br>Galleria Lastenkirja sijaitsee Pispalan lastenkirjastossa Tahmelan huvilalla. <em>Peloton Peltohiiri <\/em>-n\u00e4yttely on auki 9.9.\u201310.11.2023.&nbsp;Tilaisuuden j\u00e4rjest\u00e4\u00e4<strong> Pispalan Kirjastoyhdistys Ry.<\/strong> Lue lis\u00e4\u00e4 <a href=\"https:\/\/www.tahmelanhuvila.fi\/lastenkirjaston-galleria\/\">t\u00e4st\u00e4 linkist\u00e4<\/a>.<\/p>\n\n\n\n<p><\/p>\n\n\n\n<p><\/p>\n\n\n\n<hr class=\"wp-block-separator alignfull has-alpha-channel-opacity is-style-wide\"\/>\n\n\n\n<h3 class=\"wp-block-heading\"><mark style=\"background-color:rgba(0, 0, 0, 0)\" class=\"has-inline-color has-accent-color\">Lauantai 11.11.2023<\/mark><\/h3>\n\n\n\n<h4 class=\"wp-block-heading\">Kirjabasaari<\/h4>\n\n\n\n<h6 class=\"wp-block-heading\">Klo 10\u201313<\/h6>\n\n\n\n<p>\ud83d\udccd Lastenkirjainstituutti, Puutarhakatu 11 A, 2. krs. <\/p>\n\n\n\n<p>Lue lis\u00e4\u00e4 <a href=\"https:\/\/lastenkirjainstituutti.fi\/tapahtuma\/lastenkirjainstituutin-kirjabasaari\">t\u00e4st\u00e4 linkist\u00e4<\/a>.<\/p>\n\n\n\n<p><\/p>\n\n\n\n<p><\/p>\n\n\n\n<h4 class=\"wp-block-heading\">P\u00e4\u00e4tapahtuma: <a href=\"https:\/\/kirjalitta.fi\/kirjalitta\/ohjelma\/kirjalitta-2023-leikki\/hurmaavien-kirjojen-kirmaavien-hurjien-tyopajapaiva\/\" data-type=\"page\" data-id=\"3224\">Kirjalitan ty\u00f6pajap\u00e4iv\u00e4<\/a><\/h4>\n\n\n\n<h6 class=\"wp-block-heading\">Klo 11\u201315<\/h6>\n\n\n\n<p>\ud83d\udccd Nuorten kulttuurikeskus Monitoimitalo 13<\/p>\n\n\n\n<p>Lauantaina 11.11. Kirjalitta huipentuu ty\u00f6pajap\u00e4iv\u00e4\u00e4n Monitoimitalo 13:ssa. P\u00e4iv\u00e4n aikana n\u00e4hd\u00e4\u00e4n <strong>Teatteri Ilmi \u00d6<\/strong>:n interaktiivinen ja tarinallinen lastenesitys, p\u00e4\u00e4st\u00e4\u00e4n osallistumaan leikkeihin, draamaseikkailuun ja ty\u00f6pajoihin sek\u00e4 tavataan lasten- ja nuortenkirjallisuudesta tuttuja hahmoja. Kirjailijavieraina ovat muun muassa <em>Tatun ja Patun<\/em> tekij\u00e4t <strong>Aino Havukainen<\/strong> ja <strong>Sami Toivonen.<\/strong> Ty\u00f6pajap\u00e4iv\u00e4ss\u00e4 mukana ovat my\u00f6s <strong>Akateemisen kirjakaupan <\/strong>pop up -myym\u00e4l\u00e4 sek\u00e4 kirjastoauto <strong>Kosmos<\/strong>, josta voi lainata leikkisi\u00e4 teoksia.<\/p>\n\n\n\n<h6 class=\"wp-block-heading\">Tapahtumaan on vapaa p\u00e4\u00e4sy!<\/h6>\n\n\n\n<p>Tutustu hurmaavien kirjojen, <em>kirmaavien hurjien<\/em>, ty\u00f6pajap\u00e4iv\u00e4n koko ohjelmaan ja aikatauluun <a href=\"https:\/\/kirjalitta.fi\/kirjalitta\/ohjelma\/kirjalitta-2023-leikki\/hurmaavien-kirjojen-kirmaavien-hurjien-tyopajapaiva\/\" data-type=\"page\" data-id=\"3224\">t\u00e4\u00e4lt\u00e4<\/a>.<\/p>\n\n\n\n<hr class=\"wp-block-separator alignfull has-alpha-channel-opacity is-style-wide\"\/>\n\n\n\n<h3 class=\"wp-block-heading\"><mark style=\"background-color:rgba(0, 0, 0, 0)\" class=\"has-inline-color has-accent-color\">Sunnuntai 12.11.2023<\/mark><\/h3>\n\n\n\n<h4 class=\"wp-block-heading\"><em><a href=\"https:\/\/www.vapriikki.fi\/nayttelyt\/olipa-kerran-tarina-satujen-synnysta\/\">Olipa kerran<\/a><\/em> -n\u00e4yttelyn yleis\u00f6opastus<\/h4>\n\n\n\n<h5 class=\"wp-block-heading\">Klo 14<\/h5>\n\n\n\n<p>\ud83d\udccd Museokeskus Vapriikki<\/p>\n\n\n\n<p>Opastus sis\u00e4ltyy Vapriikin p\u00e4\u00e4symaksuun. Kesto noin tunti. Opastus alkaa Vapriikin sis\u00e4\u00e4ntuloaulasta.<\/p>\n\n\n\n<p>Tervetuloa satumets\u00e4\u00e4n! Vapriikin <em>Olipa kerran, tarina satujen synnyst\u00e4<\/em> on el\u00e4myksellinen n\u00e4yttely saduista, sankareista ja sankarittarista. Esill\u00e4 ovat tutut ja tuntemattomat sadut Euroopasta ja muualta seitsem\u00e4n maan ja meren takaa. Tutut satuhahmot tuovat tunnistamisen iloa niin aikuiselle k\u00e4vij\u00e4lle kuin pienelle kuuntelijallekin. <\/p>\n\n\n\n<p>Taikamets\u00e4st\u00e4 l\u00f6ytyv\u00e4t it\u00e4maiset markkinat ja aarrekammio, prinssi ja prinsessa. Toiminnallisessa n\u00e4yttelyss\u00e4 voi heitt\u00e4yty\u00e4 satujen sankarin rooliin ja suorittaa erilaisia teht\u00e4vi\u00e4. Rohkea n\u00e4yttelyk\u00e4vij\u00e4 voi raivata tiens\u00e4 pois alisesta manalasta suorittamalla esteradan ja peittoamalla lohik\u00e4\u00e4rmeen. Jos sankarin viitta alkaa painaa, voi istua rauhassa sienimets\u00e4\u00e4n kuuntelemaan ikiaikaisia satuja. Satugeneraattorilla voi luoda oman satunsa ja valita onnellisen tai onnettoman lopun.<\/p>\n\n\n\n<hr class=\"wp-block-separator alignfull has-alpha-channel-opacity is-style-wide\"\/>\n\n\n\n<h3 class=\"wp-block-heading\"><\/h3>\n","protected":false},"excerpt":{"rendered":"<p>Kirjalitta-viikon ohjelma 6.\u201312.11.2023 Tapahtumiin on vapaa p\u00e4\u00e4sy, ellei toisin mainita. Voit antaa palautetta Kirjalitta-festivaalista t\u00e4\u00e4ll\u00e4. Kiitos palautteestasi! Koko viikon kest\u00e4v\u00e4t tapahtumat ja n\u00e4yttelyt Nuoret kirjoittavat kaupunkia -n\u00e4yttely \ud83d\udccd Patosilta, Pikku Kakkosen puisto, Monitoimitalo 13, Akateeminen kirjakauppa, Kauppakeskus Ratina, Cafe Metso&nbsp; Sanataideyhdistys Y\u00f6st\u00e4j\u00e4 on koonnut 8\u201317-vuotiaiden sanataideoppilaiden teksteist\u00e4 n\u00e4yttelyn, jonka teemana [&hellip;]<\/p>\n","protected":false},"author":1,"featured_media":0,"parent":3049,"menu_order":0,"comment_status":"closed","ping_status":"closed","template":"","meta":{"_themeisle_gutenberg_block_has_review":false,"footnotes":""},"class_list":["post-3059","page","type-page","status-publish","hentry"],"_links":{"self":[{"href":"https:\/\/kirjalitta.fi\/kirjalitta\/wp-json\/wp\/v2\/pages\/3059","targetHints":{"allow":["GET"]}}],"collection":[{"href":"https:\/\/kirjalitta.fi\/kirjalitta\/wp-json\/wp\/v2\/pages"}],"about":[{"href":"https:\/\/kirjalitta.fi\/kirjalitta\/wp-json\/wp\/v2\/types\/page"}],"author":[{"embeddable":true,"href":"https:\/\/kirjalitta.fi\/kirjalitta\/wp-json\/wp\/v2\/users\/1"}],"replies":[{"embeddable":true,"href":"https:\/\/kirjalitta.fi\/kirjalitta\/wp-json\/wp\/v2\/comments?post=3059"}],"version-history":[{"count":70,"href":"https:\/\/kirjalitta.fi\/kirjalitta\/wp-json\/wp\/v2\/pages\/3059\/revisions"}],"predecessor-version":[{"id":3438,"href":"https:\/\/kirjalitta.fi\/kirjalitta\/wp-json\/wp\/v2\/pages\/3059\/revisions\/3438"}],"up":[{"embeddable":true,"href":"https:\/\/kirjalitta.fi\/kirjalitta\/wp-json\/wp\/v2\/pages\/3049"}],"wp:attachment":[{"href":"https:\/\/kirjalitta.fi\/kirjalitta\/wp-json\/wp\/v2\/media?parent=3059"}],"curies":[{"name":"wp","href":"https:\/\/api.w.org\/{rel}","templated":true}]}}