{"id":2233,"date":"2021-10-14T12:12:33","date_gmt":"2021-10-14T09:12:33","guid":{"rendered":"http:\/\/kirjalitta.fi\/?page_id=2233"},"modified":"2021-11-07T23:04:49","modified_gmt":"2021-11-07T21:04:49","slug":"kummien-juttujen-tyopajapaiva","status":"publish","type":"page","link":"https:\/\/kirjalitta.fi\/kirjalitta\/kummien-juttujen-tyopajapaiva\/","title":{"rendered":"Kummien juttujen ty\u00f6pajap\u00e4iv\u00e4"},"content":{"rendered":"\n<div class=\"wp-block-image\"><figure class=\"alignright size-large is-resized\"><img loading=\"lazy\" decoding=\"async\" src=\"https:\/\/kirjalitta.fi\/wp-content\/uploads\/2021\/10\/kirjalitta21_isoteema1.jpg\" alt=\"\" class=\"wp-image-2249\" width=\"352\" height=\"441\" srcset=\"https:\/\/kirjalitta.fi\/kirjalitta\/wp-content\/uploads\/2021\/10\/kirjalitta21_isoteema1.jpg 796w, https:\/\/kirjalitta.fi\/kirjalitta\/wp-content\/uploads\/2021\/10\/kirjalitta21_isoteema1-239x300.jpg 239w, https:\/\/kirjalitta.fi\/kirjalitta\/wp-content\/uploads\/2021\/10\/kirjalitta21_isoteema1-768x965.jpg 768w\" sizes=\"auto, (max-width: 352px) 100vw, 352px\" \/><figcaption>Kuva: Jani Ikonen, 2021.<\/figcaption><\/figure><\/div>\n\n\n\n<h5 class=\"wp-block-heading\"><strong>KUMMIEN JUTTUJEN TY\u00d6PAJAP\u00c4IV\u00c4<\/strong><\/h5>\n\n\n\n<p><strong>Lauantai 13.11.2021<\/strong><br><strong>Klo 11:00-16:15<br>Nuorten kulttuurikeskus Monitoimitalo 13, Pellavatehtaankatu 4<\/strong><\/p>\n\n\n\n<p>Kirjalitan p\u00e4\u00e4tapahtuma j\u00e4rjestet\u00e4\u00e4n ty\u00f6pajap\u00e4iv\u00e4n\u00e4 Monitoimitalo 13:ssa lauantaina 13.11. klo 11.00-16.15. Tapahtumassa sukelletaan kummallisuuksien maailmaan, jossa voit kesytt\u00e4\u00e4 m\u00f6rk\u00f6j\u00e4, tutustua kammologiaan, osallistua Salasaaren Salapajaan, bongata \u00e4mmink\u00e4isi\u00e4, tehd\u00e4 optisia illuusioita ja taikatemppuja sek\u00e4 tutkia erilaisia limoja. Paikalla on my\u00f6s kirjastoauto <strong>Kosmos<\/strong>, josta voit lainata kummallista luettavaa. P\u00e4iv\u00e4n huipentaa tuli- ja runoshow, josta vastaavat tulitaideyhdistys<strong> Flamma<\/strong> ja n\u00e4yttelij\u00e4 <strong>Emilia Pokkinen<\/strong>!<\/p>\n\n\n\n<p>Monitoimitalon kahvila <strong>Caf\u00e9 13<\/strong> on avoinna klo 10:00-16:00. Kahvilassa voit nauttia pikkupurtavaa sopuhintaan.<\/p>\n\n\n\n<p>Ty\u00f6pajoihin on ennakkoilmoittautuminen, joka p\u00e4\u00e4ttyy 10.11.2021. Voit ilmoittautua yhteen tai useampaan ty\u00f6pajaan. Ty\u00f6pajojen osallistujam\u00e4\u00e4r\u00e4 on rajattu, ja pajoissa noudatetaan voimassa olevia koronarajoituksia. Ty\u00f6pajat ovat maksuttomia.<\/p>\n\n\n\n<p><strong><a href=\"https:\/\/kirjalitta.fi\/ilmoittautuminen\/\">Ilmoittaudu pajoihin t\u00e4st\u00e4.<\/a><\/strong><\/p>\n\n\n\n<hr class=\"wp-block-separator is-style-dots\"\/>\n\n\n\n<h5 class=\"wp-block-heading\"><strong>OHJELMA<\/strong><\/h5>\n\n\n\n<h6 class=\"wp-block-heading\"><strong>SALASAAREN SALAPAJA<\/strong><\/h6>\n\n\n\n<p><strong>Klo: 11:00-11:45 &amp; 14:00-14:45&nbsp;<br>Kesto: 45 min&nbsp;<\/strong><br><strong>Tila: Stage, 2. krs<br>Ik\u00e4suositus: +5<\/strong><br>&nbsp;<br>Salasaaren salapaja kutkuttaa mielikuvitusta ja kutsuu seikkailemaan! Salapajassa kokeillaan mit\u00e4 seikkailija ehtii tehd\u00e4 tiimalasillisen aikana, kootaan karttoja, kuunnellaan simpukoita sek\u00e4 tallennetaan tarinoita Seikkailijoiden talon kirjastoon. Salapaja perustuu Silja Sillanp\u00e4\u00e4n ja Marja Siiran kuvakirjaan <em>Salasaaren salaisuudet<\/em> (WSOY, 2021).&nbsp;<br><br>Salasaaren salapajan vet\u00e4j\u00e4n\u00e4 toimii kirjailija ja k\u00e4sikirjoittaja <strong><a href=\"https:\/\/kirjalitta.fi\/esiintyjat2021\/\">Silja Sillanp\u00e4\u00e4.<\/a><\/strong> Ty\u00f6pajap\u00e4iv\u00e4ss\u00e4 j\u00e4rjestet\u00e4\u00e4n kaksi salapajaa. Kumpaankin mahtuu 25 osallistujaa.<\/p>\n\n\n\n<div style=\"height:36px\" aria-hidden=\"true\" class=\"wp-block-spacer\"><\/div>\n\n\n\n<h6 class=\"wp-block-heading\"><strong>OTUSBONGAUKSEN ALKEET <strong>\u2013<\/strong><\/strong> <strong>OPI PERUSASIAT \u00c4MMINK\u00c4ISIST\u00c4 <\/strong><\/h6>\n\n\n\n<p><strong>Klo: 11:30-12:30&nbsp;<br>Kesto: 60 min&nbsp;<\/strong><br><strong>Tila: Stenvall, 4. krs<\/strong><\/p>\n\n\n\n<p>Mink\u00e4laisia merkkej\u00e4 \u00e4mmink\u00e4iset j\u00e4tt\u00e4v\u00e4t kaupunkiin? Mink\u00e4laisia tapoja niill\u00e4 on? Mit\u00e4 ne sy\u00f6v\u00e4t? Kuvittaja <strong><a href=\"https:\/\/kirjalitta.fi\/esiintyjat2021\/\">Tuomas K\u00e4rkk\u00e4isen<\/a><\/strong> ty\u00f6pajassa p\u00e4\u00e4set bongaamaan \u00e4mmink\u00e4isi\u00e4, ja lis\u00e4ksi askarrellaan leikaten, liimaten ja piirt\u00e4m\u00e4ll\u00e4 kuvia itse bongaamistasi otuksista.&nbsp;Pajaan mahtuu 15 osallistujaa.<\/p>\n\n\n\n<div style=\"height:32px\" aria-hidden=\"true\" class=\"wp-block-spacer\"><\/div>\n\n\n\n<h6 class=\"wp-block-heading\"><strong>LIMALABRA<\/strong><\/h6>\n\n\n\n<p><strong>Klo: 12:00-13:00&nbsp;<br>Kesto: 60min<\/strong><br><strong>Tila: Str\u00f6mmer, 4. krs&nbsp;&nbsp;<\/strong><\/p>\n\n\n\n<p>Mik\u00e4 venyy ja viruu, ja on l\u00f6ll\u00f6\u00e4 ja \u00e4ll\u00f6\u00e4? Tietenkin lima! Tule <strong>Tiedekeskus Tiedekan<\/strong> Limalabraan tutkimaan erilaisia limoja ja niiden ihmeellisi\u00e4 ominaisuuksia.&nbsp;Limalabraan mahtuu 25 osallistujaa. Alle kouluik\u00e4iset ovat tervetulleita ty\u00f6pajaan huoltajan kanssa. <\/p>\n\n\n\n<div style=\"height:32px\" aria-hidden=\"true\" class=\"wp-block-spacer\"><\/div>\n\n\n\n<h6 class=\"wp-block-heading\"><strong>RUNOKAUPUNGIN L\u00d6YT\u00d6TAVARATOIMISTO<\/strong><\/h6>\n\n\n\n<p><strong>Klo 12:00-14:00<\/strong><br><strong>Tila: Nuorisotila, 1. krs<br>Non-stop, ei ennakkoilmoittautumista<\/strong><\/p>\n\n\n\n<p>L\u00f6yt\u00f6tavaratoimistossa kohtaat kaikenlaista l\u00f6ydetty\u00e4 ja kadonnutta runokaupungin kaduilta ja kujilta. Tule tutkimaan mielikuvituksen reittej\u00e4 ja l\u00f6yt\u00e4m\u00e4\u00e4n oma runosi <em>Kaupunki Kukaties<\/em> -kirjan tekij\u00f6iden, <strong><a href=\"https:\/\/kirjalitta.fi\/esiintyjat2021\/\">Pia Krutsinin<\/a><\/strong> ja <strong><a href=\"https:\/\/kirjalitta.fi\/esiintyjat2021\/\">Jani Ikosen<\/a><\/strong> kanssa.&nbsp;<\/p>\n\n\n\n<div style=\"height:34px\" aria-hidden=\"true\" class=\"wp-block-spacer\"><\/div>\n\n\n\n<h6 class=\"wp-block-heading\"><strong>KESYTET\u00c4\u00c4N M\u00d6RK\u00d6J\u00c4 -TY\u00d6PAJA<\/strong><\/h6>\n\n\n\n<p><strong>Klo: 12:30-13:15&nbsp;<br>Kesto 45 min&nbsp;<\/strong><br><strong>Tila: Ateljee, 3. krs<br>Ik\u00e4suositus: +4 (nuoremmat aikuisen kanssa)&nbsp;<\/strong><\/p>\n\n\n\n<p>Kirjailija <strong><a href=\"https:\/\/kirjalitta.fi\/esiintyjat2021\/\">Jade Haapasalon<\/a><\/strong> ja kuvittaja <strong><a href=\"https:\/\/kirjalitta.fi\/esiintyjat2021\/\">Martin Bonken<\/a><\/strong> ty\u00f6pajassa kesytet\u00e4\u00e4n omia m\u00f6rk\u00f6j\u00e4 piirt\u00e4m\u00e4ll\u00e4 ja kirjanmerkkej\u00e4 askarrellen. Ty\u00f6paja kytkeytyy tekij\u00f6iden <em>Valo ja y\u00f6n pime\u00e4<\/em> -kirjaan. Osallistujien kesken arvotaan kirjapalkinto. Pajaan mahtuu 20 osallistujaa.<\/p>\n\n\n\n<div style=\"height:34px\" aria-hidden=\"true\" class=\"wp-block-spacer\"><\/div>\n\n\n\n<h6 class=\"wp-block-heading\"><strong>KIRJEIT\u00c4 IHMISILLE JA POSTIA KAMMOTUKSILLE!<\/strong><\/h6>\n\n\n\n<p><strong>Klo: 13.00-14.00&nbsp;<br>Kesto: 60 min&nbsp;<\/strong><br><strong>Tila: Stenvall, 4. krs<br>Ik\u00e4suositus: +7<\/strong><\/p>\n\n\n\n<p>Tietokirjailija <strong><a href=\"https:\/\/kirjalitta.fi\/esiintyjat2021\/\">Reetta Niemel\u00e4n<\/a> <\/strong>ty\u00f6pajassa uppoudutaan <em>\u00c4l\u00e4 vihaa minua. Kirjeit\u00e4 ihmisille<\/em>&#8211; ja <em>Kammotuksia<\/em> -teoksiin. Toinen niist\u00e4 on tietokirja el\u00e4imist\u00e4 ja toisen runoissa tutustutaan R\u00f6hn\u00f6mets\u00e4n kammotuksiin. Ty\u00f6pajassa pohditaan oikean tiedon ja mielikuvituksellisen kammologian eroja. Osallistujat p\u00e4\u00e4sev\u00e4t kirjoittamaan valintansa mukaan el\u00e4inten kirjeit\u00e4 ihmisille tai postikortteja kammotuksille!&nbsp; Molempiakin voi tehd\u00e4!&nbsp; Ja vaikka ryhty\u00e4 kammologiksi!&nbsp;Pajaan mahtuu 25 osallistujaa.<\/p>\n\n\n\n<div style=\"height:34px\" aria-hidden=\"true\" class=\"wp-block-spacer\"><\/div>\n\n\n\n<h6 class=\"wp-block-heading\"><strong>TAIKASAUVOJA VASTA-ALKAJILLE<\/strong><\/h6>\n\n\n\n<p><strong>Klo: 13:00-14:00<br>Kesto: 60 min&nbsp;<\/strong><br><strong>Tila: Ompelu, 3. krs<br>Ik\u00e4suositus: 7-10-vuotiaat<\/strong><\/p>\n\n\n\n<p><strong>K\u00e4sity\u00f6- ja muotoilukoulu N\u00e4ps\u00e4n<\/strong>&nbsp;Taikasauva-akatemian ty\u00f6paja \u201cTaikasauvoja vasta-alkajille&#8221;. Kaipaatko joskus hieman taikaa el\u00e4m\u00e4\u00e4si?&nbsp;Tarvitset vain oikean v\u00e4lineen ja el\u00e4m\u00e4si on yht\u00e4 taikaa sen j\u00e4lkeen. Tule valmistamaan oma taikasauvasi nyt ja opettelemaan loitsimisen alkeita.&nbsp;Pajaan mahtuu 15 osallistujaa.<\/p>\n\n\n\n<div style=\"height:33px\" aria-hidden=\"true\" class=\"wp-block-spacer\"><\/div>\n\n\n\n<h6 class=\"wp-block-heading\"><strong>HARHOJA JA TAIKATEMPPUJA<\/strong><\/h6>\n\n\n\n<p><strong>Klo: 13:30-14:30&nbsp;<br>Kesto: 60min&nbsp;<\/strong><br><strong>Tila: Str\u00f6mmer, 4. krs<\/strong><\/p>\n\n\n\n<p>Kummallista, miten tarkkoja silmi\u00e4mme on helppo huijata! <strong>Tiedekeskus Tiedekan <\/strong>ty\u00f6pajassa tehd\u00e4\u00e4n optisia illuusioita ja taikatemppuja kodeista l\u00f6ytyvill\u00e4 v\u00e4lineill\u00e4.&nbsp;Pajaan mahtuu 25 osallistujaa. Alle kouluik\u00e4iset ovat tervetulleita ty\u00f6pajaan huoltajan kanssa.<\/p>\n\n\n\n<div style=\"height:31px\" aria-hidden=\"true\" class=\"wp-block-spacer\"><\/div>\n\n\n\n<h6 class=\"wp-block-heading\"><strong>R\u00c4PP\u00c4\u00c4M\u00c4\u00c4 -TY\u00d6PAJA<\/strong>&nbsp;<\/h6>\n\n\n\n<p><strong>Klo: 14.30-15.30<br>Kesto: 60 min&nbsp;<\/strong><br><strong>Tila: Taidepaja, 5. krs<br>Suositusik\u00e4: +10<\/strong><br><br>Ty\u00f6pajassa p\u00e4\u00e4see kirjoittamaan, harjoittelemaan sek\u00e4 tallentamaan r\u00e4ppi\u00e4 kummista jutuista. Tallennettujen r\u00e4ppien pohjalta koostetaan yhteinen kappale ty\u00f6pajassa valmistuvan biitin p\u00e4\u00e4lle.&nbsp;&nbsp;<\/p>\n\n\n\n<p>Ohjaajina toimivat r\u00e4pp\u00e4rit <strong>Ville-Veikko Kuusim\u00e4ki<\/strong> ja <strong>Simo Nieminen<\/strong>. &nbsp;<br>Ty\u00f6pajan j\u00e4rjest\u00e4\u00e4 Tampereen kaupungin nuorisopalvelut\/ Nuorten kulttuurikeskus Monitoimitalo 13&nbsp;<br>&nbsp;<br>Pajaan mahtuu 15 osallistujaa. &nbsp;<\/p>\n\n\n\n<div style=\"height:32px\" aria-hidden=\"true\" class=\"wp-block-spacer\"><\/div>\n\n\n\n<h6 class=\"wp-block-heading\"><strong>ARVOITUKSELLISET JOHTOLANGAT -TY\u00d6PAJA<\/strong><\/h6>\n\n\n\n<p><strong>klo 14.30-15.30 &nbsp;<br>Kesto: 60 min&nbsp;<\/strong><br><strong>Tila: Stenvall, 4. krs<br>Ik\u00e4suositus: 9+&nbsp;<\/strong><\/p>\n\n\n\n<p><strong>Sanataideyhdistys Y\u00f6st\u00e4j\u00e4n<\/strong> ty\u00f6pajassa ratkaistaan kummallisista kummallisin mysteeri j\u00e4ljitt\u00e4m\u00e4ll\u00e4 johtolankoja, etsim\u00e4ll\u00e4 ep\u00e4iltyj\u00e4 ja arvuuttelemalla alibeja. Millainen tarina l\u00f6ytyneist\u00e4 aineksista syntyy? Pajassa opitaan salapoliisitarinan peruselementit ja rakenne. Pajaan mahtuu 15 osallistujaa.<\/p>\n\n\n\n<div style=\"height:34px\" aria-hidden=\"true\" class=\"wp-block-spacer\"><\/div>\n\n\n\n<h6 class=\"wp-block-heading\"><strong>TULI- JA RUNOSHOW<\/strong><\/h6>\n\n\n\n<p><strong>Klo: 16:00-16:15<br>Kesto: 15 min<br>Vapaa p\u00e4\u00e4sy. S\u00e4\u00e4varaus.<br>Paikka: Eeva-Liisa Mannerin aukio (Rongankadun ja Ojakadun risteys, Monitoimitalo 13:n l\u00e4heisyydess\u00e4)<\/strong> <\/p>\n\n\n\n<p>Kirjalitta-festivaalin p\u00e4\u00e4tapahtuman huipentaa tuli- ja runoshow!<br>Lauantaina 13.11. koetaan jotain ainutlaatuista, kun <strong>Tulitaideyhdistys Flamma<\/strong> ja n\u00e4yttelij\u00e4 <strong>Emilia Pokkinen<\/strong> yhdist\u00e4v\u00e4t voimansa. Tammerin puiston kupeessa, Eeva-Liisa Mannerin aukiolla n\u00e4ht\u00e4v\u00e4ss\u00e4 esityksess\u00e4 loistokas tulitaide ja Eeva-Liisa Mannerin runous kietoutuvat kiehtovaksi kokonaisuudeksi.<br><br><strong>Flamma Fire Duo<\/strong> on kahden tuliammattilaisen muodostama kokoonpano. Pitk\u00e4ll\u00e4 kokemuksella ja taitavalla tulenhallinnalla luodaan ikimuistoinen esitys.<br><br><strong>Emilia Pokkinen<\/strong> on tamperelainen freelance-n\u00e4yttelij\u00e4. Monipuolinen n\u00e4yttelij\u00e4 on tuttu niin teatterin lavoilta kuin televisiostakin.<\/p>\n\n\n\n<p>Tuli- ja runoshow kunnioittaa kirjailija Eeva-Liisa Mannerin juhlavuotta. Manner oli monipuolinen runoilija, prosaisti, n\u00e4ytelm\u00e4kirjailija, esseisti, suomentaja ja kriitikko. T\u00e4n\u00e4 vuonna h\u00e4nen syntym\u00e4st\u00e4\u00e4n tulee kuluneeksi sata vuotta.<\/p>\n\n\n\n<p><strong>Yhteisty\u00f6ss\u00e4: Eeva-Liisa Manner -seura<\/strong><\/p>\n\n\n\n<div style=\"height:34px\" aria-hidden=\"true\" class=\"wp-block-spacer\"><\/div>\n\n\n\n<h6 class=\"wp-block-heading\"><strong>KUMMALLISUUKSIEN KAUPPA<\/strong><\/h6>\n\n\n\n<p><strong>Klo 11:00-16:00<\/strong><br><strong>Tila: Nuorisotila, 1. krs<\/strong><br><strong>Non-stop<\/strong>,<strong> ei ennakkoilmoittautumista<\/strong><\/p>\n\n\n\n<p>Kummallisuuksien kaupassa myyj\u00e4t ovat mystisi\u00e4 ja ostoslistat sit\u00e4kin oudompia! T\u00e4m\u00e4 sanataiteellinen kauppa on t\u00e4ynn\u00e4 erilaisia hassuja tekstej\u00e4 ja maksuv\u00e4lineen\u00e4 k\u00e4y mielikuvitus. Asiakkaat p\u00e4\u00e4sev\u00e4t itsekin kokeilemaan kirjoittamista pienten teht\u00e4vien avulla. Esill\u00e4 on my\u00f6s &#8221;Kummallisuuksien kauppa&#8221; -kirjoituskilpailun tekstej\u00e4.&nbsp;<\/p>\n","protected":false},"excerpt":{"rendered":"<p>KUMMIEN JUTTUJEN TY\u00d6PAJAP\u00c4IV\u00c4 Lauantai 13.11.2021Klo 11:00-16:15Nuorten kulttuurikeskus Monitoimitalo 13, Pellavatehtaankatu 4 Kirjalitan p\u00e4\u00e4tapahtuma j\u00e4rjestet\u00e4\u00e4n ty\u00f6pajap\u00e4iv\u00e4n\u00e4 Monitoimitalo 13:ssa lauantaina 13.11. klo 11.00-16.15. Tapahtumassa sukelletaan kummallisuuksien maailmaan, jossa voit kesytt\u00e4\u00e4 m\u00f6rk\u00f6j\u00e4, tutustua kammologiaan, osallistua Salasaaren Salapajaan, bongata \u00e4mmink\u00e4isi\u00e4, tehd\u00e4 optisia illuusioita ja taikatemppuja sek\u00e4 tutkia erilaisia limoja. Paikalla on my\u00f6s kirjastoauto Kosmos, [&hellip;]<\/p>\n","protected":false},"author":1,"featured_media":2249,"parent":0,"menu_order":0,"comment_status":"closed","ping_status":"closed","template":"","meta":{"_themeisle_gutenberg_block_has_review":false,"footnotes":""},"class_list":["post-2233","page","type-page","status-publish","has-post-thumbnail","hentry"],"_links":{"self":[{"href":"https:\/\/kirjalitta.fi\/kirjalitta\/wp-json\/wp\/v2\/pages\/2233","targetHints":{"allow":["GET"]}}],"collection":[{"href":"https:\/\/kirjalitta.fi\/kirjalitta\/wp-json\/wp\/v2\/pages"}],"about":[{"href":"https:\/\/kirjalitta.fi\/kirjalitta\/wp-json\/wp\/v2\/types\/page"}],"author":[{"embeddable":true,"href":"https:\/\/kirjalitta.fi\/kirjalitta\/wp-json\/wp\/v2\/users\/1"}],"replies":[{"embeddable":true,"href":"https:\/\/kirjalitta.fi\/kirjalitta\/wp-json\/wp\/v2\/comments?post=2233"}],"version-history":[{"count":78,"href":"https:\/\/kirjalitta.fi\/kirjalitta\/wp-json\/wp\/v2\/pages\/2233\/revisions"}],"predecessor-version":[{"id":2428,"href":"https:\/\/kirjalitta.fi\/kirjalitta\/wp-json\/wp\/v2\/pages\/2233\/revisions\/2428"}],"wp:featuredmedia":[{"embeddable":true,"href":"https:\/\/kirjalitta.fi\/kirjalitta\/wp-json\/wp\/v2\/media\/2249"}],"wp:attachment":[{"href":"https:\/\/kirjalitta.fi\/kirjalitta\/wp-json\/wp\/v2\/media?parent=2233"}],"curies":[{"name":"wp","href":"https:\/\/api.w.org\/{rel}","templated":true}]}}