{"id":1989,"date":"2021-09-15T16:31:57","date_gmt":"2021-09-15T13:31:57","guid":{"rendered":"http:\/\/kirjalitta.fi\/?page_id=1989"},"modified":"2021-09-20T12:36:38","modified_gmt":"2021-09-20T09:36:38","slug":"kirjoitajosuskallat","status":"publish","type":"page","link":"https:\/\/kirjalitta.fi\/kirjalitta\/kirjoitajosuskallat\/","title":{"rendered":"Kirjoita jos uskallat"},"content":{"rendered":"\n<figure class=\"wp-block-image size-large\"><img loading=\"lazy\" decoding=\"async\" width=\"1024\" height=\"512\" src=\"https:\/\/kirjalitta.fi\/wp-content\/uploads\/2021\/09\/banneri_kirjoitajosuskallat-2-1024x512.png\" alt=\"\" class=\"wp-image-2002\" srcset=\"https:\/\/kirjalitta.fi\/kirjalitta\/wp-content\/uploads\/2021\/09\/banneri_kirjoitajosuskallat-2-1024x512.png 1024w, https:\/\/kirjalitta.fi\/kirjalitta\/wp-content\/uploads\/2021\/09\/banneri_kirjoitajosuskallat-2-300x150.png 300w, https:\/\/kirjalitta.fi\/kirjalitta\/wp-content\/uploads\/2021\/09\/banneri_kirjoitajosuskallat-2-768x384.png 768w, https:\/\/kirjalitta.fi\/kirjalitta\/wp-content\/uploads\/2021\/09\/banneri_kirjoitajosuskallat-2-1536x768.png 1536w, https:\/\/kirjalitta.fi\/kirjalitta\/wp-content\/uploads\/2021\/09\/banneri_kirjoitajosuskallat-2-2048x1024.png 2048w\" sizes=\"auto, (max-width: 1024px) 100vw, 1024px\" \/><\/figure>\n\n\n\n<h2 class=\"has-text-align-center wp-block-heading\"><strong>Kirjalitan ja Haamu Kustannuksen kirjoituskilpailu<\/strong><\/h2>\n\n\n\n<h3 class=\"has-text-align-center wp-block-heading\"><strong><em>Kirjoita jos uskallat<\/em><\/strong><\/h3>\n\n\n\n<p><strong>Kilpailuaika 16.9.-18.10.2021<\/strong><\/p>\n\n\n\n<p>Kirjoituskilpailussa on kaksi sarjaa: 5.\u20136.-luokkalaisille ja yl\u00e4kouluik\u00e4isille nuorille.<\/p>\n\n\n\n<ul class=\"wp-block-list\"><li><strong>5.\u20136.-luokkalaisten teht\u00e4v\u00e4nanto<\/strong>: Kirjoita kummitusjuttu, joka liittyy johonkin sinulle tuttuun paikkaan. Tekstin maksimipituus on yksi A4-sivu (noin 2000 merkki\u00e4 v\u00e4lily\u00f6nteineen).<br><\/li><li><strong>Yl\u00e4koululaisten teht\u00e4v\u00e4nanto<\/strong>: Kirjoita tasan sadan sanan kauhutarina (<em>raapale<\/em>).<br><br><\/li><li>Katso kirjoitusohjeita ja inspiraatiota Haamu Kustannuksen Kauhumaan Kartta -teht\u00e4v\u00e4paketista: <a href=\"http:\/\/www.haamukustannus.com\/wp-content\/uploads\/2021\/09\/Kauhumaan-kartta-naytetehtavat.pdf\"><strong>www.haamukustannus.com\/wp-content\/uploads\/2021\/09\/Kauhumaan-kartta-naytetehtavat.pdf<\/strong><\/a><br><br><\/li><li>Tekstin on oltava uusi, aiemmin julkaisematon, t\u00e4t\u00e4 kilpailua varten tehty.<\/li><li>Kilpailuun osallistutaan nimimerkill\u00e4. Omat yhteystiedot palautetaan erillisess\u00e4 tiedostossa.<\/li><li>Kilpailuteksti palautetaan s\u00e4hk\u00f6isess\u00e4 muodossa Webropoliin: <a rel=\"noreferrer noopener\" href=\"https:\/\/link.webropol.com\/s\/kirjoitajosuskallat\" target=\"_blank\"><strong>https:\/\/link.webropol.com\/s\/kirjoitajosuskallat<\/strong><\/a><br><br><\/li><li>Jokainen osallistuja palauttaa Webropoliin kaksi tiedostoa. Toinen tiedostoista sis\u00e4lt\u00e4\u00e4 kilpailutekstin, osallistujan nimimerkin sek\u00e4 tiedon siit\u00e4, kumpaan sarjaan ty\u00f6ll\u00e4 osallistutaan. Tiedosto nimet\u00e4\u00e4n oman nimimerkin mukaan. Toiseen tiedostoon kirjoitetaan omat yhteystiedot (nimi, ik\u00e4, osoite, puhelinnumero, oma s\u00e4hk\u00f6postiosoite ja huoltajan s\u00e4hk\u00f6postiosoite). My\u00f6s t\u00e4m\u00e4 tiedosto nimet\u00e4\u00e4n oman nimimerkin mukaan.<br><br><\/li><li>Tiedostomuodoksi k\u00e4y .doc, .docx, .txt ja pdf.<\/li><li>Alle 18-vuotiaiden tekstej\u00e4 voidaan julkaista kirjoittajan omalla nimell\u00e4 vain huoltajan luvalla.<\/li><\/ul>\n\n\n\n<p><em><strong>Vinkki! Voitte kirjoittaa koko luokan kanssa kauhujuttuja. L\u00e4hett\u00e4k\u00e4\u00e4 sitten parhaimmat tekstit kilpailuun.<\/strong><\/em><\/p>\n\n\n\n<p>Kilpailussa kummankin sarjan voittaja saa palkinnoksi 50 euroa ja kirjoja. Lis\u00e4ksi luvassa on kirjapalkintoja kilpailussa seuraavaksi sijoittuneille. Sijoittuneet saavat henkil\u00f6kohtaisen palautteen tekstist\u00e4\u00e4n. <\/p>\n\n\n\n<p>Voittajakirjoitukset julkaistaan Kirjalitan verkkosivuilla. Kilpailut\u00f6it\u00e4 tai otteita kirjoituksista voidaan julkaista my\u00f6s Kirjalitan, Lastenkirjainstituutin Lukemon ja Haamu Kustannuksen verkkosivuilla ja sosiaalisen median kanavissa.<\/p>\n\n\n\n<p><strong>Lis\u00e4tietoja<br>kirjalitta(a)yostaja.fi<\/strong><\/p>\n\n\n\n<p><strong><a href=\"https:\/\/kirjalitta.fi\/kirjalitta\/wp-content\/uploads\/2021\/09\/Kirjoitajosuskallat_kilpailuohjeet.pdf\">Lataa kilpailuohjeet.<\/a><\/strong><br><strong><a href=\"https:\/\/kirjalitta.fi\/kirjalitta\/wp-content\/uploads\/2021\/09\/Kirjalitan-ja-Haamu-kustannuksen.pdf\">Lataa kilpailun juliste.<\/a><\/strong><\/p>\n\n\n\n<div class=\"wp-block-image\"><figure class=\"aligncenter size-large is-resized\"><img loading=\"lazy\" decoding=\"async\" src=\"https:\/\/kirjalitta.fi\/kirjalitta\/wp-content\/uploads\/2021\/09\/haamu_musta.jpeg\" alt=\"\" class=\"wp-image-2021\" width=\"212\" height=\"106\" srcset=\"https:\/\/kirjalitta.fi\/kirjalitta\/wp-content\/uploads\/2021\/09\/haamu_musta.jpeg 678w, https:\/\/kirjalitta.fi\/kirjalitta\/wp-content\/uploads\/2021\/09\/haamu_musta-300x150.jpeg 300w\" sizes=\"auto, (max-width: 212px) 100vw, 212px\" \/><\/figure><\/div>\n\n\n\n<p><\/p>\n\n\n\n<div class=\"wp-block-image\"><figure class=\"aligncenter size-large is-resized\"><img loading=\"lazy\" decoding=\"async\" src=\"https:\/\/kirjalitta.fi\/kirjalitta\/wp-content\/uploads\/2021\/09\/kirjalittalogo.jpg\" alt=\"\" class=\"wp-image-2022\" width=\"199\" height=\"190\" srcset=\"https:\/\/kirjalitta.fi\/kirjalitta\/wp-content\/uploads\/2021\/09\/kirjalittalogo.jpg 700w, https:\/\/kirjalitta.fi\/kirjalitta\/wp-content\/uploads\/2021\/09\/kirjalittalogo-300x287.jpg 300w\" sizes=\"auto, (max-width: 199px) 100vw, 199px\" \/><\/figure><\/div>\n","protected":false},"excerpt":{"rendered":"<p>Kirjalitan ja Haamu Kustannuksen kirjoituskilpailu Kirjoita jos uskallat Kilpailuaika 16.9.-18.10.2021 Kirjoituskilpailussa on kaksi sarjaa: 5.\u20136.-luokkalaisille ja yl\u00e4kouluik\u00e4isille nuorille. 5.\u20136.-luokkalaisten teht\u00e4v\u00e4nanto: Kirjoita kummitusjuttu, joka liittyy johonkin sinulle tuttuun paikkaan. Tekstin maksimipituus on yksi A4-sivu (noin 2000 merkki\u00e4 v\u00e4lily\u00f6nteineen). Yl\u00e4koululaisten teht\u00e4v\u00e4nanto: Kirjoita tasan sadan sanan kauhutarina (raapale). Katso kirjoitusohjeita ja inspiraatiota Haamu [&hellip;]<\/p>\n","protected":false},"author":1,"featured_media":2002,"parent":0,"menu_order":0,"comment_status":"closed","ping_status":"closed","template":"","meta":{"_themeisle_gutenberg_block_has_review":false,"footnotes":""},"class_list":["post-1989","page","type-page","status-publish","has-post-thumbnail","hentry"],"_links":{"self":[{"href":"https:\/\/kirjalitta.fi\/kirjalitta\/wp-json\/wp\/v2\/pages\/1989","targetHints":{"allow":["GET"]}}],"collection":[{"href":"https:\/\/kirjalitta.fi\/kirjalitta\/wp-json\/wp\/v2\/pages"}],"about":[{"href":"https:\/\/kirjalitta.fi\/kirjalitta\/wp-json\/wp\/v2\/types\/page"}],"author":[{"embeddable":true,"href":"https:\/\/kirjalitta.fi\/kirjalitta\/wp-json\/wp\/v2\/users\/1"}],"replies":[{"embeddable":true,"href":"https:\/\/kirjalitta.fi\/kirjalitta\/wp-json\/wp\/v2\/comments?post=1989"}],"version-history":[{"count":25,"href":"https:\/\/kirjalitta.fi\/kirjalitta\/wp-json\/wp\/v2\/pages\/1989\/revisions"}],"predecessor-version":[{"id":2042,"href":"https:\/\/kirjalitta.fi\/kirjalitta\/wp-json\/wp\/v2\/pages\/1989\/revisions\/2042"}],"wp:featuredmedia":[{"embeddable":true,"href":"https:\/\/kirjalitta.fi\/kirjalitta\/wp-json\/wp\/v2\/media\/2002"}],"wp:attachment":[{"href":"https:\/\/kirjalitta.fi\/kirjalitta\/wp-json\/wp\/v2\/media?parent=1989"}],"curies":[{"name":"wp","href":"https:\/\/api.w.org\/{rel}","templated":true}]}}