{"id":1815,"date":"2020-10-26T18:54:07","date_gmt":"2020-10-26T16:54:07","guid":{"rendered":"http:\/\/kirjalitta.fi\/?page_id=1815"},"modified":"2020-11-05T12:38:11","modified_gmt":"2020-11-05T10:38:11","slug":"taikakoulun-tyopajapaiva-7-11","status":"publish","type":"page","link":"https:\/\/kirjalitta.fi\/kirjalitta\/taikakoulun-tyopajapaiva-7-11\/","title":{"rendered":"Taikakoulun ty\u00f6pajap\u00e4iv\u00e4 7.11."},"content":{"rendered":"\n<figure class=\"wp-block-image size-large is-style-default\"><img loading=\"lazy\" decoding=\"async\" width=\"1024\" height=\"478\" src=\"https:\/\/kirjalitta.fi\/kirjalitta\/wp-content\/uploads\/2020\/08\/kirjalitta_nettitausta20_B-1024x478.jpg\" alt=\"\" class=\"wp-image-1731\" srcset=\"https:\/\/kirjalitta.fi\/kirjalitta\/wp-content\/uploads\/2020\/08\/kirjalitta_nettitausta20_B-1024x478.jpg 1024w, https:\/\/kirjalitta.fi\/kirjalitta\/wp-content\/uploads\/2020\/08\/kirjalitta_nettitausta20_B-300x140.jpg 300w, https:\/\/kirjalitta.fi\/kirjalitta\/wp-content\/uploads\/2020\/08\/kirjalitta_nettitausta20_B-768x358.jpg 768w, https:\/\/kirjalitta.fi\/kirjalitta\/wp-content\/uploads\/2020\/08\/kirjalitta_nettitausta20_B.jpg 1500w\" sizes=\"auto, (max-width: 1024px) 100vw, 1024px\" \/><figcaption>Kuva: Jani Ikonen<\/figcaption><\/figure>\n\n\n\n<h2 class=\"wp-block-heading\"><strong>TAIKAKOULUN TY\u00d6PAJAP\u00c4IV\u00c4 <\/strong><\/h2>\n\n\n\n<p><strong>Lauantai 7.11.2020, klo 11:00-15:00<br>Monitoimitalo 13, Satakunnankatu 13, 33100 Tampere<\/strong><\/p>\n\n\n\n<p>Kirjalitan p\u00e4\u00e4tapahtuma j\u00e4rjestet\u00e4\u00e4n t\u00e4n\u00e4 vuonna erityisj\u00e4rjestelyin ty\u00f6pajap\u00e4iv\u00e4n\u00e4 Monitoimitalo 13:ssa la 7.11.2020 klo 11\u201315. Tapahtumassa voit osallistua muun muassa Velhokoulun oppitunnille, opetella taikurin johdolla taikatemppuja sek\u00e4 tutustua loitsuihin, taikaolentoihin ja lumotun maan kartastoon.<\/p>\n\n\n\n<p>Kaikkiin ty\u00f6pajoihin on ennakkoilmoittautuminen, joka p\u00e4\u00e4ttyy 4.11.2020.<\/p>\n\n\n\n<p><a href=\"https:\/\/elomake.tampere.fi\/lomakkeet\/22084\/lomakkeet.html\">Ilmoittautumiseen p\u00e4\u00e4set t\u00e4st\u00e4 linkist\u00e4.<\/a><br><br>Voit ilmoittautua yhteen tai useampaan ty\u00f6pajaan. Ty\u00f6pajat rajataan pienelle osallistujam\u00e4\u00e4r\u00e4lle, ja niiss\u00e4 noudatetaan voimassa olevia koronarajoituksia.<\/p>\n\n\n\n<h4 class=\"wp-block-heading\"><strong>TAIKAKOULUN TY\u00d6PAJAP\u00c4IV\u00c4N OHJELMA<\/strong><\/h4>\n\n\n\n<p><strong>TOTEUTUVAT OHJELMANUMEROT<\/strong><\/p>\n\n\n\n<p><strong>TAIKAKOULUN ILMOITUSTAULU<\/strong><br>LA 7.11. koko p\u00e4iv\u00e4<br>Monitoimitalo 13, 2. kerroksen aulatila<\/p>\n\n\n\n<p>Mink\u00e4laisia ilmoituksia Taikakoulun ilmoitustaululta l\u00f6ytyy? Onko joku kadottanut taikael\u00e4imens\u00e4 tai parhaimman sulkakyn\u00e4ns\u00e4? Kaipaako velhorugbyjoukkue uusia pelaajia, tai haluaako joku myyd\u00e4 ylim\u00e4\u00e4r\u00e4isen noidankattilan? <\/p>\n\n\n\n<p>K\u00e4y kirjoittamassa oma ilmoittautumisesi taululle ja katso, saatko siihen vastausta! Ilmoitustaulun l\u00f6yd\u00e4t Monitoimitalon 2. kerroksen aulasta, ja se on t\u00e4ytett\u00e4viss\u00e4 koko ty\u00f6pajap\u00e4iv\u00e4n ajan.<\/p>\n\n\n\n<p><strong>TAIKURI TIMO TIIKKAISEN TAIKAKOULU<\/strong><br>LA 7.11. klo 11<br>Monitoimitalo 13: Stage<\/p>\n\n\n\n<p>Taikuri Timo Tiikkaisen Taikakoulussa oppilaat oppivat taikatemppuja joka kodista l\u00f6ytyvill\u00e4 tarvikkeilla ja saavat taikuriv\u00e4lineen muistoksi opetuksesta. Taikatemppujen teko kehitt\u00e4\u00e4 luovaa ajattelu- ja keskittymiskyky\u00e4, ilmaisutekniikkaa ja esiintymistaitoa sek\u00e4 k\u00e4den ja silm\u00e4n v\u00e4list\u00e4 koordinaatiota.<\/p>\n\n\n\n<p>Taikakouluun on ennakkoilmoittautuminen (max 16 osallistujaa). Ty\u00f6pajaa edelt\u00e4\u00e4 taikurin esiintyminen. Ty\u00f6pajaa suositellaan yli 9-vuotiaille. Kesto 45 min.<br><br><strong>TAIKUUDEN VARJOLLA -KIRJOITUSKILPAILUN PALKINNON JAKO<\/strong><br>LA 7.11. klo 11.30-11.45<br>Monitoimitalo 13: Wiwi L\u00f6nn -sali<br><br>Taikuuden varjolla -palkintotilaisuuteen voidaan ottaa paikalle vain voittajat ja tuomaristo.<br><br><strong>TIEDEKAN VELHOKOULU<\/strong><br>LA 7.11. klo 12<br>Monitoimitalo 13: Str\u00f6mmer<\/p>\n\n\n\n<p>Tiedek\u00f6 taikuutta? Kuinka esineet katoavat? Miten taikajuomia tehd\u00e4\u00e4n? Tiedekeskus Tiedekan Velhokoulussa sukelletaan taikuuden salaisuuksiin, tiedett\u00e4 apuna k\u00e4ytt\u00e4en. Opettelemme tekem\u00e4\u00e4n tiedett\u00e4, joka n\u00e4ytt\u00e4\u00e4 taikuudelta!<\/p>\n\n\n\n<p>Velhokouluun on ennakkoilmoittautuminen (max. 16 osallistujaa). Alle kouluik\u00e4iset ovat tervetulleita ty\u00f6pajaan huoltajan kanssa. Kesto 60 min.<\/p>\n\n\n\n<p><br><strong>K\u00c4SITY\u00d6- JA MUOTOILUKOULU N\u00c4PS\u00c4 SALAISET VIESTIT -TY\u00d6PAJA<\/strong><br>LA 7.11. klo 13.15 <br>Monitoimitalo 13: Werstas<\/p>\n\n\n\n<p>Taikakoululaisten on hyv\u00e4 osata my\u00f6s salaisten viestien l\u00e4hett\u00e4minen, sill\u00e4 kaikkia viestej\u00e4 ei ole tarkoitettu sivullisten silmille. Sit\u00e4 paitsi salaisten viestien tekeminen on hauska ja j\u00e4nnitt\u00e4v\u00e4 taito, jolla voi ilahduttaa yst\u00e4v\u00e4n tai perheenj\u00e4senen. K\u00e4sity\u00f6- ja muotoilukoulu N\u00e4ps\u00e4n Salaiset viestit -ty\u00f6pajassa voi valmistaa yhden postikortin kokoisen viestin, joka voi sis\u00e4lt\u00e4\u00e4 kuvia ja tai teksti\u00e4. <\/p>\n\n\n\n<p>N\u00e4ps\u00e4n ty\u00f6pajoja on yhteens\u00e4 viisi. Yhden pajan kesto noin 30 minuuttia. Ty\u00f6pajoihin on ennakkoilmoittautuminen. Suositellaan yli 6-vuotiaille.<br><br><strong>SANATAIDEYHDISTYS Y\u00d6ST\u00c4J\u00c4N LOITSUKOULU<\/strong><br>LA 7.11. klo 13.45<br>Monitoimitalo 13: Stage<\/p>\n\n\n\n<p>Sanataideyhdistys Y\u00f6st\u00e4j\u00e4n ty\u00f6pajassa harjoitellaan k\u00e4ytt\u00e4m\u00e4\u00e4n jokaisen omaa taikavoimaa, eli mielikuvitusta! <\/p>\n\n\n\n<p>Loitsukoulussa taas inspiroidutaan loitsuista ja velhomaisesta tunnelmasta, her\u00e4tell\u00e4\u00e4n mielikuvitusta ja kirjoitetaan omia loitsuja.<\/p>\n\n\n\n<p>Kesto on 45 minuuttia. Ennakkoilmoittautuminen, ty\u00f6pajaan mahtuu 16 osallistujaa. Perheen pienimm\u00e4t voivat osallistua aikuisen kanssa.<br><\/p>\n\n\n\n<h4 class=\"wp-block-heading\"><strong>LIVE STRIIMIT<\/strong><\/h4>\n\n\n\n<p><strong>KIRJAILIJA SALLA SIMUKKA<\/strong><br>LA 7.11. klo 12.00-12.30<br><a href=\"https:\/\/www.youtube.com\/channel\/UCP_s3QEpQf-OQdTs0ttPDmg\">Kirjalitan YouTube-kanava<\/a><\/p>\n\n\n\n<p>Salla Simukka vastaa suorassa livestriimiss\u00e4 sanataidekoululaisten kysymyksiin. My\u00f6s esityksen aikana voi kysy\u00e4 chatissa.<\/p>\n\n\n\n<p>Salla Simukka on tamperelainen kirjailija, jolta on ilmestynyt teoksia niin lapsille, nuorille kuin aikuisillekin. H\u00e4net tunnetaan erityisesti maailmallakin menestyneest\u00e4 Lumikki-trilogiasta. H\u00e4nen uusin teoksensa on nuorille aikuisille suunnattu romaani Lukitut (Tammi 2020). Salla Simukka opiskeli Tampereen seudun ty\u00f6v\u00e4enopiston lasten ja nuorten sanataidekoulussa 13-vuotiaasta 17-vuotiaaksi<\/p>\n\n\n\n<p><strong>KIRJAILIJA MERVI HEIKKIL\u00c4<\/strong><br>LA 7.11. klo 13, 14 ja 14.30<br><a href=\"https:\/\/www.youtube.com\/channel\/UCP_s3QEpQf-OQdTs0ttPDmg\">Kirjalitan YouTube-kanava<\/a><br><br>Terveisi\u00e4 Taikakaupasta! Kaupan tiskin takana maagisia kirjoitusharjoituksia tarjoilee kirjailijavelho Mervi Heikkil\u00e4.<br><br>Mervi Heikkil\u00e4 on palkittu kirjailija, joka pit\u00e4\u00e4 t\u00e4hti\u00f6ist\u00e4, kurpitsoista, metsist\u00e4 ja kaikista m\u00e4\u00e4kivist\u00e4, miukuvista ja haukkuvista olennoista. T\u00e4m\u00e4 vuonna h\u00e4nelt\u00e4 on julkaistu nuorten fantasiakirja <em>Jaan ja H\u00f6yheneukko<\/em> (Karisto 2020) sek\u00e4 yhdess\u00e4 Anne Leinosen kanssa kirjoitettu fantasian kirjoitusopas nimelt\u00e4 <em>Pieni Taikakauppa<\/em> (Haamu Kustannus, 2020).<\/p>\n","protected":false},"excerpt":{"rendered":"<p>TAIKAKOULUN TY\u00d6PAJAP\u00c4IV\u00c4 Lauantai 7.11.2020, klo 11:00-15:00Monitoimitalo 13, Satakunnankatu 13, 33100 Tampere Kirjalitan p\u00e4\u00e4tapahtuma j\u00e4rjestet\u00e4\u00e4n t\u00e4n\u00e4 vuonna erityisj\u00e4rjestelyin ty\u00f6pajap\u00e4iv\u00e4n\u00e4 Monitoimitalo 13:ssa la 7.11.2020 klo 11\u201315. Tapahtumassa voit osallistua muun muassa Velhokoulun oppitunnille, opetella taikurin johdolla taikatemppuja sek\u00e4 tutustua loitsuihin, taikaolentoihin ja lumotun maan kartastoon. Kaikkiin ty\u00f6pajoihin on ennakkoilmoittautuminen, joka p\u00e4\u00e4ttyy 4.11.2020. [&hellip;]<\/p>\n","protected":false},"author":1,"featured_media":0,"parent":0,"menu_order":0,"comment_status":"closed","ping_status":"closed","template":"","meta":{"_themeisle_gutenberg_block_has_review":false,"footnotes":""},"class_list":["post-1815","page","type-page","status-publish","hentry"],"_links":{"self":[{"href":"https:\/\/kirjalitta.fi\/kirjalitta\/wp-json\/wp\/v2\/pages\/1815","targetHints":{"allow":["GET"]}}],"collection":[{"href":"https:\/\/kirjalitta.fi\/kirjalitta\/wp-json\/wp\/v2\/pages"}],"about":[{"href":"https:\/\/kirjalitta.fi\/kirjalitta\/wp-json\/wp\/v2\/types\/page"}],"author":[{"embeddable":true,"href":"https:\/\/kirjalitta.fi\/kirjalitta\/wp-json\/wp\/v2\/users\/1"}],"replies":[{"embeddable":true,"href":"https:\/\/kirjalitta.fi\/kirjalitta\/wp-json\/wp\/v2\/comments?post=1815"}],"version-history":[{"count":32,"href":"https:\/\/kirjalitta.fi\/kirjalitta\/wp-json\/wp\/v2\/pages\/1815\/revisions"}],"predecessor-version":[{"id":1914,"href":"https:\/\/kirjalitta.fi\/kirjalitta\/wp-json\/wp\/v2\/pages\/1815\/revisions\/1914"}],"wp:attachment":[{"href":"https:\/\/kirjalitta.fi\/kirjalitta\/wp-json\/wp\/v2\/media?parent=1815"}],"curies":[{"name":"wp","href":"https:\/\/api.w.org\/{rel}","templated":true}]}}