{"id":1806,"date":"2020-10-26T18:03:08","date_gmt":"2020-10-26T16:03:08","guid":{"rendered":"http:\/\/kirjalitta.fi\/?page_id=1806"},"modified":"2020-10-28T08:59:18","modified_gmt":"2020-10-28T06:59:18","slug":"iltasadun-aika-2020","status":"publish","type":"page","link":"https:\/\/kirjalitta.fi\/kirjalitta\/iltasadun-aika-2020\/","title":{"rendered":"Iltasadun aika 4.11."},"content":{"rendered":"\n<div class=\"wp-block-image\"><figure class=\"aligncenter size-large\"><img loading=\"lazy\" decoding=\"async\" width=\"1024\" height=\"575\" src=\"https:\/\/kirjalitta.fi\/wp-content\/uploads\/2020\/10\/iltasadun-aika-1024x575.jpg\" alt=\"\" class=\"wp-image-1807\" srcset=\"https:\/\/kirjalitta.fi\/kirjalitta\/wp-content\/uploads\/2020\/10\/iltasadun-aika-1024x575.jpg 1024w, https:\/\/kirjalitta.fi\/kirjalitta\/wp-content\/uploads\/2020\/10\/iltasadun-aika-300x169.jpg 300w, https:\/\/kirjalitta.fi\/kirjalitta\/wp-content\/uploads\/2020\/10\/iltasadun-aika-768x432.jpg 768w, https:\/\/kirjalitta.fi\/kirjalitta\/wp-content\/uploads\/2020\/10\/iltasadun-aika-1536x863.jpg 1536w, https:\/\/kirjalitta.fi\/kirjalitta\/wp-content\/uploads\/2020\/10\/iltasadun-aika.jpg 1920w\" sizes=\"auto, (max-width: 1024px) 100vw, 1024px\" \/><\/figure><\/div>\n\n\n\n<h2 class=\"wp-block-heading\"><strong>Iltasadun aika!<\/strong><\/h2>\n\n\n\n<h4 class=\"wp-block-heading\"><strong>Keskiviikko 4. marraskuuta, klo 18:00-20:00<\/strong><\/h4>\n\n\n\n<h4 class=\"wp-block-heading\"><strong>Lastenkulttuurikeskus Rulla, Hatanp\u00e4\u00e4n valtatie 7, 33010 Tampere.<\/strong><\/h4>\n\n\n\n<p>Suosittu iltasatutapahtuma parin vuoden takaa tekee paluun! <\/p>\n\n\n\n<p>Tarinoiden yst\u00e4v\u00e4t kokoontuvat j\u00e4lleen marraskuisen illan h\u00e4myyn sanataiteen \u00e4\u00e4relle Lastenkulttuurikeskus Rullaan. <\/p>\n\n\n\n<p>Ohjelmassa on tarinoita, runojumppaa, kirjavinkkej\u00e4, musiikkia ja ty\u00f6pajailua Rullan taianomaisen Mets\u00e4npeitto-n\u00e4yttelyn keskell\u00e4. Illan kunniavieras on Prinsessa Pikkiriikin \u00e4itin\u00e4kin tunnettu lastenkirjailija Hannele Lampela.<\/p>\n\n\n\n<p>Tarjolla on iltapuuroa. Tervetuloa saapumaan my\u00f6s y\u00f6puvussa!<\/p>\n\n\n\n<p>Tapahtumaan on ennakkoilmoittautuminen. Turvallisen tapahtuman takaamiseksi kutsumme mukaan n. 24 vierasta ilmoittautumisj\u00e4rjestyksess\u00e4. Tapahtumaa suositellaan ensisijaisesti 4\u201310-vuotiaille. <br><br><a href=\"https:\/\/elomake.tampere.fi\/lomakkeet\/21968\/lomakkeet.html\">Voit ilmoittautua suoraan t\u00e4ll\u00e4 lomakkeella.<\/a> Lomake l\u00f6ytyy my\u00f6s Lastenkulttuurikeskus Rullan nettisivuilla osoitteessa <a rel=\"noreferrer noopener\" target=\"_blank\" href=\"http:\/\/www.lastenrulla.fi\/?fbclid=IwAR2gqk_ZLmV0IBIL16_rVGSapSxF8f6TacSH9A9PUKdZS0UVkkO_gf1BxW0\">www.lastenrulla.fi.<\/a> <\/p>\n\n\n\n<h4 class=\"wp-block-heading\"><strong>Iltasadun aika!<\/strong><br><strong>Ohjelma 4.11.2020 <\/strong><\/h4>\n\n\n\n<p><strong>18.00 TERVETULOA!<\/strong><br>Mets\u00e4npeitto-n\u00e4yttely avoinna<br><br><strong>18.15 OHJELMA ALKAA<\/strong>: Y\u00f6st\u00e4j\u00e4n loruleikkituokio<br><br><strong>18.30 KIRJAILIJAVIERAS HANNELE LAMPELA<\/strong> <strong>(et\u00e4yhteys)<\/strong>: Prinsessa Pikkiriikki -bingo<br><br><strong>19.00 KIRJAVINKKITUOKIO<\/strong>: Y\u00f6st\u00e4j\u00e4n parhaat iltasatuvinkit<br><br><strong>19.15 KIRJAILIJAVIERAS HANNELE LAMPELA (et\u00e4yhteys):<\/strong> Prinsessa Pikkiriikki -bingo<br><br><strong>19.30 KULTTUURIOSUUSKUNTA UULU<\/strong>: Soiva syli \u2013iltalauluhetki<br><br><strong>20.00 HYV\u00c4\u00c4 Y\u00d6T\u00c4!<\/strong> Tapahtuma p\u00e4\u00e4ttyy.<br><br><strong>Illan ohjelmassa my\u00f6s:<\/strong><br><br>Ty\u00f6pajatilassa omien tarinankerrontakorttien askartelua (Y\u00f6st\u00e4j\u00e4)<br><br>Iltasatuvinkkausta: hae mukaasi hyv\u00e4 kirjavinkki! (Y\u00f6st\u00e4j\u00e4\/Mia)<br><br><em>Lis\u00e4ksi iltapuuroa tarjolla klo 19 alkaen!<\/em><\/p>\n\n\n\n<p>Vallitsevan epidemian takia Rullassa huolehditaan k\u00e4sihygieniasta ja turvav\u00e4leist\u00e4 toiminnan aikana. Ty\u00f6pajoissa v\u00e4ltet\u00e4\u00e4n v\u00e4lineiden, kuten askarteluv\u00e4lineiden, yhteisk\u00e4ytt\u00f6\u00e4 ja puhdistamme ne aina, jos k\u00e4ytt\u00e4j\u00e4t vaihtuvat. Seuraamme hallituksen ja AVI:n antamia ohjeistuksia epidemian suhteen.<\/p>\n\n\n\n<p>Eth\u00e4n saavu tapahtumaan sairaana.<br><br>Muutokset mahdollisia.<br><br><\/p>\n","protected":false},"excerpt":{"rendered":"<p>Iltasadun aika! Keskiviikko 4. marraskuuta, klo 18:00-20:00 Lastenkulttuurikeskus Rulla, Hatanp\u00e4\u00e4n valtatie 7, 33010 Tampere. Suosittu iltasatutapahtuma parin vuoden takaa tekee paluun! Tarinoiden yst\u00e4v\u00e4t kokoontuvat j\u00e4lleen marraskuisen illan h\u00e4myyn sanataiteen \u00e4\u00e4relle Lastenkulttuurikeskus Rullaan. Ohjelmassa on tarinoita, runojumppaa, kirjavinkkej\u00e4, musiikkia ja ty\u00f6pajailua Rullan taianomaisen Mets\u00e4npeitto-n\u00e4yttelyn keskell\u00e4. Illan kunniavieras on Prinsessa Pikkiriikin \u00e4itin\u00e4kin [&hellip;]<\/p>\n","protected":false},"author":1,"featured_media":0,"parent":0,"menu_order":0,"comment_status":"closed","ping_status":"closed","template":"","meta":{"_themeisle_gutenberg_block_has_review":false,"footnotes":""},"class_list":["post-1806","page","type-page","status-publish","hentry"],"_links":{"self":[{"href":"https:\/\/kirjalitta.fi\/kirjalitta\/wp-json\/wp\/v2\/pages\/1806","targetHints":{"allow":["GET"]}}],"collection":[{"href":"https:\/\/kirjalitta.fi\/kirjalitta\/wp-json\/wp\/v2\/pages"}],"about":[{"href":"https:\/\/kirjalitta.fi\/kirjalitta\/wp-json\/wp\/v2\/types\/page"}],"author":[{"embeddable":true,"href":"https:\/\/kirjalitta.fi\/kirjalitta\/wp-json\/wp\/v2\/users\/1"}],"replies":[{"embeddable":true,"href":"https:\/\/kirjalitta.fi\/kirjalitta\/wp-json\/wp\/v2\/comments?post=1806"}],"version-history":[{"count":12,"href":"https:\/\/kirjalitta.fi\/kirjalitta\/wp-json\/wp\/v2\/pages\/1806\/revisions"}],"predecessor-version":[{"id":1861,"href":"https:\/\/kirjalitta.fi\/kirjalitta\/wp-json\/wp\/v2\/pages\/1806\/revisions\/1861"}],"wp:attachment":[{"href":"https:\/\/kirjalitta.fi\/kirjalitta\/wp-json\/wp\/v2\/media?parent=1806"}],"curies":[{"name":"wp","href":"https:\/\/api.w.org\/{rel}","templated":true}]}}