{"id":1680,"date":"2019-10-24T12:49:14","date_gmt":"2019-10-24T09:49:14","guid":{"rendered":"http:\/\/kirjalitta.fi\/?page_id=1680"},"modified":"2019-11-07T13:13:08","modified_gmt":"2019-11-07T11:13:08","slug":"paatapahtuma-la-9-11-2019","status":"publish","type":"page","link":"https:\/\/kirjalitta.fi\/kirjalitta\/paatapahtuma-la-9-11-2019\/","title":{"rendered":"P\u00e4\u00e4tapahtuma la 9.11.2019"},"content":{"rendered":"<p>Kirjalitan p\u00e4\u00e4tapahtumaa vietet\u00e4\u00e4n Lastenkulttuurikeskus Rullassa ja Kulttuuritalo Laikussa lauantaina 9.11.2019 klo 10-16. Tapahtumassa s\u00e4nt\u00e4ill\u00e4\u00e4n johtolankojen per\u00e4ss\u00e4, ihastellaan Koipihumppaa, harjoitellaan supervoimarohkeutta, keksit\u00e4\u00e4n upouusia mielikuvitusurheilulajeja, jumpataan runoja, leikit\u00e4\u00e4n supersankariperheiden voimin Tarinadiscossa ja annetaan kirjojen liikuttaa! Luvassa kirjailija- ja kuvittajavieraita, ty\u00f6pajoja, esityksi\u00e4 ja muuta sanataideohjelmaa koko perheelle. Pukeudu halutessasi kirjallisuuden henkil\u00f6ksi, paras puku palkitaan!<\/p>\n<p>Rullan n\u00e4yttelytilassa on marras-joulukuun ajan esill\u00e4 sanataiden\u00e4yttely Lue minut, joka on avoinna my\u00f6s Kirjalitan aikana. Lue minut -n\u00e4yttely on oodi kirjoille, tarinoille ja inspiroitumiselle. Toiminnallisessa n\u00e4yttelyss\u00e4 p\u00e4\u00e4see lep\u00e4\u00e4m\u00e4\u00e4n kirjapatjalla, seilaamaan ja haaksirikkoutumaan ja avaamaan salaisuuksien kaapin sek\u00e4 inspiroitumaan minimaailmoista \u00e4\u00e4nimaailman lomassa. N\u00e4yttelyn tarkemmat tiedot l\u00f6ytyv\u00e4t <a href=\"https:\/\/www.laikku.fi\/rulla\/nayttelyt\">t\u00e4\u00e4lt\u00e4<\/a>.<\/p>\n<p>Vapaa p\u00e4\u00e4sy!<\/p>\n<p>Tapahtuman koko ohjelma:<\/p>\n<p><strong>Klo 10<\/strong><\/p>\n<p><strong>Rullan Estradi: Lorujumppa<\/strong><\/p>\n<p>Lorujumpassa hypit\u00e4\u00e4n, kierit\u00e4\u00e4n ja kiemurrellaan lorumaailmassa yhdess\u00e4 vanhemman tai muun oman aikuisen kanssa. Lorujumpan kesto noin 20 minuuttia ja se sopii kaikille ik\u00e4\u00e4n ja kokoon katsomatta. Ohjaajana Y\u00f6st\u00e4j\u00e4n Minna Kulmala.<\/p>\n<p><strong>Laikun musiikkisalin aula klo 10-16: Lastenkirjakauppa Satunurkan myyntipiste<\/strong><\/p>\n<p>Satunurkan myyntip\u00f6yt\u00e4 notkuu hyvist\u00e4 lasten- ja nuortenkirjoista. Voit my\u00f6s tehd\u00e4 laadukkaita lasten tietokirja- sek\u00e4 tarra- ja puuhakirjaostoksia. Maksuv\u00e4linein\u00e4 Satunurkan myyntipisteill\u00e4 k\u00e4yv\u00e4t pankkikortit, k\u00e4teinen ja MobilePay.<\/p>\n<p><strong>Klo 10.30<\/strong><\/p>\n<p><strong>Laikun Musiikkisali: Koipihumppa -esitys<\/strong><\/p>\n<p>Koipihumppa, musiikillinen satu lapsille, on n\u00e4yttelij\u00e4 Emilia Pokkisen ja huilisti P\u00e4ivi P\u00f6yh\u00f6sen lastenteatteriesitys, joka pohjautuu kirjailija Jukka Itkosen runoihin. Lapsille pit\u00e4\u00e4 tarjota parasta ja sit\u00e4 Itkosen tekstit ovat; hauskoja, hulluja ja hervottomia. Ne houkuttelevat teatterileikkiin, niin sanalliseen kuin liikunnalliseen irrotteluun. Kissat, koirat ja kuoriaiset saavat tarinoilleen tukea ja lis\u00e4potkua klassisten huilus\u00e4velmien ja villin \u00e4\u00e4nimaailman kautta. Esitys on suunnattu yli 3-vuotiaille lapsille ja pienille koululaisille, kesto 30 minuuttia.<\/p>\n<p><strong>Rullan Estradi: Y\u00f6st\u00e4j\u00e4n mielikuvitusurheilun lajitoimisto<\/strong><\/p>\n<p>Lajitoimistossa keksit\u00e4\u00e4n upouusia mielikuvitusurheilulajeja Mielikuvitus-urheilulajien Universuminmestaruus-International -kisoihin (M.U.U.M.I). Tule hakemaan oma kisapassisi lajitoimistosta! Nonstop koko tapahtuman ajan.<\/p>\n<p><strong>Rullan aula: Y\u00f6st\u00e4j\u00e4n urheilu-uutiskonttori<\/strong><\/p>\n<p>M.U.U.M.I -kisat (Mielikuvitus-urheilulajien Universuminmestaruus-International) k\u00e4yv\u00e4t kuumimmillaan! Urheilu-uutiskonttorissa p\u00e4\u00e4set laatimaan urheilu-uutisia omasta mielikuvitusurheilulajistasi. Nonstop koko p\u00e4iv\u00e4n ajan.<\/p>\n<p><strong>Rullan Estradi: Lastenkirjainstituutin Kirjakopla: Lukukuntoon kes\u00e4ksi!<\/strong><\/p>\n<p>Onko sinulle kertynyt muutama ylim\u00e4\u00e4r\u00e4inen kilo lukemattomia kirjoja? Heng\u00e4stytk\u00f6 jo muutaman sivun j\u00e4lkeen? Tule k\u00e4ym\u00e4\u00e4n Kirjakoplan pisteell\u00e4, ja personal lukutrainerit Aino-Maria ja Lotta tekev\u00e4t sinulle henkil\u00f6kohtaisen lukutreeniohjelman! Nonstop koko p\u00e4iv\u00e4n ajan.<\/p>\n<p><strong>Klo 11 <\/strong><\/p>\n<p><strong>Rullan ty\u00f6pajatila: Kuvittaja Sanna Pelliccioni <\/strong><\/p>\n<p>Ty\u00f6paja liittyen Lue minut -n\u00e4yttelyyn.\u00a0N\u00e4yttely perustuu kuvittaja Sanna Pelliccionin ideoimaan samannimiseen kirjaan, jonka kuvituksiin kirjailija Siri Kolu on tehnyt tekstit ja inspiraatioteht\u00e4v\u00e4t sanataideharjoituksineen. Kesto 45 min. Yhteisty\u00f6ss\u00e4 Kuvittajat ry.<\/p>\n<p><strong>\u00a0<\/strong><\/p>\n<p><strong>11.30 <\/strong><\/p>\n<p><strong>Rullan Estradi: Runojumppa, kirjailija Jade Haapasalon ja kuvittaja Miia Ojalan haastattelu <\/strong><\/p>\n<p><strong>\u00a0<\/strong><\/p>\n<p><strong>Klo 12<\/strong><\/p>\n<p><strong>Laikun Musiikkisali: Vimma-kirjoituskilpailun palkintotilaisuus <\/strong><\/p>\n<p>Tilaisuudessa julkistetaan Lastenkirjainstituutin ja Karisto Oy:n Sytyt\u00e4 lukemisen vimma! -kirjoituskilpailun voittaja. Kirjoituskilpailussa etsittiin erityisesti 11\u201314-vuotiaita poikia kiinnostavaa kaunokirjallista k\u00e4sikirjoitusta.<\/p>\n<p><strong>Rullan ty\u00f6pajatila: Kirjailija Jade Haapasalon ja kuvittaja Miia Ojalan satutuokio <\/strong><\/p>\n<p>Jade Haapasalon ja Miia Ojalan ty\u00f6paja perustuu ty\u00f6parin uuteen lastenkirjaan Nenne ja supervoimarohkeus. Ty\u00f6pajaan osallistuvien lasten kesken arvotaan uusia yll\u00e4tyskirjoja! Kesto n. 45 minuuttia.<\/p>\n<p><strong>Klo 13-15<\/strong><\/p>\n<p><strong>Kulttuuritalo Laikku, Rullan ty\u00f6pajatila: Suuri salapoliisirata<\/strong><\/p>\n<p>Y\u00f6st\u00e4j\u00e4n Salapoliisiradalla p\u00e4\u00e4set suorittamaan salapoliisiaiheista teht\u00e4v\u00e4\u00e4. Kuka on oma salapoliisihahmosi ja millaisen rikoksen j\u00e4ljille h\u00e4n p\u00e4\u00e4see? Tutki, nuuski ja l\u00f6yd\u00e4 salapoliisitarinan ainekset kulttuuritalo Laikusta! Teht\u00e4v\u00e4radan p\u00e4\u00e4tteeksi kirjailija Netta Walld\u00e9n ohjaa sinua Rullan ty\u00f6pajatilassa kokoamaan johtolangoista oman salapoliisitarinan. Yhteisty\u00f6ss\u00e4 Suomen nuorisokirjailijat ry.<\/p>\n<p><strong>Klo 14-16<\/strong><\/p>\n<p><strong>Laikun Musiikkisali: Kirjalitan Tarinadisco perheille<\/strong><\/p>\n<p>Tervetuloa leikkim\u00e4\u00e4n ja tanssimaan koko perheen voimin Kirjalitan Tarinadiscoon! Tarinadisco aloitetaan Supersankareiden perhe -leikkituokiolla, jossa suunnitellaan perheen\u00e4 omat supersankarihahmot. Leikiss\u00e4 ohjaaja antaa perheille erilaisia liikunnallisia ja toiminnallisia teht\u00e4vi\u00e4, joissa pit\u00e4\u00e4 ottaa huomioon koko perhe ja auttaa tarvittaessa muita. Voit tuoda mukanasi my\u00f6s omia supersankarivaatteita. Leikkituokion ohjaa Liikkuva Perhe-hankkeen liikunnanohjaaja Olli-Pekka Toikkonen.<\/p>\n<p>Tarinadiscossa julkistetaan my\u00f6s Kirjalitta-leikkikilpailun voittaja ja testataan parhaita leikki-ideoita. Pukeudu halutessasi kirjallisuuden henkil\u00f6ksi, paras puku palkitaan tietenkin kirjapalkinnoilla!<\/p>\n<p><strong>\u00a0<\/strong><\/p>\n","protected":false},"excerpt":{"rendered":"<p>Kirjalitan p\u00e4\u00e4tapahtumaa vietet\u00e4\u00e4n Lastenkulttuurikeskus Rullassa ja Kulttuuritalo Laikussa lauantaina 9.11.2019 klo 10-16. Tapahtumassa s\u00e4nt\u00e4ill\u00e4\u00e4n johtolankojen per\u00e4ss\u00e4, ihastellaan Koipihumppaa, harjoitellaan supervoimarohkeutta, keksit\u00e4\u00e4n upouusia mielikuvitusurheilulajeja, jumpataan runoja, leikit\u00e4\u00e4n supersankariperheiden voimin Tarinadiscossa ja annetaan kirjojen liikuttaa! Luvassa kirjailija- ja kuvittajavieraita, ty\u00f6pajoja, esityksi\u00e4 ja muuta sanataideohjelmaa koko perheelle. Pukeudu halutessasi kirjallisuuden henkil\u00f6ksi, paras puku [&hellip;]<\/p>\n","protected":false},"author":3,"featured_media":0,"parent":0,"menu_order":0,"comment_status":"closed","ping_status":"closed","template":"","meta":{"_themeisle_gutenberg_block_has_review":false,"footnotes":""},"class_list":["post-1680","page","type-page","status-publish","hentry"],"_links":{"self":[{"href":"https:\/\/kirjalitta.fi\/kirjalitta\/wp-json\/wp\/v2\/pages\/1680","targetHints":{"allow":["GET"]}}],"collection":[{"href":"https:\/\/kirjalitta.fi\/kirjalitta\/wp-json\/wp\/v2\/pages"}],"about":[{"href":"https:\/\/kirjalitta.fi\/kirjalitta\/wp-json\/wp\/v2\/types\/page"}],"author":[{"embeddable":true,"href":"https:\/\/kirjalitta.fi\/kirjalitta\/wp-json\/wp\/v2\/users\/3"}],"replies":[{"embeddable":true,"href":"https:\/\/kirjalitta.fi\/kirjalitta\/wp-json\/wp\/v2\/comments?post=1680"}],"version-history":[{"count":4,"href":"https:\/\/kirjalitta.fi\/kirjalitta\/wp-json\/wp\/v2\/pages\/1680\/revisions"}],"predecessor-version":[{"id":1697,"href":"https:\/\/kirjalitta.fi\/kirjalitta\/wp-json\/wp\/v2\/pages\/1680\/revisions\/1697"}],"wp:attachment":[{"href":"https:\/\/kirjalitta.fi\/kirjalitta\/wp-json\/wp\/v2\/media?parent=1680"}],"curies":[{"name":"wp","href":"https:\/\/api.w.org\/{rel}","templated":true}]}}