{"id":1553,"date":"2019-03-23T16:12:55","date_gmt":"2019-03-23T14:12:55","guid":{"rendered":"http:\/\/kirjalitta.fi\/?page_id=1553"},"modified":"2019-04-03T14:18:09","modified_gmt":"2019-04-03T11:18:09","slug":"kirjalittapalkaneella","status":"publish","type":"page","link":"https:\/\/kirjalitta.fi\/kirjalitta\/kirjalittapalkaneella\/","title":{"rendered":"Kirjalitta P\u00e4lk\u00e4neell\u00e4"},"content":{"rendered":"<p><img loading=\"lazy\" decoding=\"async\" src=\"https:\/\/kirjalitta.fi\/kirjalitta\/wp-content\/uploads\/2018\/10\/kiertuelogo1-1024x927.jpg\" alt=\"\" width=\"750\" height=\"679\" class=\"alignnone size-large wp-image-1381\" srcset=\"https:\/\/kirjalitta.fi\/kirjalitta\/wp-content\/uploads\/2018\/10\/kiertuelogo1-1024x927.jpg 1024w, https:\/\/kirjalitta.fi\/kirjalitta\/wp-content\/uploads\/2018\/10\/kiertuelogo1-300x272.jpg 300w, https:\/\/kirjalitta.fi\/kirjalitta\/wp-content\/uploads\/2018\/10\/kiertuelogo1-768x695.jpg 768w, https:\/\/kirjalitta.fi\/kirjalitta\/wp-content\/uploads\/2018\/10\/kiertuelogo1.jpg 1300w\" sizes=\"auto, (max-width: 750px) 100vw, 750px\" \/><\/p>\n<h2>Kirjalitta P\u00e4lk\u00e4neell\u00e4 6.4.2019<\/h2>\n<p>Lastenkirja- ja sanataidefestivaali Kirjalitta vierailee P\u00e4lk\u00e4neell\u00e4 huhtikuussa 2019. Kirjalitta -tapahtuma j\u00e4rjestet\u00e4\u00e4n P\u00e4lk\u00e4neen p\u00e4\u00e4kirjasto Arkissa ja Kostian koululla la 6.4.2019 klo 9.45-13 teemanaan sanoilla leikkiminen. Tapahtumassa esiintyv\u00e4t lastenkirjailijat Kaisa Happonen ja Kalle Veirto sek\u00e4 asiantuntijavieras, kulttuuritoimittaja Aleksis Salusj\u00e4rvi. Lis\u00e4ksi ohjelmassa on Sanataideyhdistys Y\u00f6st\u00e4j\u00e4n Sanasukelluksia, kirja-arvonta, lasten tekstej\u00e4 ja muuta kirjallisuusaiheista ohjelmaa. Tapahtuma on suunnattu erityisesti eri ik\u00e4isille lapsille ja perheille.<\/p>\n<p>P\u00e4lk\u00e4neen Kirjalitta -tapahtuman ohessa vietet\u00e4\u00e4n Kostian koululla koko koulun kirjallisuusp\u00e4iv\u00e4\u00e4. P\u00e4iv\u00e4n aikana eri luokka-asteet tutustuvat sanataiteen eri puoliin mm. nukketeatterin, kirjailijavierailun, sanataidepajojen ja Sanojen saaret- n\u00e4yttelyn muodossa. Sanojen saaret on lapsille suunnattu toiminnallinen sanataiden\u00e4yttely, joka kannustaa lukemaan, kokeilemaan ja k\u00e4ytt\u00e4m\u00e4\u00e4n omaa mielikuvitusta. N\u00e4yttely on esill\u00e4 Kostian koululla koko huhtikuun, ja my\u00f6s muiden koulujen luokkia rohkaistaan tutustumaan n\u00e4yttelyyn.<\/p>\n<p><b>P\u00c4IV\u00c4N AIKATAULU:<\/b><\/p>\n<p><span style=\"text-decoration: underline;\"><strong>Klo 9.45-11.15<\/strong> <\/span><\/p>\n<p><strong>Kirjailijavieraana Kalle Veirto: \u201dKirjoittaminen on helppoa kuin pitsansy\u00f6nti\u201d (Yhteiskoulun sali)<\/strong><\/p>\n<p>Esimerkiksi Etsiv\u00e4toimisto Henkka &amp; Kivimutka -kirjoista tuttu kirjailija Kalle Veirto k\u00e4sittelee vierailullaan kirjoittamista ja lukemista, lukemista ja kirjoittamista k\u00e4si k\u00e4dess\u00e4 ja maanl\u00e4heisesti.<\/p>\n<p><span style=\"text-decoration: underline;\"><strong>Klo 10-13<\/strong><\/span><\/p>\n<p><strong>10:30 Kirjailijavieraana Kaisa Happonen (p\u00e4\u00e4kirjasto Arkki)<\/strong><\/p>\n<p>Lastenkirjailija Kaisa Happosen ohjauksessa luodaan kev\u00e4isi\u00e4 ja merellisi\u00e4 runos\u00e4keit\u00e4 ja askarrellaan runokortteja. Sopii kaiken ik\u00e4isille.<\/p>\n<p><strong>Sanataideyhdistys Y\u00f6st\u00e4j\u00e4n Sanasukelluksia (p\u00e4\u00e4kirjasto Arkki)<\/strong><\/p>\n<p>Y\u00f6st\u00e4j\u00e4n Sanasukelluksessa leikitell\u00e4\u00e4n sanoilla ja ongitaan ikiomia runokaloja suoraan sanamerest\u00e4. Tarttuuko onkeesi mitallinen sintti tai vapaamittainen vonkale? Sopii kaikenik\u00e4isille.<\/p>\n<p><strong>Klo 11.30-12.15 Asiantuntijavieraana Aleksis Salusj\u00e4rvi (Kostian koulu)<\/strong><\/p>\n<p>Hetki vanhemmille. Kansallisen lukutaitofoorumin asiantuntija Aleksis Salusj\u00e4rvi luennoi lukemisen t\u00e4rkeydest\u00e4. Lukutaito on elinehto. Mutta miksi?<\/p>\n<p><strong>Klo 12.30-13 Sanataideyhdistys Y\u00f6st\u00e4j\u00e4n Lorukylpy (P\u00e4\u00e4kirjasto Arkki, satuhuone)<\/strong><\/p>\n<p>Lorukylvyss\u00e4 tutustutaan sanataideopettajan johdolla sek\u00e4 perinteisiin ett\u00e4 uusiin loruleikkeihin taputellen ja t\u00f6mistellen, kuiskutellen ja keinutellen. Lorukylpyyn voi sukeltaa \u00e4idin, is\u00e4n tai vaikka isovanhemman kanssa. Kesto 30 minuuttia, sopii kaikille alle kouluik\u00e4isille. Lorukylvyn ohjaa sanataideopettaja Pia Krutsin. Ilmoittaudu ennakkoon osoitteeseen posti(a)yostaja.fi, niin osaamme varautua tuloosi!<\/p>\n<p><strong>Lis\u00e4ksi ohjelmassa:<\/strong><\/p>\n<p>Kirja-arvonta. Voita arvoituksellinen kirjapalkinto!<\/p>\n<p>Lastenkirjakauppa Satunurkan myyntipiste. Satunurkan myyntip\u00f6yt\u00e4 notkuu hyvist\u00e4 lasten- ja nuortenkirjoista. Voit my\u00f6s tehd\u00e4 laadukkaita lasten tietokirja- sek\u00e4 tarra- ja puuhakirjaostoksia. Maksuv\u00e4linein\u00e4 Satunurkan myyntipisteill\u00e4 k\u00e4yv\u00e4t pankkikortit, k\u00e4teinen ja MobilePay.<\/p>\n<p>Kirjaston p\u00e4ivyst\u00e4v\u00e4t kirjavinkkarit<\/p>\n","protected":false},"excerpt":{"rendered":"<p>Kirjalitta P\u00e4lk\u00e4neell\u00e4 6.4.2019 Lastenkirja- ja sanataidefestivaali Kirjalitta vierailee P\u00e4lk\u00e4neell\u00e4 huhtikuussa 2019. Kirjalitta -tapahtuma j\u00e4rjestet\u00e4\u00e4n P\u00e4lk\u00e4neen p\u00e4\u00e4kirjasto Arkissa ja Kostian koululla la 6.4.2019 klo 9.45-13 teemanaan sanoilla leikkiminen. Tapahtumassa esiintyv\u00e4t lastenkirjailijat Kaisa Happonen ja Kalle Veirto sek\u00e4 asiantuntijavieras, kulttuuritoimittaja Aleksis Salusj\u00e4rvi. Lis\u00e4ksi ohjelmassa on Sanataideyhdistys Y\u00f6st\u00e4j\u00e4n Sanasukelluksia, kirja-arvonta, lasten tekstej\u00e4 ja [&hellip;]<\/p>\n","protected":false},"author":3,"featured_media":1381,"parent":0,"menu_order":0,"comment_status":"closed","ping_status":"closed","template":"","meta":{"_themeisle_gutenberg_block_has_review":false,"footnotes":""},"class_list":["post-1553","page","type-page","status-publish","has-post-thumbnail","hentry"],"_links":{"self":[{"href":"https:\/\/kirjalitta.fi\/kirjalitta\/wp-json\/wp\/v2\/pages\/1553","targetHints":{"allow":["GET"]}}],"collection":[{"href":"https:\/\/kirjalitta.fi\/kirjalitta\/wp-json\/wp\/v2\/pages"}],"about":[{"href":"https:\/\/kirjalitta.fi\/kirjalitta\/wp-json\/wp\/v2\/types\/page"}],"author":[{"embeddable":true,"href":"https:\/\/kirjalitta.fi\/kirjalitta\/wp-json\/wp\/v2\/users\/3"}],"replies":[{"embeddable":true,"href":"https:\/\/kirjalitta.fi\/kirjalitta\/wp-json\/wp\/v2\/comments?post=1553"}],"version-history":[{"count":7,"href":"https:\/\/kirjalitta.fi\/kirjalitta\/wp-json\/wp\/v2\/pages\/1553\/revisions"}],"predecessor-version":[{"id":1569,"href":"https:\/\/kirjalitta.fi\/kirjalitta\/wp-json\/wp\/v2\/pages\/1553\/revisions\/1569"}],"wp:featuredmedia":[{"embeddable":true,"href":"https:\/\/kirjalitta.fi\/kirjalitta\/wp-json\/wp\/v2\/media\/1381"}],"wp:attachment":[{"href":"https:\/\/kirjalitta.fi\/kirjalitta\/wp-json\/wp\/v2\/media?parent=1553"}],"curies":[{"name":"wp","href":"https:\/\/api.w.org\/{rel}","templated":true}]}}