{"id":1511,"date":"2019-01-14T09:48:56","date_gmt":"2019-01-14T07:48:56","guid":{"rendered":"http:\/\/kirjalitta.fi\/?page_id=1511"},"modified":"2019-01-14T09:48:56","modified_gmt":"2019-01-14T07:48:56","slug":"kirjalitta-valkeakoskella","status":"publish","type":"page","link":"https:\/\/kirjalitta.fi\/kirjalitta\/kirjalitta-valkeakoskella\/","title":{"rendered":"Kirjalitta Valkeakoskella"},"content":{"rendered":"<h2><img loading=\"lazy\" decoding=\"async\" src=\"https:\/\/kirjalitta.fi\/kirjalitta\/wp-content\/uploads\/2018\/10\/kiertuelogo1-1024x927.jpg\" alt=\"\" class=\"alignnone size-large wp-image-1381\" width=\"750\" height=\"679\" srcset=\"https:\/\/kirjalitta.fi\/kirjalitta\/wp-content\/uploads\/2018\/10\/kiertuelogo1-1024x927.jpg 1024w, https:\/\/kirjalitta.fi\/kirjalitta\/wp-content\/uploads\/2018\/10\/kiertuelogo1-300x272.jpg 300w, https:\/\/kirjalitta.fi\/kirjalitta\/wp-content\/uploads\/2018\/10\/kiertuelogo1-768x695.jpg 768w, https:\/\/kirjalitta.fi\/kirjalitta\/wp-content\/uploads\/2018\/10\/kiertuelogo1.jpg 1300w\" sizes=\"auto, (max-width: 750px) 100vw, 750px\" \/><\/h2>\n<h2>Kirjalitta Valkeakoskella<\/h2>\n<p>Kirjalitta-tapahtuma j\u00e4rjestet\u00e4\u00e4n <strong>Valkeakosken p\u00e4\u00e4kirjastolla la 26.1.2019 klo 11-15<\/strong>. Tapahtuman teemana on fantasiamets\u00e4. P\u00e4iv\u00e4n ohjelmassa on kirjailija Sari Peltoniemen fantasiaty\u00f6paja lapsille, Sanataideyhdistys Y\u00f6st\u00e4j\u00e4n Satuhahmoanalyysi ja Lorukylpy, Lastenkirjainstituutin toiminnanjohtajan Kaisa Laaksosen Suuri lukuseikkailu -luento sek\u00e4 fantasiakirja-arvonta.<\/p>\n<p>Lis\u00e4ksi tarjolla on Valkeakosken teatteriopiston Late IV -ryhm\u00e4n improesitys, Valkeakosken musiikkiopiston \u00e4\u00e4nimaisematy\u00f6paja sek\u00e4 kirjaston oma kollaasirunoty\u00f6paja. Kuvataide- ja k\u00e4sity\u00f6koulu Emil on luonut tapahtumaan upean fantasiamets\u00e4-n\u00e4yttelyn, joka on esill\u00e4 kirjastossa la 26.1. \u2013 la 16.2. Tapahtuman tarjoilusta vastaa Valkeakosken Pelastakaa lapset ry:n pop-up -kahvila.<\/p>\n<p>Maksuton tapahtuma on suunnattu erityisesti eri ik\u00e4isille lapsille ja perheille.<\/p>\n<p><strong>Ohjelman aikataulu:<\/strong><\/p>\n<p>Klo 11-11.45<br \/>\nSanataideyhdistys Y\u00f6st\u00e4j\u00e4n Lorukylpy (Satuhuone)<br \/>\nLorukylvyss\u00e4 tutustutaan sanataideopettajan johdolla sek\u00e4 perinteisiin ett\u00e4 uusiin loruleikkeihin taputellen ja t\u00f6mistellen, kuiskutellen ja keinutellen. Kesto 45 minuuttia, alle kouluik\u00e4isille aikuisen kanssa.<\/p>\n<p>Klo 11.30-12.30<br \/>\nImproesitys (Lastenosasto)<br \/>\nTeatteriopiston Late IV -ryhm\u00e4 avaa kuvitteellisen television lasten katsottavaksi. Fantasiaa ja satuhahmoja, mutta my\u00f6s todellisuutta sadunomaisesti lasten toiveita noudattaen.<\/p>\n<p>Klo 12-14<br \/>\nTarinoiden s\u00e4velmets\u00e4 (Satuhuone)<br \/>\nTule tekem\u00e4\u00e4n \u00e4\u00e4nimaisema tarinaan! Ty\u00f6pajassa tehd\u00e4\u00e4n tarinasta musiikkia ja musiikista tarinaa. Mit\u00e4\u00e4n musiikillisia ennakkotaitoja ei tarvita. Pajan kesto n. 15min \/ryhm\u00e4. Ty\u00f6pajan tarjoaa Valkeakosken musiikkiopisto ja sit\u00e4 ohjaa musiikkipedagogi Anni Pietarila.<\/p>\n<p>Klo 12.30-15<br \/>\nY\u00f6st\u00e4j\u00e4n Satuhahmoanalyysi, nonstop (Lastenosasto). Tule selvitt\u00e4m\u00e4\u00e4n, mik\u00e4 fantasiaolento itse olisit!<\/p>\n<p>Klo 13-14.30<br \/>\nKirjailija Sari Peltoniemen fantasia-aiheinen ty\u00f6paja (Taideosasto)<\/p>\n<p>Klo 13-15<br \/>\nKollaasirunoty\u00f6paja (Lastenosasto). Ohjaajana kirjastonhoitaja Minna Edgren.<\/p>\n<p>Klo 14-15<br \/>\nSuuri Lukuseikkailu-luento aikuisille (Satuhuone)<br \/>\nKuinka innostaa eri-ik\u00e4isi\u00e4 lapsia lukemaan? Mist\u00e4 l\u00f6ytyy jokaiselle lapselle ja nuorelle oikea kirja? Suuri lukuseikkailu -luento tarjoaa vinkkej\u00e4 lasten ja nuorten lukuinnon sytytt\u00e4miseen niin vanhemmille, muille lasten l\u00e4heisille kuin opettajillekin. Luennoitsijana Lastenkirjainstituutin toiminnanjohtaja ja Suuri lukuseikkailu-kirjan kirjoittaja Kaisa Laaksonen.<\/p>\n<p><strong>Lis\u00e4ksi ohjelmassa:<\/strong><\/p>\n<p>Kirja-arvonta<\/p>\n<p>Valkeakosken Pelastakaa lapset ry:n pop-up -kahvila<\/p>\n<p>Kuvataide- ja k\u00e4sity\u00f6koulu Emilin fantasiamets\u00e4-n\u00e4yttely la 26.1. \u2013 la 16.2.<\/p>\n<p>Saavu paikalle fantasiaolennon asussa!<\/p>\n","protected":false},"excerpt":{"rendered":"<p>Kirjalitta Valkeakoskella Kirjalitta-tapahtuma j\u00e4rjestet\u00e4\u00e4n Valkeakosken p\u00e4\u00e4kirjastolla la 26.1.2019 klo 11-15. Tapahtuman teemana on fantasiamets\u00e4. P\u00e4iv\u00e4n ohjelmassa on kirjailija Sari Peltoniemen fantasiaty\u00f6paja lapsille, Sanataideyhdistys Y\u00f6st\u00e4j\u00e4n Satuhahmoanalyysi ja Lorukylpy, Lastenkirjainstituutin toiminnanjohtajan Kaisa Laaksosen Suuri lukuseikkailu -luento sek\u00e4 fantasiakirja-arvonta. Lis\u00e4ksi tarjolla on Valkeakosken teatteriopiston Late IV -ryhm\u00e4n improesitys, Valkeakosken musiikkiopiston \u00e4\u00e4nimaisematy\u00f6paja sek\u00e4 kirjaston [&hellip;]<\/p>\n","protected":false},"author":3,"featured_media":1381,"parent":0,"menu_order":0,"comment_status":"closed","ping_status":"closed","template":"","meta":{"_themeisle_gutenberg_block_has_review":false,"footnotes":""},"class_list":["post-1511","page","type-page","status-publish","has-post-thumbnail","hentry"],"_links":{"self":[{"href":"https:\/\/kirjalitta.fi\/kirjalitta\/wp-json\/wp\/v2\/pages\/1511","targetHints":{"allow":["GET"]}}],"collection":[{"href":"https:\/\/kirjalitta.fi\/kirjalitta\/wp-json\/wp\/v2\/pages"}],"about":[{"href":"https:\/\/kirjalitta.fi\/kirjalitta\/wp-json\/wp\/v2\/types\/page"}],"author":[{"embeddable":true,"href":"https:\/\/kirjalitta.fi\/kirjalitta\/wp-json\/wp\/v2\/users\/3"}],"replies":[{"embeddable":true,"href":"https:\/\/kirjalitta.fi\/kirjalitta\/wp-json\/wp\/v2\/comments?post=1511"}],"version-history":[{"count":1,"href":"https:\/\/kirjalitta.fi\/kirjalitta\/wp-json\/wp\/v2\/pages\/1511\/revisions"}],"predecessor-version":[{"id":1512,"href":"https:\/\/kirjalitta.fi\/kirjalitta\/wp-json\/wp\/v2\/pages\/1511\/revisions\/1512"}],"wp:featuredmedia":[{"embeddable":true,"href":"https:\/\/kirjalitta.fi\/kirjalitta\/wp-json\/wp\/v2\/media\/1381"}],"wp:attachment":[{"href":"https:\/\/kirjalitta.fi\/kirjalitta\/wp-json\/wp\/v2\/media?parent=1511"}],"curies":[{"name":"wp","href":"https:\/\/api.w.org\/{rel}","templated":true}]}}