{"id":1489,"date":"2018-11-28T13:05:06","date_gmt":"2018-11-28T11:05:06","guid":{"rendered":"http:\/\/kirjalitta.fi\/?page_id=1489"},"modified":"2018-11-28T13:05:06","modified_gmt":"2018-11-28T11:05:06","slug":"kirjalitta-pirkkalassa","status":"publish","type":"page","link":"https:\/\/kirjalitta.fi\/kirjalitta\/kirjalitta-pirkkalassa\/","title":{"rendered":"Kirjalitta Pirkkalassa"},"content":{"rendered":"<p><img loading=\"lazy\" decoding=\"async\" src=\"https:\/\/kirjalitta.fi\/kirjalitta\/wp-content\/uploads\/2018\/10\/kiertuelogo1-1024x927.jpg\" alt=\"\" class=\"aligncenter wp-image-1381 size-large\" width=\"750\" height=\"679\" srcset=\"https:\/\/kirjalitta.fi\/kirjalitta\/wp-content\/uploads\/2018\/10\/kiertuelogo1-1024x927.jpg 1024w, https:\/\/kirjalitta.fi\/kirjalitta\/wp-content\/uploads\/2018\/10\/kiertuelogo1-300x272.jpg 300w, https:\/\/kirjalitta.fi\/kirjalitta\/wp-content\/uploads\/2018\/10\/kiertuelogo1-768x695.jpg 768w, https:\/\/kirjalitta.fi\/kirjalitta\/wp-content\/uploads\/2018\/10\/kiertuelogo1.jpg 1300w\" sizes=\"auto, (max-width: 750px) 100vw, 750px\" \/><\/p>\n<h2>Kirjalitta Pirkkalassa 8.12.2018 klo 10-15<\/h2>\n<p>Kirjalitta-tapahtuma j\u00e4rjestet\u00e4\u00e4n Pirkkalan p\u00e4\u00e4kirjastossa la 8.12.2018 klo 10-15 aiheenaan historia ja fantasia. Tapahtuman ohjelmassa on kirjailija P\u00e4ivi Alasalmen esiintyminen ja ty\u00f6paja lapsille, Sanataideyhdistys Y\u00f6st\u00e4j\u00e4n sanataideohjelmaa koko p\u00e4iv\u00e4ksi, Lastenkirjainstituutin toiminnanjohtaja Kaisa Laaksosen Suuri lukuseikkailu -luento aikuisille, kirjavinkkausta sek\u00e4 lasten tekstin\u00e4yttelyit\u00e4. Tapahtuma on suunnattu erityisesti eri ik\u00e4isille lapsille ja perheille.<\/p>\n<p>Tapahtumap\u00e4iv\u00e4ss\u00e4 p\u00e4\u00e4st\u00e4\u00e4n tutustumaan my\u00f6s kiert\u00e4v\u00e4\u00e4n Sanojen saaret -n\u00e4yttelyyn, joka on esill\u00e4 Pirkkalan kirjastolla useamman viikon ajan. Sanojen saaret on lapsille suunnattu toiminnallinen sanataiden\u00e4yttely, joka kannustaa lukemaan, kokeilemaan ja k\u00e4ytt\u00e4m\u00e4\u00e4n omaa mielikuvitusta. N\u00e4yttely tuo esiin sanataiteen monimuotoisuuden ja inspiroi k\u00e4vij\u00f6it\u00e4 kertomaan ja kirjoittamaan my\u00f6s itse. Viikolla 49 Pirkkalan katukuvasta voi l\u00f6yt\u00e4\u00e4 my\u00f6s Sanataideyhdistys Y\u00f6st\u00e4j\u00e4n sanataideoppilaiden tekstej\u00e4 teemalla \u201dLue luontoa\u201d.<\/p>\n<p><strong>Tapahtumap\u00e4iv\u00e4n ohjelma:<\/strong><\/p>\n<p>Kirjalitta Pirkkalan p\u00e4\u00e4kirjastossa la 8.12.2018 klo 10-15<\/p>\n<p>Klo 10<br \/>\nSatutunti klo 10.00-10.30 (Satulampi)<br \/>\nY\u00f6st\u00e4j\u00e4n Fantasiaolentobiologia ja Luontorunopiste klo 10-15 (Musiikkiosasto)<\/p>\n<p>Klo 11<br \/>\nFantasiakirjavinkkaus<\/p>\n<p>Klo 12<br \/>\nKirjailija P\u00e4ivi Alasalmen fantasia-aiheinen ty\u00f6paja klo 12-13.30 (Satulampi)<\/p>\n<p>Klo 14<br \/>\nKirja-arvonta (Satulampi)<\/p>\n<p>Lastenkirjainstituutin toiminnanjohtaja Kaisa Laaksosen Suuri Lukuseikkailu-luento aikuisille klo 14-15 (Galleria)<\/p>\n<p>Lis\u00e4ksi koko p\u00e4iv\u00e4n esill\u00e4:<\/p>\n<p>Sanojen saaret -sanataiden\u00e4yttely (kokoushuone)<\/p>\n<p>N\u00e4yttely Pirkkalan 2. luokkalaisten Satusarja<span>kuvista<\/span><\/p>\n<p>Lue luontoa -sanataiden\u00e4yttelyn tekstej\u00e4<\/p>\n<p>&nbsp;<\/p>\n<p>&nbsp;<\/p>\n","protected":false},"excerpt":{"rendered":"<p>Kirjalitta Pirkkalassa 8.12.2018 klo 10-15 Kirjalitta-tapahtuma j\u00e4rjestet\u00e4\u00e4n Pirkkalan p\u00e4\u00e4kirjastossa la 8.12.2018 klo 10-15 aiheenaan historia ja fantasia. Tapahtuman ohjelmassa on kirjailija P\u00e4ivi Alasalmen esiintyminen ja ty\u00f6paja lapsille, Sanataideyhdistys Y\u00f6st\u00e4j\u00e4n sanataideohjelmaa koko p\u00e4iv\u00e4ksi, Lastenkirjainstituutin toiminnanjohtaja Kaisa Laaksosen Suuri lukuseikkailu -luento aikuisille, kirjavinkkausta sek\u00e4 lasten tekstin\u00e4yttelyit\u00e4. Tapahtuma on suunnattu erityisesti eri ik\u00e4isille [&hellip;]<\/p>\n","protected":false},"author":3,"featured_media":0,"parent":0,"menu_order":0,"comment_status":"closed","ping_status":"closed","template":"","meta":{"_themeisle_gutenberg_block_has_review":false,"footnotes":""},"class_list":["post-1489","page","type-page","status-publish","hentry"],"_links":{"self":[{"href":"https:\/\/kirjalitta.fi\/kirjalitta\/wp-json\/wp\/v2\/pages\/1489","targetHints":{"allow":["GET"]}}],"collection":[{"href":"https:\/\/kirjalitta.fi\/kirjalitta\/wp-json\/wp\/v2\/pages"}],"about":[{"href":"https:\/\/kirjalitta.fi\/kirjalitta\/wp-json\/wp\/v2\/types\/page"}],"author":[{"embeddable":true,"href":"https:\/\/kirjalitta.fi\/kirjalitta\/wp-json\/wp\/v2\/users\/3"}],"replies":[{"embeddable":true,"href":"https:\/\/kirjalitta.fi\/kirjalitta\/wp-json\/wp\/v2\/comments?post=1489"}],"version-history":[{"count":3,"href":"https:\/\/kirjalitta.fi\/kirjalitta\/wp-json\/wp\/v2\/pages\/1489\/revisions"}],"predecessor-version":[{"id":1492,"href":"https:\/\/kirjalitta.fi\/kirjalitta\/wp-json\/wp\/v2\/pages\/1489\/revisions\/1492"}],"wp:attachment":[{"href":"https:\/\/kirjalitta.fi\/kirjalitta\/wp-json\/wp\/v2\/media?parent=1489"}],"curies":[{"name":"wp","href":"https:\/\/api.w.org\/{rel}","templated":true}]}}