{"id":1016,"date":"2018-10-03T20:23:30","date_gmt":"2018-10-03T17:23:30","guid":{"rendered":"http:\/\/kirjalitta.fi\/?page_id=1016"},"modified":"2022-08-26T13:44:00","modified_gmt":"2022-08-26T10:44:00","slug":"kirjalitta-2018","status":"publish","type":"page","link":"https:\/\/kirjalitta.fi\/kirjalitta\/kirjalitta-2018\/","title":{"rendered":"Kirjalitta 2018: Lue luontoa!"},"content":{"rendered":"<p><a href=\"https:\/\/kirjalitta.fi\/kirjalitta\/wp-content\/uploads\/2018\/10\/lueluontoa.jpg\"><img loading=\"lazy\" decoding=\"async\" src=\"https:\/\/kirjalitta.fi\/kirjalitta\/wp-content\/uploads\/2018\/10\/lueluontoa-1024x576.jpg\" alt=\"\" class=\"alignnone size-large wp-image-1060\" width=\"750\" height=\"422\" srcset=\"https:\/\/kirjalitta.fi\/kirjalitta\/wp-content\/uploads\/2018\/10\/lueluontoa-1024x576.jpg 1024w, https:\/\/kirjalitta.fi\/kirjalitta\/wp-content\/uploads\/2018\/10\/lueluontoa-300x169.jpg 300w, https:\/\/kirjalitta.fi\/kirjalitta\/wp-content\/uploads\/2018\/10\/lueluontoa-768x432.jpg 768w, https:\/\/kirjalitta.fi\/kirjalitta\/wp-content\/uploads\/2018\/10\/lueluontoa-800x450.jpg 800w, https:\/\/kirjalitta.fi\/kirjalitta\/wp-content\/uploads\/2018\/10\/lueluontoa.jpg 1920w\" sizes=\"auto, (max-width: 750px) 100vw, 750px\" \/><\/a><\/p>\n<p>Nelj\u00e4tt\u00e4 kertaa j\u00e4rjestett\u00e4v\u00e4 Kirjalitta kutsuu t\u00e4n\u00e4 vuonna osallistujat mukaan teemalla Lue luontoa!<\/p>\n<p>Kirjalitta levitt\u00e4ytyy 5.-11.11.2018 v\u00e4lisen\u00e4 aikana ymp\u00e4ri kaupungin katukuvaa ja kulttuurikeskuksia. Lastenkirjallisuuteen ja sanataiteeseen liittyv\u00e4\u00e4 ohjelmaa j\u00e4rjestet\u00e4\u00e4n muun muassa Laivapuiston perhetalossa, Tampereen Tarinatehtaalla (Finlayson) sek\u00e4 Lastenkulttuurikeskus Rullassa. Festivaaliviikon ohjelma rakentuu eri ik\u00e4isille suunnatuista ty\u00f6pajoista, esityksist\u00e4, n\u00e4yttelyist\u00e4 ja kirjailijavierailuista.<\/p>\n<p>My\u00f6s aiemmilta vuosilta tuttu Nuoret kirjoittavat kaupunkia -sanataiden\u00e4yttely valtaa t\u00e4n\u00e4 vuonna kaupungin laajempana kuin koskaan ennen. N\u00e4yttely tekee lasten ja nuorten sanataiteen n\u00e4kyv\u00e4ksi kaupungissa &#8211; Patosillalta Kauppiin saakka.<\/p>\n<p>Viikko huipentuu p\u00e4\u00e4tapahtumaan Kulttuuritalo Laikussa lauantaina 10.11.2018. P\u00e4\u00e4tapahtuman juontaa Katti Matikainen.<\/p>\n<p>Ahaa Teatterin, Muumimuseon ja Liikelaiturin ohjelmaa lukuunottamatta tapahtumat ovat maksuttomia ja kaikille avoimia. Osaan tapahtumista on ennakkoilmoittautuminen.<\/p>\n<p>T\u00e4n\u00e4 vuonna Kirjalitta nostaa esille luontoa ja ymp\u00e4rist\u00f6nsuojelua teemalla Lue luontoa!<\/p>\n<p>Kirjalittaa voi seurata my\u00f6s somessa tunnisteilla #kirjalitta ja #lueluontoa.<\/p>\n<h2>Tutustu ohjelmaan:<\/h2>\n<p><a href=\"https:\/\/kirjalitta.fi\/kirjalitta\/kirjalitta-2018\/viikon-ohjelma-2018\/\">Ohjelma 3.-11.11.2018<\/a><\/p>\n<p><a href=\"https:\/\/kirjalitta.fi\/kirjalitta\/kirjalitta-2018\/paatapahtuma-10-11\/\">P\u00e4\u00e4tapahtuma lauantaina 10.11.2018<\/a><\/p>\n<p><a href=\"https:\/\/kirjalitta.fi\/kirjalitta\/iltasadunaika\/\">Iltasadun aika ke 7.11.2018<\/a><a href=\"https:\/\/kirjalitta.fi\/kirjalitta\/kirjalitta-2018\/paatapahtuma-10-11\/\"><\/a><\/p>\n<p><a href=\"https:\/\/kirjalitta.fi\/kirjalitta\/kirjaviisaat\/\">Kirjaviisaat-kirjatietokilpailu<\/a><\/p>\n<p><a href=\"https:\/\/kirjalitta.fi\/kirjalitta\/satukatkot\/\">Satuk\u00e4tk\u00f6t<\/a><\/p>\n<p><a href=\"https:\/\/kirjalitta.fi\/kirjalitta\/isat-lukevat-lapsille\/\">Is\u00e4t lukevat lapsille<\/a><\/p>\n","protected":false},"excerpt":{"rendered":"<p>Nelj\u00e4tt\u00e4 kertaa j\u00e4rjestett\u00e4v\u00e4 Kirjalitta kutsuu t\u00e4n\u00e4 vuonna osallistujat mukaan teemalla Lue luontoa! Kirjalitta levitt\u00e4ytyy 5.-11.11.2018 v\u00e4lisen\u00e4 aikana ymp\u00e4ri kaupungin katukuvaa ja kulttuurikeskuksia. Lastenkirjallisuuteen ja sanataiteeseen liittyv\u00e4\u00e4 ohjelmaa j\u00e4rjestet\u00e4\u00e4n muun muassa Laivapuiston perhetalossa, Tampereen Tarinatehtaalla (Finlayson) sek\u00e4 Lastenkulttuurikeskus Rullassa. Festivaaliviikon ohjelma rakentuu eri ik\u00e4isille suunnatuista ty\u00f6pajoista, esityksist\u00e4, n\u00e4yttelyist\u00e4 ja kirjailijavierailuista. My\u00f6s [&hellip;]<\/p>\n","protected":false},"author":1,"featured_media":0,"parent":0,"menu_order":0,"comment_status":"closed","ping_status":"closed","template":"","meta":{"_themeisle_gutenberg_block_has_review":false,"footnotes":""},"class_list":["post-1016","page","type-page","status-publish","hentry"],"_links":{"self":[{"href":"https:\/\/kirjalitta.fi\/kirjalitta\/wp-json\/wp\/v2\/pages\/1016","targetHints":{"allow":["GET"]}}],"collection":[{"href":"https:\/\/kirjalitta.fi\/kirjalitta\/wp-json\/wp\/v2\/pages"}],"about":[{"href":"https:\/\/kirjalitta.fi\/kirjalitta\/wp-json\/wp\/v2\/types\/page"}],"author":[{"embeddable":true,"href":"https:\/\/kirjalitta.fi\/kirjalitta\/wp-json\/wp\/v2\/users\/1"}],"replies":[{"embeddable":true,"href":"https:\/\/kirjalitta.fi\/kirjalitta\/wp-json\/wp\/v2\/comments?post=1016"}],"version-history":[{"count":29,"href":"https:\/\/kirjalitta.fi\/kirjalitta\/wp-json\/wp\/v2\/pages\/1016\/revisions"}],"predecessor-version":[{"id":2565,"href":"https:\/\/kirjalitta.fi\/kirjalitta\/wp-json\/wp\/v2\/pages\/1016\/revisions\/2565"}],"wp:attachment":[{"href":"https:\/\/kirjalitta.fi\/kirjalitta\/wp-json\/wp\/v2\/media?parent=1016"}],"curies":[{"name":"wp","href":"https:\/\/api.w.org\/{rel}","templated":true}]}}